{"id":22615,"date":"2026-03-09T16:30:08","date_gmt":"2026-03-09T15:30:08","guid":{"rendered":"https:\/\/herbaltattoo.eu\/produkt\/duveruj-si\/"},"modified":"2026-03-09T16:30:08","modified_gmt":"2026-03-09T15:30:08","slug":"duveruj-si","status":"publish","type":"product","link":"https:\/\/herbaltattoo.eu\/cs\/produkt\/duveruj-si\/","title":{"rendered":"D\u016fv\u011b\u0159uj si"},"content":{"rendered":"<p>Tetov\u00e1n\u00ed <strong data-start=\"59\" data-end=\"77\">\u201eD\u016fv\u011b\u0159uj si\u201c<\/strong> symbolizuje sebed\u016fv\u011bru, odvahu a nez\u00e1vislost. Je p\u0159ipom\u00ednkou, \u017ee nejd\u016fle\u017eit\u011bj\u0161\u00ed odpov\u011bdi jsou uvnit\u0159 a stoj\u00ed za to naslouchat vlastn\u00ed intuici. Je to znamen\u00ed s\u00edly, seberozvoje a n\u00e1sledov\u00e1n\u00ed vlastn\u00ed cesty.  <\/p>\n","protected":false},"excerpt":{"rendered":"<p>Tetov\u00e1n\u00ed \u201eD\u016fv\u011b\u0159uj si\u201c symbolizuje sebed\u016fv\u011bru, odvahu a nez\u00e1vislost. Je p\u0159ipom\u00ednkou, \u017ee nejd\u016fle\u017eit\u011bj\u0161\u00ed odpov\u011bdi jsou uvnit\u0159 a stoj\u00ed za to naslouchat vlastn\u00ed intuici. Je to znamen\u00ed s\u00edly, seberozvoje a n\u00e1sledov\u00e1n\u00ed vlastn\u00ed cesty.<\/p>\n","protected":false},"featured_media":22353,"template":"","meta":{"_monsterinsights_skip_tracking":false,"_monsterinsights_sitenote_active":false,"_monsterinsights_sitenote_note":"","_monsterinsights_sitenote_category":0,"_kadence_starter_templates_imported_post":false,"_kad_post_transparent":"","_kad_post_title":"","_kad_post_layout":"","_kad_post_sidebar_id":"","_kad_post_content_style":"","_kad_post_vertical_padding":"","_kad_post_feature":"","_kad_post_feature_position":"","_kad_post_header":false,"_kad_post_footer":false,"_kad_post_classname":""},"product_brand":[],"product_cat":[80,77],"product_tag":[],"class_list":{"0":"post-22615","1":"product","2":"type-product","3":"status-publish","4":"has-post-thumbnail","6":"product_cat-plne-tetovani","7":"product_cat-vse","9":"first","10":"instock","11":"taxable","12":"shipping-taxable","13":"purchasable","14":"product-type-simple","15":"entry","16":"content-bg","17":"loop-entry"},"jetpack_sharing_enabled":true,"_links":{"self":[{"href":"https:\/\/herbaltattoo.eu\/cs\/wp-json\/wp\/v2\/product\/22615","targetHints":{"allow":["GET"]}}],"collection":[{"href":"https:\/\/herbaltattoo.eu\/cs\/wp-json\/wp\/v2\/product"}],"about":[{"href":"https:\/\/herbaltattoo.eu\/cs\/wp-json\/wp\/v2\/types\/product"}],"wp:featuredmedia":[{"embeddable":true,"href":"https:\/\/herbaltattoo.eu\/cs\/wp-json\/wp\/v2\/media\/22353"}],"wp:attachment":[{"href":"https:\/\/herbaltattoo.eu\/cs\/wp-json\/wp\/v2\/media?parent=22615"}],"wp:term":[{"taxonomy":"product_brand","embeddable":true,"href":"https:\/\/herbaltattoo.eu\/cs\/wp-json\/wp\/v2\/product_brand?post=22615"},{"taxonomy":"product_cat","embeddable":true,"href":"https:\/\/herbaltattoo.eu\/cs\/wp-json\/wp\/v2\/product_cat?post=22615"},{"taxonomy":"product_tag","embeddable":true,"href":"https:\/\/herbaltattoo.eu\/cs\/wp-json\/wp\/v2\/product_tag?post=22615"}],"curies":[{"name":"wp","href":"https:\/\/api.w.org\/{rel}","templated":true}]}}