{"id":22607,"date":"2026-03-09T16:30:10","date_gmt":"2026-03-09T15:30:10","guid":{"rendered":"https:\/\/herbaltattoo.eu\/produkt\/had-a-mec\/"},"modified":"2026-03-09T16:30:10","modified_gmt":"2026-03-09T15:30:10","slug":"had-a-mec","status":"publish","type":"product","link":"https:\/\/herbaltattoo.eu\/cs\/produkt\/had-a-mec\/","title":{"rendered":"Had a me\u010d"},"content":{"rendered":"<p>Tetov\u00e1n\u00ed <strong data-start=\"56\" data-end=\"73\">hada a me\u010de<\/strong> symbolizuje boj mezi hrozbou a silou, lst\u00ed a odvahou. Had znamen\u00e1 transformaci, poku\u0161en\u00ed a moudrost, me\u010d pak ochranu, \u010dest a p\u0159ipravenost br\u00e1nit sv\u00e9 hodnoty. Spole\u010dn\u011b tvo\u0159\u00ed znak vnit\u0159n\u00ed s\u00edly a v\u00edt\u011bzstv\u00ed nad obt\u00ed\u017eemi.  <\/p>\n","protected":false},"excerpt":{"rendered":"<p>Tetov\u00e1n\u00ed hada a me\u010de symbolizuje boj mezi hrozbou a silou, lst\u00ed a odvahou. Had znamen\u00e1 transformaci, poku\u0161en\u00ed a moudrost, me\u010d pak ochranu, \u010dest a p\u0159ipravenost br\u00e1nit sv\u00e9 hodnoty. Spole\u010dn\u011b tvo\u0159\u00ed znak vnit\u0159n\u00ed s\u00edly a v\u00edt\u011bzstv\u00ed nad obt\u00ed\u017eemi.<\/p>\n","protected":false},"featured_media":22355,"template":"","meta":{"_monsterinsights_skip_tracking":false,"_monsterinsights_sitenote_active":false,"_monsterinsights_sitenote_note":"","_monsterinsights_sitenote_category":0,"_kadence_starter_templates_imported_post":false,"_kad_post_transparent":"","_kad_post_title":"","_kad_post_layout":"","_kad_post_sidebar_id":"","_kad_post_content_style":"","_kad_post_vertical_padding":"","_kad_post_feature":"","_kad_post_feature_position":"","_kad_post_header":false,"_kad_post_footer":false,"_kad_post_classname":""},"product_brand":[],"product_cat":[80,77],"product_tag":[],"class_list":{"0":"post-22607","1":"product","2":"type-product","3":"status-publish","4":"has-post-thumbnail","6":"product_cat-plne-tetovani","7":"product_cat-vse","9":"first","10":"instock","11":"taxable","12":"shipping-taxable","13":"purchasable","14":"product-type-simple","15":"entry","16":"content-bg","17":"loop-entry"},"jetpack_sharing_enabled":true,"_links":{"self":[{"href":"https:\/\/herbaltattoo.eu\/cs\/wp-json\/wp\/v2\/product\/22607","targetHints":{"allow":["GET"]}}],"collection":[{"href":"https:\/\/herbaltattoo.eu\/cs\/wp-json\/wp\/v2\/product"}],"about":[{"href":"https:\/\/herbaltattoo.eu\/cs\/wp-json\/wp\/v2\/types\/product"}],"wp:featuredmedia":[{"embeddable":true,"href":"https:\/\/herbaltattoo.eu\/cs\/wp-json\/wp\/v2\/media\/22355"}],"wp:attachment":[{"href":"https:\/\/herbaltattoo.eu\/cs\/wp-json\/wp\/v2\/media?parent=22607"}],"wp:term":[{"taxonomy":"product_brand","embeddable":true,"href":"https:\/\/herbaltattoo.eu\/cs\/wp-json\/wp\/v2\/product_brand?post=22607"},{"taxonomy":"product_cat","embeddable":true,"href":"https:\/\/herbaltattoo.eu\/cs\/wp-json\/wp\/v2\/product_cat?post=22607"},{"taxonomy":"product_tag","embeddable":true,"href":"https:\/\/herbaltattoo.eu\/cs\/wp-json\/wp\/v2\/product_tag?post=22607"}],"curies":[{"name":"wp","href":"https:\/\/api.w.org\/{rel}","templated":true}]}}