{"id":22585,"date":"2026-03-09T16:30:01","date_gmt":"2026-03-09T15:30:01","guid":{"rendered":"https:\/\/herbaltattoo.eu\/produkt\/mesicni-oko\/"},"modified":"2026-03-09T16:30:01","modified_gmt":"2026-03-09T15:30:01","slug":"mesicni-oko","status":"publish","type":"product","link":"https:\/\/herbaltattoo.eu\/cs\/produkt\/mesicni-oko\/","title":{"rendered":"M\u011bs\u00ed\u010dn\u00ed Oko"},"content":{"rendered":"<div class=\"flex flex-col text-sm pb-25\">\n<article class=\"text-token-text-primary w-full focus:outline-none [--shadow-height:45px] has-data-writing-block:pointer-events-none has-data-writing-block:-mt-(--shadow-height) has-data-writing-block:pt-(--shadow-height) [&amp;:has([data-writing-block])&gt;*]:pointer-events-auto scroll-mt-[calc(var(--header-height)+min(200px,max(70px,20svh)))]\" dir=\"auto\" tabindex=\"-1\" data-turn-id=\"request-698390c8-a3e4-8396-aac0-1b9adbe4dbd8-11\" data-testid=\"conversation-turn-70\" data-scroll-anchor=\"true\" data-turn=\"assistant\">\n<div class=\"text-base my-auto mx-auto pb-10 [--thread-content-margin:--spacing(4)] @w-sm\/main:[--thread-content-margin:--spacing(6)] @w-lg\/main:[--thread-content-margin:--spacing(16)] px-(--thread-content-margin)\">\n<div class=\"[--thread-content-max-width:40rem] @w-lg\/main:[--thread-content-max-width:48rem] mx-auto max-w-(--thread-content-max-width) flex-1 group\/turn-messages focus-visible:outline-hidden relative flex w-full min-w-0 flex-col agent-turn\" tabindex=\"-1\">\n<div class=\"flex max-w-full flex-col grow\">\n<div class=\"min-h-8 text-message relative flex w-full flex-col items-end gap-2 text-start break-words whitespace-normal [.text-message+&amp;]:mt-1\" dir=\"auto\" data-message-author-role=\"assistant\" data-message-id=\"8aa61da7-0141-43e5-b038-ef9efa9d723b\" data-message-model-slug=\"gpt-5-2\">\n<div class=\"flex w-full flex-col gap-1 empty:hidden first:pt-[1px]\">\n<div class=\"markdown prose dark:prose-invert w-full wrap-break-word light markdown-new-styling\">\n<p data-start=\"54\" data-end=\"328\" data-is-last-node=\"\" data-is-only-node=\"\">Tetov\u00e1n\u00ed <strong data-start=\"61\" data-end=\"81\">\u201eM\u011bs\u00ed\u010dn\u00ed Oko\u201c<\/strong> symbolizuje intuici, tajemstv\u00ed a duchovn\u00ed uv\u011bdom\u011bn\u00ed. Spojuje energii m\u011bs\u00edce s motivem oka, co\u017e zna\u010d\u00ed vnit\u0159n\u00ed vid\u011bn\u00ed a ochranu p\u0159ed zlem. Je to znamen\u00ed osoby, kter\u00e1 se \u0159\u00edd\u00ed emocemi, moudrost\u00ed a n\u00e1sleduje sv\u00e9 sv\u011btlo i v temnot\u011b.  <\/p>\n<\/div>\n<\/div>\n<\/div>\n<\/div>\n<div class=\"z-0 flex min-h-[46px] justify-start\"><\/div>\n<div class=\"mt-3 w-full empty:hidden\">\n<div class=\"text-center\"><\/div>\n<\/div>\n<\/div>\n<\/div>\n<\/article>\n<\/div>\n<div class=\"pointer-events-none h-px w-px absolute bottom-0\" aria-hidden=\"true\" data-edge=\"true\"><\/div>\n","protected":false},"excerpt":{"rendered":"<p>Tetov\u00e1n\u00ed \u201eM\u011bs\u00ed\u010dn\u00ed Oko\u201c symbolizuje intuici, tajemstv\u00ed a duchovn\u00ed uv\u011bdom\u011bn\u00ed. Spojuje energii m\u011bs\u00edce s motivem oka, co\u017e zna\u010d\u00ed vnit\u0159n\u00ed vid\u011bn\u00ed a ochranu p\u0159ed zlem. Je to znamen\u00ed osoby, kter\u00e1 se \u0159\u00edd\u00ed emocemi, moudrost\u00ed a n\u00e1sleduje sv\u00e9 sv\u011btlo i v temnot\u011b.<\/p>\n","protected":false},"featured_media":22345,"template":"","meta":{"_monsterinsights_skip_tracking":false,"_monsterinsights_sitenote_active":false,"_monsterinsights_sitenote_note":"","_monsterinsights_sitenote_category":0,"_kadence_starter_templates_imported_post":false,"_kad_post_transparent":"","_kad_post_title":"","_kad_post_layout":"","_kad_post_sidebar_id":"","_kad_post_content_style":"","_kad_post_vertical_padding":"","_kad_post_feature":"","_kad_post_feature_position":"","_kad_post_header":false,"_kad_post_footer":false,"_kad_post_classname":""},"product_brand":[],"product_cat":[80,77],"product_tag":[],"class_list":{"0":"post-22585","1":"product","2":"type-product","3":"status-publish","4":"has-post-thumbnail","6":"product_cat-plne-tetovani","7":"product_cat-vse","9":"first","10":"instock","11":"taxable","12":"shipping-taxable","13":"purchasable","14":"product-type-simple","15":"entry","16":"content-bg","17":"loop-entry"},"jetpack_sharing_enabled":true,"_links":{"self":[{"href":"https:\/\/herbaltattoo.eu\/cs\/wp-json\/wp\/v2\/product\/22585","targetHints":{"allow":["GET"]}}],"collection":[{"href":"https:\/\/herbaltattoo.eu\/cs\/wp-json\/wp\/v2\/product"}],"about":[{"href":"https:\/\/herbaltattoo.eu\/cs\/wp-json\/wp\/v2\/types\/product"}],"wp:featuredmedia":[{"embeddable":true,"href":"https:\/\/herbaltattoo.eu\/cs\/wp-json\/wp\/v2\/media\/22345"}],"wp:attachment":[{"href":"https:\/\/herbaltattoo.eu\/cs\/wp-json\/wp\/v2\/media?parent=22585"}],"wp:term":[{"taxonomy":"product_brand","embeddable":true,"href":"https:\/\/herbaltattoo.eu\/cs\/wp-json\/wp\/v2\/product_brand?post=22585"},{"taxonomy":"product_cat","embeddable":true,"href":"https:\/\/herbaltattoo.eu\/cs\/wp-json\/wp\/v2\/product_cat?post=22585"},{"taxonomy":"product_tag","embeddable":true,"href":"https:\/\/herbaltattoo.eu\/cs\/wp-json\/wp\/v2\/product_tag?post=22585"}],"curies":[{"name":"wp","href":"https:\/\/api.w.org\/{rel}","templated":true}]}}