{"id":22576,"date":"2026-03-09T16:29:59","date_gmt":"2026-03-09T15:29:59","guid":{"rendered":"https:\/\/herbaltattoo.eu\/produkt\/chobotnice\/"},"modified":"2026-03-09T16:29:59","modified_gmt":"2026-03-09T15:29:59","slug":"chobotnice","status":"publish","type":"product","link":"https:\/\/herbaltattoo.eu\/cs\/produkt\/chobotnice\/","title":{"rendered":"Chobotnice"},"content":{"rendered":"<p>Tetov\u00e1n\u00ed <strong data-start=\"65\" data-end=\"79\">chobotnice<\/strong> symbolizuje <strong data-start=\"92\" data-end=\"140\">inteligenci, tajemstv\u00ed a schopnost adaptace<\/strong>. Znamen\u00e1 to osobu, kter\u00e1 si dok\u00e1\u017ee poradit v ka\u017ed\u00e9 situaci a m\u00e1 mnoho \u201erukou\u201c k jedn\u00e1n\u00ed. \u010casto je tak\u00e9 znakem s\u00edly, p\u0159e\u017eit\u00ed a hloubky emoc\u00ed skryt\u00fdch pod povrchem.  <\/p>\n","protected":false},"excerpt":{"rendered":"<p>Tetov\u00e1n\u00ed chobotnice symbolizuje inteligenci, tajemstv\u00ed a schopnost adaptace. Znamen\u00e1 to osobu, kter\u00e1 si dok\u00e1\u017ee poradit v ka\u017ed\u00e9 situaci a m\u00e1 mnoho \u201erukou\u201c k jedn\u00e1n\u00ed. \u010casto je tak\u00e9 znakem s\u00edly, p\u0159e\u017eit\u00ed a hloubky emoc\u00ed skryt\u00fdch pod povrchem.<\/p>\n","protected":false},"featured_media":22343,"template":"","meta":{"_monsterinsights_skip_tracking":false,"_monsterinsights_sitenote_active":false,"_monsterinsights_sitenote_note":"","_monsterinsights_sitenote_category":0,"_kadence_starter_templates_imported_post":false,"_kad_post_transparent":"","_kad_post_title":"","_kad_post_layout":"","_kad_post_sidebar_id":"","_kad_post_content_style":"","_kad_post_vertical_padding":"","_kad_post_feature":"","_kad_post_feature_position":"","_kad_post_header":false,"_kad_post_footer":false,"_kad_post_classname":""},"product_brand":[],"product_cat":[80,77],"product_tag":[],"class_list":{"0":"post-22576","1":"product","2":"type-product","3":"status-publish","4":"has-post-thumbnail","6":"product_cat-plne-tetovani","7":"product_cat-vse","9":"first","10":"instock","11":"taxable","12":"shipping-taxable","13":"purchasable","14":"product-type-simple","15":"entry","16":"content-bg","17":"loop-entry"},"jetpack_sharing_enabled":true,"_links":{"self":[{"href":"https:\/\/herbaltattoo.eu\/cs\/wp-json\/wp\/v2\/product\/22576","targetHints":{"allow":["GET"]}}],"collection":[{"href":"https:\/\/herbaltattoo.eu\/cs\/wp-json\/wp\/v2\/product"}],"about":[{"href":"https:\/\/herbaltattoo.eu\/cs\/wp-json\/wp\/v2\/types\/product"}],"wp:featuredmedia":[{"embeddable":true,"href":"https:\/\/herbaltattoo.eu\/cs\/wp-json\/wp\/v2\/media\/22343"}],"wp:attachment":[{"href":"https:\/\/herbaltattoo.eu\/cs\/wp-json\/wp\/v2\/media?parent=22576"}],"wp:term":[{"taxonomy":"product_brand","embeddable":true,"href":"https:\/\/herbaltattoo.eu\/cs\/wp-json\/wp\/v2\/product_brand?post=22576"},{"taxonomy":"product_cat","embeddable":true,"href":"https:\/\/herbaltattoo.eu\/cs\/wp-json\/wp\/v2\/product_cat?post=22576"},{"taxonomy":"product_tag","embeddable":true,"href":"https:\/\/herbaltattoo.eu\/cs\/wp-json\/wp\/v2\/product_tag?post=22576"}],"curies":[{"name":"wp","href":"https:\/\/api.w.org\/{rel}","templated":true}]}}