{"id":22566,"date":"2026-03-09T16:24:07","date_gmt":"2026-03-09T15:24:07","guid":{"rendered":"https:\/\/herbaltattoo.eu\/produkt\/usmev-2\/"},"modified":"2026-04-23T15:26:42","modified_gmt":"2026-04-23T13:26:42","slug":"usmev-2","status":"publish","type":"product","link":"https:\/\/herbaltattoo.eu\/cs\/produkt\/usmev-2\/","title":{"rendered":"\u00dasm\u011bv"},"content":{"rendered":"<p><strong data-start=\"0\" data-end=\"13\" data-is-only-node=\"\">\u201e\u00dasm\u011bv\u201c<\/strong> jako tetov\u00e1n\u00ed symbolizuje radost, pozitivn\u00ed p\u0159\u00edstup a s\u00edlu navzdory t\u011b\u017ek\u00fdm chv\u00edl\u00edm. M\u016f\u017ee znamenat volbu \u0161t\u011bst\u00ed a p\u0159ipom\u00ednku, abys nepodl\u00e9hal smutku. \u010casto je tak\u00e9 znakem nad\u011bje a sv\u011btla i v temn\u011bj\u0161\u00edch momentech \u017eivota.  <\/p>\n","protected":false},"excerpt":{"rendered":"<p>\u201e\u00dasm\u011bv\u201c jako tetov\u00e1n\u00ed symbolizuje radost, pozitivn\u00ed p\u0159\u00edstup a s\u00edlu navzdory t\u011b\u017ek\u00fdm chv\u00edl\u00edm. M\u016f\u017ee znamenat volbu \u0161t\u011bst\u00ed a p\u0159ipom\u00ednku, abys nepodl\u00e9hal smutku. \u010casto je tak\u00e9 znakem nad\u011bje a sv\u011btla i v temn\u011bj\u0161\u00edch momentech \u017eivota.<\/p>\n","protected":false},"featured_media":22308,"template":"","meta":{"_monsterinsights_skip_tracking":false,"_monsterinsights_sitenote_active":false,"_monsterinsights_sitenote_note":"","_monsterinsights_sitenote_category":0,"_kadence_starter_templates_imported_post":false,"_kad_post_transparent":"","_kad_post_title":"","_kad_post_layout":"","_kad_post_sidebar_id":"","_kad_post_content_style":"","_kad_post_vertical_padding":"","_kad_post_feature":"","_kad_post_feature_position":"","_kad_post_header":false,"_kad_post_footer":false,"_kad_post_classname":""},"product_brand":[],"product_cat":[84,77],"product_tag":[],"class_list":{"0":"post-22566","1":"product","2":"type-product","3":"status-publish","4":"has-post-thumbnail","6":"product_cat-minimalisticke","7":"product_cat-vse","9":"first","10":"instock","11":"taxable","12":"shipping-taxable","13":"purchasable","14":"product-type-simple","15":"entry","16":"content-bg","17":"loop-entry"},"jetpack_sharing_enabled":true,"_links":{"self":[{"href":"https:\/\/herbaltattoo.eu\/cs\/wp-json\/wp\/v2\/product\/22566","targetHints":{"allow":["GET"]}}],"collection":[{"href":"https:\/\/herbaltattoo.eu\/cs\/wp-json\/wp\/v2\/product"}],"about":[{"href":"https:\/\/herbaltattoo.eu\/cs\/wp-json\/wp\/v2\/types\/product"}],"wp:featuredmedia":[{"embeddable":true,"href":"https:\/\/herbaltattoo.eu\/cs\/wp-json\/wp\/v2\/media\/22308"}],"wp:attachment":[{"href":"https:\/\/herbaltattoo.eu\/cs\/wp-json\/wp\/v2\/media?parent=22566"}],"wp:term":[{"taxonomy":"product_brand","embeddable":true,"href":"https:\/\/herbaltattoo.eu\/cs\/wp-json\/wp\/v2\/product_brand?post=22566"},{"taxonomy":"product_cat","embeddable":true,"href":"https:\/\/herbaltattoo.eu\/cs\/wp-json\/wp\/v2\/product_cat?post=22566"},{"taxonomy":"product_tag","embeddable":true,"href":"https:\/\/herbaltattoo.eu\/cs\/wp-json\/wp\/v2\/product_tag?post=22566"}],"curies":[{"name":"wp","href":"https:\/\/api.w.org\/{rel}","templated":true}]}}