{"id":22560,"date":"2026-03-09T16:24:09","date_gmt":"2026-03-09T15:24:09","guid":{"rendered":"https:\/\/herbaltattoo.eu\/produkt\/no-risk-no-fun\/"},"modified":"2026-03-09T16:24:09","modified_gmt":"2026-03-09T15:24:09","slug":"no-risk-no-fun","status":"publish","type":"product","link":"https:\/\/herbaltattoo.eu\/cs\/produkt\/no-risk-no-fun\/","title":{"rendered":"No risk no fun!"},"content":{"rendered":"<p><strong data-start=\"0\" data-end=\"22\" data-is-only-node=\"\">\u201eNo risk, no fun!\u201c<\/strong> jako tetov\u00e1n\u00ed znamen\u00e1 odvahu, spont\u00e1nnost a \u017eivot beze strachu z v\u00fdzev. Je to motto \u010dlov\u011bka, kter\u00fd v\u011b\u0159\u00ed, \u017ee nejlep\u0161\u00ed dobrodru\u017estv\u00ed za\u010d\u00ednaj\u00ed mimo komfortn\u00ed z\u00f3nu. Symbolizuje podstupov\u00e1n\u00ed rizika, svobodu a radost ze \u017eivota.  <\/p>\n","protected":false},"excerpt":{"rendered":"<p>\u201eNo risk, no fun!\u201c jako tetov\u00e1n\u00ed znamen\u00e1 odvahu, spont\u00e1nnost a \u017eivot beze strachu z v\u00fdzev. Je to motto \u010dlov\u011bka, kter\u00fd v\u011b\u0159\u00ed, \u017ee nejlep\u0161\u00ed dobrodru\u017estv\u00ed za\u010d\u00ednaj\u00ed mimo komfortn\u00ed z\u00f3nu. Symbolizuje podstupov\u00e1n\u00ed rizika, svobodu a radost ze \u017eivota.<\/p>\n","protected":false},"featured_media":22312,"template":"","meta":{"_monsterinsights_skip_tracking":false,"_monsterinsights_sitenote_active":false,"_monsterinsights_sitenote_note":"","_monsterinsights_sitenote_category":0,"_kadence_starter_templates_imported_post":false,"_kad_post_transparent":"","_kad_post_title":"","_kad_post_layout":"","_kad_post_sidebar_id":"","_kad_post_content_style":"","_kad_post_vertical_padding":"","_kad_post_feature":"","_kad_post_feature_position":"","_kad_post_header":false,"_kad_post_footer":false,"_kad_post_classname":""},"product_brand":[],"product_cat":[84,77],"product_tag":[],"class_list":{"0":"post-22560","1":"product","2":"type-product","3":"status-publish","4":"has-post-thumbnail","6":"product_cat-minimalisticke","7":"product_cat-vse","9":"first","10":"instock","11":"taxable","12":"shipping-taxable","13":"purchasable","14":"product-type-simple","15":"entry","16":"content-bg","17":"loop-entry"},"jetpack_sharing_enabled":true,"_links":{"self":[{"href":"https:\/\/herbaltattoo.eu\/cs\/wp-json\/wp\/v2\/product\/22560","targetHints":{"allow":["GET"]}}],"collection":[{"href":"https:\/\/herbaltattoo.eu\/cs\/wp-json\/wp\/v2\/product"}],"about":[{"href":"https:\/\/herbaltattoo.eu\/cs\/wp-json\/wp\/v2\/types\/product"}],"wp:featuredmedia":[{"embeddable":true,"href":"https:\/\/herbaltattoo.eu\/cs\/wp-json\/wp\/v2\/media\/22312"}],"wp:attachment":[{"href":"https:\/\/herbaltattoo.eu\/cs\/wp-json\/wp\/v2\/media?parent=22560"}],"wp:term":[{"taxonomy":"product_brand","embeddable":true,"href":"https:\/\/herbaltattoo.eu\/cs\/wp-json\/wp\/v2\/product_brand?post=22560"},{"taxonomy":"product_cat","embeddable":true,"href":"https:\/\/herbaltattoo.eu\/cs\/wp-json\/wp\/v2\/product_cat?post=22560"},{"taxonomy":"product_tag","embeddable":true,"href":"https:\/\/herbaltattoo.eu\/cs\/wp-json\/wp\/v2\/product_tag?post=22560"}],"curies":[{"name":"wp","href":"https:\/\/api.w.org\/{rel}","templated":true}]}}