{"id":22511,"date":"2026-03-09T16:24:26","date_gmt":"2026-03-09T15:24:26","guid":{"rendered":"https:\/\/herbaltattoo.eu\/produkt\/love-son\/"},"modified":"2026-03-09T16:24:26","modified_gmt":"2026-03-09T15:24:26","slug":"love-son","status":"publish","type":"product","link":"https:\/\/herbaltattoo.eu\/cs\/produkt\/love-son\/","title":{"rendered":"LOVE SON"},"content":{"rendered":"<p>Tetov\u00e1n\u00ed <strong data-start=\"55\" data-end=\"69\">\u201eLOVE SON\u201c<\/strong> symbolizuje bezpodm\u00edne\u010dnou l\u00e1sku, hrdost a siln\u00e9 pouto se synem. Znamen\u00e1 oddanost rodin\u011b a cit, kter\u00fd trv\u00e1 bez ohledu na \u010das a okolnosti. Je to tak\u00e9 znak ochrany, p\u00e9\u010de a toho, \u017ee syn je nejd\u016fle\u017eit\u011bj\u0161\u00ed sou\u010d\u00e1st\u00ed \u017eivota.  <\/p>\n","protected":false},"excerpt":{"rendered":"<p>Tetov\u00e1n\u00ed \u201eLOVE SON\u201c symbolizuje bezpodm\u00edne\u010dnou l\u00e1sku, hrdost a siln\u00e9 pouto se synem. Znamen\u00e1 oddanost rodin\u011b a cit, kter\u00fd trv\u00e1 bez ohledu na \u010das a okolnosti. Je to tak\u00e9 znak ochrany, p\u00e9\u010de a toho, \u017ee syn je nejd\u016fle\u017eit\u011bj\u0161\u00ed sou\u010d\u00e1st\u00ed \u017eivota.<\/p>\n","protected":false},"featured_media":22336,"template":"","meta":{"_monsterinsights_skip_tracking":false,"_monsterinsights_sitenote_active":false,"_monsterinsights_sitenote_note":"","_monsterinsights_sitenote_category":0,"_kadence_starter_templates_imported_post":false,"_kad_post_transparent":"","_kad_post_title":"","_kad_post_layout":"","_kad_post_sidebar_id":"","_kad_post_content_style":"","_kad_post_vertical_padding":"","_kad_post_feature":"","_kad_post_feature_position":"","_kad_post_header":false,"_kad_post_footer":false,"_kad_post_classname":""},"product_brand":[],"product_cat":[80,77],"product_tag":[],"class_list":{"0":"post-22511","1":"product","2":"type-product","3":"status-publish","4":"has-post-thumbnail","6":"product_cat-plne-tetovani","7":"product_cat-vse","9":"first","10":"instock","11":"taxable","12":"shipping-taxable","13":"purchasable","14":"product-type-simple","15":"entry","16":"content-bg","17":"loop-entry"},"jetpack_sharing_enabled":true,"_links":{"self":[{"href":"https:\/\/herbaltattoo.eu\/cs\/wp-json\/wp\/v2\/product\/22511","targetHints":{"allow":["GET"]}}],"collection":[{"href":"https:\/\/herbaltattoo.eu\/cs\/wp-json\/wp\/v2\/product"}],"about":[{"href":"https:\/\/herbaltattoo.eu\/cs\/wp-json\/wp\/v2\/types\/product"}],"wp:featuredmedia":[{"embeddable":true,"href":"https:\/\/herbaltattoo.eu\/cs\/wp-json\/wp\/v2\/media\/22336"}],"wp:attachment":[{"href":"https:\/\/herbaltattoo.eu\/cs\/wp-json\/wp\/v2\/media?parent=22511"}],"wp:term":[{"taxonomy":"product_brand","embeddable":true,"href":"https:\/\/herbaltattoo.eu\/cs\/wp-json\/wp\/v2\/product_brand?post=22511"},{"taxonomy":"product_cat","embeddable":true,"href":"https:\/\/herbaltattoo.eu\/cs\/wp-json\/wp\/v2\/product_cat?post=22511"},{"taxonomy":"product_tag","embeddable":true,"href":"https:\/\/herbaltattoo.eu\/cs\/wp-json\/wp\/v2\/product_tag?post=22511"}],"curies":[{"name":"wp","href":"https:\/\/api.w.org\/{rel}","templated":true}]}}