{"id":22499,"date":"2026-03-09T16:24:16","date_gmt":"2026-03-09T15:24:16","guid":{"rendered":"https:\/\/herbaltattoo.eu\/produkt\/amor\/"},"modified":"2026-03-09T16:24:16","modified_gmt":"2026-03-09T15:24:16","slug":"amor","status":"publish","type":"product","link":"https:\/\/herbaltattoo.eu\/cs\/produkt\/amor\/","title":{"rendered":"Amor"},"content":{"rendered":"<p><strong data-start=\"42\" data-end=\"50\">Amor<\/strong> je latinsk\u00e9 slovo znamenaj\u00edc\u00ed <strong data-start=\"82\" data-end=\"92\" data-is-only-node=\"\">l\u00e1ska<\/strong>. Tetov\u00e1n\u00ed s t\u00edmto n\u00e1pisem symbolizuje siln\u00e9 city, v\u00e1\u0161e\u0148 a hodnotu l\u00e1sky v \u017eivot\u011b. \u010casto je tak\u00e9 znakem v\u011b\u010dn\u00e9, romantick\u00e9 l\u00e1sky nebo l\u00e1sky k samotn\u00e9mu \u017eivotu.  <\/p>\n","protected":false},"excerpt":{"rendered":"<p>Amor je latinsk\u00e9 slovo znamenaj\u00edc\u00ed l\u00e1ska. Tetov\u00e1n\u00ed s t\u00edmto n\u00e1pisem symbolizuje siln\u00e9 city, v\u00e1\u0161e\u0148 a hodnotu l\u00e1sky v \u017eivot\u011b. \u010casto je tak\u00e9 znakem v\u011b\u010dn\u00e9, romantick\u00e9 l\u00e1sky nebo l\u00e1sky k samotn\u00e9mu \u017eivotu.<\/p>\n","protected":false},"featured_media":22326,"template":"","meta":{"_monsterinsights_skip_tracking":false,"_monsterinsights_sitenote_active":false,"_monsterinsights_sitenote_note":"","_monsterinsights_sitenote_category":0,"_kadence_starter_templates_imported_post":false,"_kad_post_transparent":"","_kad_post_title":"","_kad_post_layout":"","_kad_post_sidebar_id":"","_kad_post_content_style":"","_kad_post_vertical_padding":"","_kad_post_feature":"","_kad_post_feature_position":"","_kad_post_header":false,"_kad_post_footer":false,"_kad_post_classname":""},"product_brand":[],"product_cat":[80,77],"product_tag":[],"class_list":{"0":"post-22499","1":"product","2":"type-product","3":"status-publish","4":"has-post-thumbnail","6":"product_cat-plne-tetovani","7":"product_cat-vse","9":"first","10":"instock","11":"taxable","12":"shipping-taxable","13":"purchasable","14":"product-type-simple","15":"entry","16":"content-bg","17":"loop-entry"},"jetpack_sharing_enabled":true,"_links":{"self":[{"href":"https:\/\/herbaltattoo.eu\/cs\/wp-json\/wp\/v2\/product\/22499","targetHints":{"allow":["GET"]}}],"collection":[{"href":"https:\/\/herbaltattoo.eu\/cs\/wp-json\/wp\/v2\/product"}],"about":[{"href":"https:\/\/herbaltattoo.eu\/cs\/wp-json\/wp\/v2\/types\/product"}],"wp:featuredmedia":[{"embeddable":true,"href":"https:\/\/herbaltattoo.eu\/cs\/wp-json\/wp\/v2\/media\/22326"}],"wp:attachment":[{"href":"https:\/\/herbaltattoo.eu\/cs\/wp-json\/wp\/v2\/media?parent=22499"}],"wp:term":[{"taxonomy":"product_brand","embeddable":true,"href":"https:\/\/herbaltattoo.eu\/cs\/wp-json\/wp\/v2\/product_brand?post=22499"},{"taxonomy":"product_cat","embeddable":true,"href":"https:\/\/herbaltattoo.eu\/cs\/wp-json\/wp\/v2\/product_cat?post=22499"},{"taxonomy":"product_tag","embeddable":true,"href":"https:\/\/herbaltattoo.eu\/cs\/wp-json\/wp\/v2\/product_tag?post=22499"}],"curies":[{"name":"wp","href":"https:\/\/api.w.org\/{rel}","templated":true}]}}