{"id":22492,"date":"2026-03-09T16:24:18","date_gmt":"2026-03-09T15:24:18","guid":{"rendered":"https:\/\/herbaltattoo.eu\/produkt\/anubis\/"},"modified":"2026-03-09T16:24:18","modified_gmt":"2026-03-09T15:24:18","slug":"anubis","status":"publish","type":"product","link":"https:\/\/herbaltattoo.eu\/cs\/produkt\/anubis\/","title":{"rendered":"Anubis"},"content":{"rendered":"<p><strong data-start=\"44\" data-end=\"54\">Anubis<\/strong> je egyptsk\u00fd b\u016fh s hlavou \u0161akala, str\u00e1\u017ece mrtv\u00fdch a pr\u016fvodce du\u0161\u00ed v podsv\u011bt\u00ed. Tetov\u00e1n\u00ed Anubise symbolizuje <strong data-start=\"163\" data-end=\"238\" data-is-only-node=\"\">ochranu, tajemstv\u00ed, s\u00edlu a p\u0159echod zm\u011bnami a nov\u00fdmi etapami \u017eivota<\/strong>. \u010casto tak\u00e9 znamen\u00e1 respekt k \u017eivotu a smrti a duchovn\u00ed bd\u011blost.  <\/p>\n","protected":false},"excerpt":{"rendered":"<p>Anubis je egyptsk\u00fd b\u016fh s hlavou \u0161akala, str\u00e1\u017ece mrtv\u00fdch a pr\u016fvodce du\u0161\u00ed v podsv\u011bt\u00ed. Tetov\u00e1n\u00ed Anubise symbolizuje ochranu, tajemstv\u00ed, s\u00edlu a p\u0159echod zm\u011bnami a nov\u00fdmi etapami \u017eivota. \u010casto tak\u00e9 znamen\u00e1 respekt k \u017eivotu a smrti a duchovn\u00ed bd\u011blost.<\/p>\n","protected":false},"featured_media":22328,"template":"","meta":{"_monsterinsights_skip_tracking":false,"_monsterinsights_sitenote_active":false,"_monsterinsights_sitenote_note":"","_monsterinsights_sitenote_category":0,"_kadence_starter_templates_imported_post":false,"_kad_post_transparent":"","_kad_post_title":"","_kad_post_layout":"","_kad_post_sidebar_id":"","_kad_post_content_style":"","_kad_post_vertical_padding":"","_kad_post_feature":"","_kad_post_feature_position":"","_kad_post_header":false,"_kad_post_footer":false,"_kad_post_classname":""},"product_brand":[],"product_cat":[80,77],"product_tag":[],"class_list":{"0":"post-22492","1":"product","2":"type-product","3":"status-publish","4":"has-post-thumbnail","6":"product_cat-plne-tetovani","7":"product_cat-vse","9":"first","10":"instock","11":"taxable","12":"shipping-taxable","13":"purchasable","14":"product-type-simple","15":"entry","16":"content-bg","17":"loop-entry"},"jetpack_sharing_enabled":true,"_links":{"self":[{"href":"https:\/\/herbaltattoo.eu\/cs\/wp-json\/wp\/v2\/product\/22492","targetHints":{"allow":["GET"]}}],"collection":[{"href":"https:\/\/herbaltattoo.eu\/cs\/wp-json\/wp\/v2\/product"}],"about":[{"href":"https:\/\/herbaltattoo.eu\/cs\/wp-json\/wp\/v2\/types\/product"}],"wp:featuredmedia":[{"embeddable":true,"href":"https:\/\/herbaltattoo.eu\/cs\/wp-json\/wp\/v2\/media\/22328"}],"wp:attachment":[{"href":"https:\/\/herbaltattoo.eu\/cs\/wp-json\/wp\/v2\/media?parent=22492"}],"wp:term":[{"taxonomy":"product_brand","embeddable":true,"href":"https:\/\/herbaltattoo.eu\/cs\/wp-json\/wp\/v2\/product_brand?post=22492"},{"taxonomy":"product_cat","embeddable":true,"href":"https:\/\/herbaltattoo.eu\/cs\/wp-json\/wp\/v2\/product_cat?post=22492"},{"taxonomy":"product_tag","embeddable":true,"href":"https:\/\/herbaltattoo.eu\/cs\/wp-json\/wp\/v2\/product_tag?post=22492"}],"curies":[{"name":"wp","href":"https:\/\/api.w.org\/{rel}","templated":true}]}}