{"id":22468,"date":"2026-03-09T16:24:13","date_gmt":"2026-03-09T15:24:13","guid":{"rendered":"https:\/\/herbaltattoo.eu\/produkt\/vikingsky-kompas\/"},"modified":"2026-03-09T16:24:13","modified_gmt":"2026-03-09T15:24:13","slug":"vikingsky-kompas","status":"publish","type":"product","link":"https:\/\/herbaltattoo.eu\/cs\/produkt\/vikingsky-kompas\/","title":{"rendered":"Vikingsk\u00fd kompas"},"content":{"rendered":"<p>Vegv\u00edsir znamen\u00e1 <strong data-start=\"214\" data-end=\"248\">ukazatel cesty a ochranu na cest\u00e1ch<\/strong> \u2014 podle tradice m\u011bl pom\u00e1hat naj\u00edt spr\u00e1vnou cestu i v bou\u0159i a chaosu. Symbolizuje <strong data-start=\"341\" data-end=\"385\">s\u00edlu, p\u0159e\u017eit\u00ed, veden\u00ed osudem<\/strong> a duchovn\u00ed ochranu. Je to znamen\u00ed \u010dlov\u011bka, kter\u00fd jde svou cestou navzdory obt\u00ed\u017e\u00edm.  <\/p>\n","protected":false},"excerpt":{"rendered":"<p>Vegv\u00edsir znamen\u00e1 ukazatel cesty a ochranu na cest\u00e1ch \u2014 podle tradice m\u011bl pom\u00e1hat naj\u00edt spr\u00e1vnou cestu i v bou\u0159i a chaosu. Symbolizuje s\u00edlu, p\u0159e\u017eit\u00ed, veden\u00ed osudem a duchovn\u00ed ochranu. Je to znamen\u00ed \u010dlov\u011bka, kter\u00fd jde svou cestou navzdory obt\u00ed\u017e\u00edm.<\/p>\n","protected":false},"featured_media":22322,"template":"","meta":{"_monsterinsights_skip_tracking":false,"_monsterinsights_sitenote_active":false,"_monsterinsights_sitenote_note":"","_monsterinsights_sitenote_category":0,"_kadence_starter_templates_imported_post":false,"_kad_post_transparent":"","_kad_post_title":"","_kad_post_layout":"","_kad_post_sidebar_id":"","_kad_post_content_style":"","_kad_post_vertical_padding":"","_kad_post_feature":"","_kad_post_feature_position":"","_kad_post_header":false,"_kad_post_footer":false,"_kad_post_classname":""},"product_brand":[],"product_cat":[84,77],"product_tag":[],"class_list":{"0":"post-22468","1":"product","2":"type-product","3":"status-publish","4":"has-post-thumbnail","6":"product_cat-minimalisticke","7":"product_cat-vse","9":"first","10":"instock","11":"taxable","12":"shipping-taxable","13":"purchasable","14":"product-type-simple","15":"entry","16":"content-bg","17":"loop-entry"},"jetpack_sharing_enabled":true,"_links":{"self":[{"href":"https:\/\/herbaltattoo.eu\/cs\/wp-json\/wp\/v2\/product\/22468","targetHints":{"allow":["GET"]}}],"collection":[{"href":"https:\/\/herbaltattoo.eu\/cs\/wp-json\/wp\/v2\/product"}],"about":[{"href":"https:\/\/herbaltattoo.eu\/cs\/wp-json\/wp\/v2\/types\/product"}],"wp:featuredmedia":[{"embeddable":true,"href":"https:\/\/herbaltattoo.eu\/cs\/wp-json\/wp\/v2\/media\/22322"}],"wp:attachment":[{"href":"https:\/\/herbaltattoo.eu\/cs\/wp-json\/wp\/v2\/media?parent=22468"}],"wp:term":[{"taxonomy":"product_brand","embeddable":true,"href":"https:\/\/herbaltattoo.eu\/cs\/wp-json\/wp\/v2\/product_brand?post=22468"},{"taxonomy":"product_cat","embeddable":true,"href":"https:\/\/herbaltattoo.eu\/cs\/wp-json\/wp\/v2\/product_cat?post=22468"},{"taxonomy":"product_tag","embeddable":true,"href":"https:\/\/herbaltattoo.eu\/cs\/wp-json\/wp\/v2\/product_tag?post=22468"}],"curies":[{"name":"wp","href":"https:\/\/api.w.org\/{rel}","templated":true}]}}