{"id":22447,"date":"2026-03-09T16:24:03","date_gmt":"2026-03-09T15:24:03","guid":{"rendered":"https:\/\/herbaltattoo.eu\/produkt\/no-drama-llama\/"},"modified":"2026-03-09T16:24:03","modified_gmt":"2026-03-09T15:24:03","slug":"no-drama-llama","status":"publish","type":"product","link":"https:\/\/herbaltattoo.eu\/cs\/produkt\/no-drama-llama\/","title":{"rendered":"No Drama LLama"},"content":{"rendered":"<p><strong data-start=\"0\" data-end=\"20\" data-is-only-node=\"\">\u201eNo Drama Llama\u201c<\/strong> je z\u00e1bavn\u00e9 tetov\u00e1n\u00ed, kter\u00e9 znamen\u00e1 klid, nadhled a \u017eivot bez zbyte\u010dn\u00fdch konflikt\u016f. Symbolizuje \u010dlov\u011bka, kter\u00fd se vyh\u00fdb\u00e1 dramat\u016fm, stresu a toxick\u00fdm situac\u00edm. Je to tak\u00e9 lehk\u00fd, pozitivn\u00ed vzkaz: <em data-start=\"207\" data-end=\"245\">\u201echci jen pohodu a dobrou energii\u201c<\/em>.  <\/p>\n","protected":false},"excerpt":{"rendered":"<p>\u201eNo Drama Llama\u201c je z\u00e1bavn\u00e9 tetov\u00e1n\u00ed, kter\u00e9 znamen\u00e1 klid, nadhled a \u017eivot bez zbyte\u010dn\u00fdch konflikt\u016f. Symbolizuje \u010dlov\u011bka, kter\u00fd se vyh\u00fdb\u00e1 dramat\u016fm, stresu a toxick\u00fdm situac\u00edm. Je to tak\u00e9 lehk\u00fd, pozitivn\u00ed vzkaz: \u201echci jen pohodu a dobrou energii\u201c.<\/p>\n","protected":false},"featured_media":22302,"template":"","meta":{"_monsterinsights_skip_tracking":false,"_monsterinsights_sitenote_active":false,"_monsterinsights_sitenote_note":"","_monsterinsights_sitenote_category":0,"_kadence_starter_templates_imported_post":false,"_kad_post_transparent":"","_kad_post_title":"","_kad_post_layout":"","_kad_post_sidebar_id":"","_kad_post_content_style":"","_kad_post_vertical_padding":"","_kad_post_feature":"","_kad_post_feature_position":"","_kad_post_header":false,"_kad_post_footer":false,"_kad_post_classname":""},"product_brand":[],"product_cat":[84,77],"product_tag":[],"class_list":{"0":"post-22447","1":"product","2":"type-product","3":"status-publish","4":"has-post-thumbnail","6":"product_cat-minimalisticke","7":"product_cat-vse","9":"first","10":"instock","11":"taxable","12":"shipping-taxable","13":"purchasable","14":"product-type-simple","15":"entry","16":"content-bg","17":"loop-entry"},"jetpack_sharing_enabled":true,"_links":{"self":[{"href":"https:\/\/herbaltattoo.eu\/cs\/wp-json\/wp\/v2\/product\/22447","targetHints":{"allow":["GET"]}}],"collection":[{"href":"https:\/\/herbaltattoo.eu\/cs\/wp-json\/wp\/v2\/product"}],"about":[{"href":"https:\/\/herbaltattoo.eu\/cs\/wp-json\/wp\/v2\/types\/product"}],"wp:featuredmedia":[{"embeddable":true,"href":"https:\/\/herbaltattoo.eu\/cs\/wp-json\/wp\/v2\/media\/22302"}],"wp:attachment":[{"href":"https:\/\/herbaltattoo.eu\/cs\/wp-json\/wp\/v2\/media?parent=22447"}],"wp:term":[{"taxonomy":"product_brand","embeddable":true,"href":"https:\/\/herbaltattoo.eu\/cs\/wp-json\/wp\/v2\/product_brand?post=22447"},{"taxonomy":"product_cat","embeddable":true,"href":"https:\/\/herbaltattoo.eu\/cs\/wp-json\/wp\/v2\/product_cat?post=22447"},{"taxonomy":"product_tag","embeddable":true,"href":"https:\/\/herbaltattoo.eu\/cs\/wp-json\/wp\/v2\/product_tag?post=22447"}],"curies":[{"name":"wp","href":"https:\/\/api.w.org\/{rel}","templated":true}]}}