{"id":22443,"date":"2026-03-09T16:24:01","date_gmt":"2026-03-09T15:24:01","guid":{"rendered":"https:\/\/herbaltattoo.eu\/produkt\/hodna-holka\/"},"modified":"2026-03-09T16:24:01","modified_gmt":"2026-03-09T15:24:01","slug":"hodna-holka","status":"publish","type":"product","link":"https:\/\/herbaltattoo.eu\/cs\/produkt\/hodna-holka\/","title":{"rendered":"Hodn\u00e1 holka"},"content":{"rendered":"<p><strong data-start=\"0\" data-end=\"15\" data-is-only-node=\"\">\u201eHodn\u00e1 holka\u201c<\/strong> jako tetov\u00e1n\u00ed znamen\u00e1 nevinnost, loajalitu a b\u00fdt \u201etou hodnou\u201c v o\u010d\u00edch sv\u011bta. \u010casto se tak\u00e9 pou\u017e\u00edv\u00e1 s n\u00e1dechem ironie, ukazuj\u00edc\u00ed kontrast mezi vzhledem a skute\u010dn\u00fdm charakterem. M\u016f\u017ee symbolizovat s\u00edlu, sebev\u011bdom\u00ed a vlastn\u00ed cestu navzdory hodnocen\u00ed ostatn\u00edch.  <\/p>\n","protected":false},"excerpt":{"rendered":"<p>\u201eHodn\u00e1 holka\u201c jako tetov\u00e1n\u00ed znamen\u00e1 nevinnost, loajalitu a b\u00fdt \u201etou hodnou\u201c v o\u010d\u00edch sv\u011bta. \u010casto se tak\u00e9 pou\u017e\u00edv\u00e1 s n\u00e1dechem ironie, ukazuj\u00edc\u00ed kontrast mezi vzhledem a skute\u010dn\u00fdm charakterem. M\u016f\u017ee symbolizovat s\u00edlu, sebev\u011bdom\u00ed a vlastn\u00ed cestu navzdory hodnocen\u00ed ostatn\u00edch.<\/p>\n","protected":false},"featured_media":22298,"template":"","meta":{"_monsterinsights_skip_tracking":false,"_monsterinsights_sitenote_active":false,"_monsterinsights_sitenote_note":"","_monsterinsights_sitenote_category":0,"_kadence_starter_templates_imported_post":false,"_kad_post_transparent":"","_kad_post_title":"","_kad_post_layout":"","_kad_post_sidebar_id":"","_kad_post_content_style":"","_kad_post_vertical_padding":"","_kad_post_feature":"","_kad_post_feature_position":"","_kad_post_header":false,"_kad_post_footer":false,"_kad_post_classname":""},"product_brand":[],"product_cat":[84,77],"product_tag":[],"class_list":{"0":"post-22443","1":"product","2":"type-product","3":"status-publish","4":"has-post-thumbnail","6":"product_cat-minimalisticke","7":"product_cat-vse","9":"first","10":"instock","11":"taxable","12":"shipping-taxable","13":"purchasable","14":"product-type-simple","15":"entry","16":"content-bg","17":"loop-entry"},"jetpack_sharing_enabled":true,"_links":{"self":[{"href":"https:\/\/herbaltattoo.eu\/cs\/wp-json\/wp\/v2\/product\/22443","targetHints":{"allow":["GET"]}}],"collection":[{"href":"https:\/\/herbaltattoo.eu\/cs\/wp-json\/wp\/v2\/product"}],"about":[{"href":"https:\/\/herbaltattoo.eu\/cs\/wp-json\/wp\/v2\/types\/product"}],"wp:featuredmedia":[{"embeddable":true,"href":"https:\/\/herbaltattoo.eu\/cs\/wp-json\/wp\/v2\/media\/22298"}],"wp:attachment":[{"href":"https:\/\/herbaltattoo.eu\/cs\/wp-json\/wp\/v2\/media?parent=22443"}],"wp:term":[{"taxonomy":"product_brand","embeddable":true,"href":"https:\/\/herbaltattoo.eu\/cs\/wp-json\/wp\/v2\/product_brand?post=22443"},{"taxonomy":"product_cat","embeddable":true,"href":"https:\/\/herbaltattoo.eu\/cs\/wp-json\/wp\/v2\/product_cat?post=22443"},{"taxonomy":"product_tag","embeddable":true,"href":"https:\/\/herbaltattoo.eu\/cs\/wp-json\/wp\/v2\/product_tag?post=22443"}],"curies":[{"name":"wp","href":"https:\/\/api.w.org\/{rel}","templated":true}]}}