{"id":22421,"date":"2026-03-09T16:30:31","date_gmt":"2026-03-09T15:30:31","guid":{"rendered":"https:\/\/herbaltattoo.eu\/produkt\/sit-svobody\/"},"modified":"2026-03-09T16:30:31","modified_gmt":"2026-03-09T15:30:31","slug":"sit-svobody","status":"publish","type":"product","link":"https:\/\/herbaltattoo.eu\/cs\/produkt\/sit-svobody\/","title":{"rendered":"S\u00ed\u0165 svobody"},"content":{"rendered":"<div class=\"flex flex-col text-sm pb-25\">\n<article class=\"text-token-text-primary w-full focus:outline-none [--shadow-height:45px] has-data-writing-block:pointer-events-none has-data-writing-block:-mt-(--shadow-height) has-data-writing-block:pt-(--shadow-height) [&amp;:has([data-writing-block])&gt;*]:pointer-events-auto scroll-mt-[calc(var(--header-height)+min(200px,max(70px,20svh)))]\" dir=\"auto\" tabindex=\"-1\" data-turn-id=\"request-698390c8-a3e4-8396-aac0-1b9adbe4dbd8-26\" data-testid=\"conversation-turn-100\" data-scroll-anchor=\"true\" data-turn=\"assistant\">\n<div class=\"text-base my-auto mx-auto pb-10 [--thread-content-margin:--spacing(4)] @w-sm\/main:[--thread-content-margin:--spacing(6)] @w-lg\/main:[--thread-content-margin:--spacing(16)] px-(--thread-content-margin)\">\n<div class=\"[--thread-content-max-width:40rem] @w-lg\/main:[--thread-content-max-width:48rem] mx-auto max-w-(--thread-content-max-width) flex-1 group\/turn-messages focus-visible:outline-hidden relative flex w-full min-w-0 flex-col agent-turn\" tabindex=\"-1\">\n<div class=\"flex max-w-full flex-col grow\">\n<div class=\"min-h-8 text-message relative flex w-full flex-col items-end gap-2 text-start break-words whitespace-normal [.text-message+&amp;]:mt-1\" dir=\"auto\" data-message-author-role=\"assistant\" data-message-id=\"df1e217b-37c8-4bec-a18e-7f68ac0bea8c\" data-message-model-slug=\"gpt-5-2\">\n<div class=\"flex w-full flex-col gap-1 empty:hidden first:pt-[1px]\">\n<div class=\"markdown prose dark:prose-invert w-full wrap-break-word light markdown-new-styling\">\n<p data-start=\"153\" data-end=\"463\" data-is-last-node=\"\" data-is-only-node=\"\">Tetov\u00e1n\u00ed zobrazuje kovovou s\u00ed\u0165 s p\u0159etr\u017een\u00fdmi m\u00edsty, symbolizuj\u00edc\u00ed <strong data-start=\"227\" data-end=\"286\">hranice, omezen\u00ed a pokus o vyman\u011bn\u00ed se z uzav\u0159en\u00ed<\/strong>. Protr\u017een\u00ed v s\u00edti znamenaj\u00ed <strong data-start=\"317\" data-end=\"372\">\u00fanik, svobodu a p\u0159ekon\u00e1v\u00e1n\u00ed bari\u00e9r v \u017eivot\u011b<\/strong>. Je to znamen\u00ed \u010dlov\u011bka, kter\u00fd nechce b\u00fdt zadr\u017eov\u00e1n pravidly, minulost\u00ed ani vnucen\u00fdmi r\u00e1mci.  <\/p>\n<\/div>\n<\/div>\n<\/div>\n<\/div>\n<div class=\"z-0 flex min-h-[46px] justify-start\"><\/div>\n<div class=\"mt-3 w-full empty:hidden\">\n<div class=\"text-center\"><\/div>\n<\/div>\n<\/div>\n<\/div>\n<\/article>\n<\/div>\n<div class=\"pointer-events-none h-px w-px absolute bottom-0\" aria-hidden=\"true\" data-edge=\"true\"><\/div>\n","protected":false},"excerpt":{"rendered":"<p>Tetov\u00e1n\u00ed zobrazuje kovovou s\u00ed\u0165 s p\u0159etr\u017een\u00fdmi m\u00edsty, symbolizuj\u00edc\u00ed hranice, omezen\u00ed a pokus o vyman\u011bn\u00ed se z uzav\u0159en\u00ed. Protr\u017een\u00ed v s\u00edti znamenaj\u00ed \u00fanik, svobodu a p\u0159ekon\u00e1v\u00e1n\u00ed bari\u00e9r v \u017eivot\u011b. Je to znamen\u00ed \u010dlov\u011bka, kter\u00fd nechce b\u00fdt zadr\u017eov\u00e1n pravidly, minulost\u00ed ani vnucen\u00fdmi r\u00e1mci.<\/p>\n","protected":false},"featured_media":22375,"template":"","meta":{"_monsterinsights_skip_tracking":false,"_monsterinsights_sitenote_active":false,"_monsterinsights_sitenote_note":"","_monsterinsights_sitenote_category":0,"_kadence_starter_templates_imported_post":false,"_kad_post_transparent":"","_kad_post_title":"","_kad_post_layout":"","_kad_post_sidebar_id":"","_kad_post_content_style":"","_kad_post_vertical_padding":"","_kad_post_feature":"","_kad_post_feature_position":"","_kad_post_header":false,"_kad_post_footer":false,"_kad_post_classname":""},"product_brand":[],"product_cat":[88,77],"product_tag":[],"class_list":{"0":"post-22421","1":"product","2":"type-product","3":"status-publish","4":"has-post-thumbnail","6":"product_cat-rukavy","7":"product_cat-vse","9":"first","10":"instock","11":"taxable","12":"shipping-taxable","13":"purchasable","14":"product-type-simple","15":"entry","16":"content-bg","17":"loop-entry"},"jetpack_sharing_enabled":true,"_links":{"self":[{"href":"https:\/\/herbaltattoo.eu\/cs\/wp-json\/wp\/v2\/product\/22421","targetHints":{"allow":["GET"]}}],"collection":[{"href":"https:\/\/herbaltattoo.eu\/cs\/wp-json\/wp\/v2\/product"}],"about":[{"href":"https:\/\/herbaltattoo.eu\/cs\/wp-json\/wp\/v2\/types\/product"}],"wp:featuredmedia":[{"embeddable":true,"href":"https:\/\/herbaltattoo.eu\/cs\/wp-json\/wp\/v2\/media\/22375"}],"wp:attachment":[{"href":"https:\/\/herbaltattoo.eu\/cs\/wp-json\/wp\/v2\/media?parent=22421"}],"wp:term":[{"taxonomy":"product_brand","embeddable":true,"href":"https:\/\/herbaltattoo.eu\/cs\/wp-json\/wp\/v2\/product_brand?post=22421"},{"taxonomy":"product_cat","embeddable":true,"href":"https:\/\/herbaltattoo.eu\/cs\/wp-json\/wp\/v2\/product_cat?post=22421"},{"taxonomy":"product_tag","embeddable":true,"href":"https:\/\/herbaltattoo.eu\/cs\/wp-json\/wp\/v2\/product_tag?post=22421"}],"curies":[{"name":"wp","href":"https:\/\/api.w.org\/{rel}","templated":true}]}}