{"id":22410,"date":"2026-03-09T16:30:29","date_gmt":"2026-03-09T15:30:29","guid":{"rendered":"https:\/\/herbaltattoo.eu\/produkt\/stin-bestie\/"},"modified":"2026-03-09T16:30:29","modified_gmt":"2026-03-09T15:30:29","slug":"stin-bestie","status":"publish","type":"product","link":"https:\/\/herbaltattoo.eu\/cs\/produkt\/stin-bestie\/","title":{"rendered":"St\u00edn Bestie"},"content":{"rendered":"<p>Tetov\u00e1n\u00ed zobrazuje temn\u00e9, drav\u00e9 stvo\u0159en\u00ed s ostr\u00fdm \u00fasm\u011bvem, symbolizuj\u00edc\u00ed <strong data-start=\"237\" data-end=\"285\">skrytou s\u00edlu, instinkt a vnit\u0159n\u00edho d\u00e9mona<\/strong>. Propleten\u00e9, organick\u00e9 linie znamenaj\u00ed chaos, transformaci a temnou energii, kter\u00e1 m\u016f\u017ee b\u00fdt jak hrozbou, tak silou. Je to znamen\u00ed \u010dlov\u011bka, kter\u00fd se neboj\u00ed sv\u00e9 divok\u00e9 str\u00e1nky a dok\u00e1\u017ee p\u0159e\u017e\u00edt i ve tm\u011b.  <\/p>\n","protected":false},"excerpt":{"rendered":"<p>Tetov\u00e1n\u00ed zobrazuje temn\u00e9, drav\u00e9 stvo\u0159en\u00ed s ostr\u00fdm \u00fasm\u011bvem, symbolizuj\u00edc\u00ed skrytou s\u00edlu, instinkt a vnit\u0159n\u00edho d\u00e9mona. Propleten\u00e9, organick\u00e9 linie znamenaj\u00ed chaos, transformaci a temnou energii, kter\u00e1 m\u016f\u017ee b\u00fdt jak hrozbou, tak silou. Je to znamen\u00ed \u010dlov\u011bka, kter\u00fd se neboj\u00ed sv\u00e9 divok\u00e9 str\u00e1nky a dok\u00e1\u017ee p\u0159e\u017e\u00edt i ve tm\u011b.<\/p>\n","protected":false},"featured_media":22373,"template":"","meta":{"_monsterinsights_skip_tracking":false,"_monsterinsights_sitenote_active":false,"_monsterinsights_sitenote_note":"","_monsterinsights_sitenote_category":0,"_kadence_starter_templates_imported_post":false,"_kad_post_transparent":"","_kad_post_title":"","_kad_post_layout":"","_kad_post_sidebar_id":"","_kad_post_content_style":"","_kad_post_vertical_padding":"","_kad_post_feature":"","_kad_post_feature_position":"","_kad_post_header":false,"_kad_post_footer":false,"_kad_post_classname":""},"product_brand":[],"product_cat":[88,77],"product_tag":[],"class_list":{"0":"post-22410","1":"product","2":"type-product","3":"status-publish","4":"has-post-thumbnail","6":"product_cat-rukavy","7":"product_cat-vse","9":"first","10":"instock","11":"taxable","12":"shipping-taxable","13":"purchasable","14":"product-type-simple","15":"entry","16":"content-bg","17":"loop-entry"},"jetpack_sharing_enabled":true,"_links":{"self":[{"href":"https:\/\/herbaltattoo.eu\/cs\/wp-json\/wp\/v2\/product\/22410","targetHints":{"allow":["GET"]}}],"collection":[{"href":"https:\/\/herbaltattoo.eu\/cs\/wp-json\/wp\/v2\/product"}],"about":[{"href":"https:\/\/herbaltattoo.eu\/cs\/wp-json\/wp\/v2\/types\/product"}],"wp:featuredmedia":[{"embeddable":true,"href":"https:\/\/herbaltattoo.eu\/cs\/wp-json\/wp\/v2\/media\/22373"}],"wp:attachment":[{"href":"https:\/\/herbaltattoo.eu\/cs\/wp-json\/wp\/v2\/media?parent=22410"}],"wp:term":[{"taxonomy":"product_brand","embeddable":true,"href":"https:\/\/herbaltattoo.eu\/cs\/wp-json\/wp\/v2\/product_brand?post=22410"},{"taxonomy":"product_cat","embeddable":true,"href":"https:\/\/herbaltattoo.eu\/cs\/wp-json\/wp\/v2\/product_cat?post=22410"},{"taxonomy":"product_tag","embeddable":true,"href":"https:\/\/herbaltattoo.eu\/cs\/wp-json\/wp\/v2\/product_tag?post=22410"}],"curies":[{"name":"wp","href":"https:\/\/api.w.org\/{rel}","templated":true}]}}