{"id":22409,"date":"2026-03-09T16:30:28","date_gmt":"2026-03-09T15:30:28","guid":{"rendered":"https:\/\/herbaltattoo.eu\/produkt\/katana-bojovnika\/"},"modified":"2026-03-09T16:30:28","modified_gmt":"2026-03-09T15:30:28","slug":"katana-bojovnika","status":"publish","type":"product","link":"https:\/\/herbaltattoo.eu\/cs\/produkt\/katana-bojovnika\/","title":{"rendered":"Katana bojovn\u00edka"},"content":{"rendered":"<p>Tetov\u00e1n\u00ed p\u0159edstavuje katanu, symbolizuj\u00edc\u00ed <strong data-start=\"210\" data-end=\"244\">\u010dest, discipl\u00ednu a s\u00edlu ducha<\/strong>. V japonsk\u00e9 kultu\u0159e samurajsk\u00fd me\u010d neznamenal jen zbra\u0148, ale tak\u00e9 <strong data-start=\"315\" data-end=\"334\">du\u0161i bojovn\u00edka<\/strong> a v\u011brnost vlastn\u00edm z\u00e1sad\u00e1m. Celek je znakem odvahy, ochrany a n\u00e1sledov\u00e1n\u00ed vlastn\u00ed cesty navzdory protivenstv\u00edm.  <\/p>\n","protected":false},"excerpt":{"rendered":"<p>Tetov\u00e1n\u00ed p\u0159edstavuje katanu, symbolizuj\u00edc\u00ed \u010dest, discipl\u00ednu a s\u00edlu ducha. V japonsk\u00e9 kultu\u0159e samurajsk\u00fd me\u010d neznamenal jen zbra\u0148, ale tak\u00e9 du\u0161i bojovn\u00edka a v\u011brnost vlastn\u00edm z\u00e1sad\u00e1m. Celek je znakem odvahy, ochrany a n\u00e1sledov\u00e1n\u00ed vlastn\u00ed cesty navzdory protivenstv\u00edm.<\/p>\n","protected":false},"featured_media":22371,"template":"","meta":{"_monsterinsights_skip_tracking":false,"_monsterinsights_sitenote_active":false,"_monsterinsights_sitenote_note":"","_monsterinsights_sitenote_category":0,"_kadence_starter_templates_imported_post":false,"_kad_post_transparent":"","_kad_post_title":"","_kad_post_layout":"","_kad_post_sidebar_id":"","_kad_post_content_style":"","_kad_post_vertical_padding":"","_kad_post_feature":"","_kad_post_feature_position":"","_kad_post_header":false,"_kad_post_footer":false,"_kad_post_classname":""},"product_brand":[],"product_cat":[88,77],"product_tag":[],"class_list":{"0":"post-22409","1":"product","2":"type-product","3":"status-publish","4":"has-post-thumbnail","6":"product_cat-rukavy","7":"product_cat-vse","9":"first","10":"instock","11":"taxable","12":"shipping-taxable","13":"purchasable","14":"product-type-simple","15":"entry","16":"content-bg","17":"loop-entry"},"jetpack_sharing_enabled":true,"_links":{"self":[{"href":"https:\/\/herbaltattoo.eu\/cs\/wp-json\/wp\/v2\/product\/22409","targetHints":{"allow":["GET"]}}],"collection":[{"href":"https:\/\/herbaltattoo.eu\/cs\/wp-json\/wp\/v2\/product"}],"about":[{"href":"https:\/\/herbaltattoo.eu\/cs\/wp-json\/wp\/v2\/types\/product"}],"wp:featuredmedia":[{"embeddable":true,"href":"https:\/\/herbaltattoo.eu\/cs\/wp-json\/wp\/v2\/media\/22371"}],"wp:attachment":[{"href":"https:\/\/herbaltattoo.eu\/cs\/wp-json\/wp\/v2\/media?parent=22409"}],"wp:term":[{"taxonomy":"product_brand","embeddable":true,"href":"https:\/\/herbaltattoo.eu\/cs\/wp-json\/wp\/v2\/product_brand?post=22409"},{"taxonomy":"product_cat","embeddable":true,"href":"https:\/\/herbaltattoo.eu\/cs\/wp-json\/wp\/v2\/product_cat?post=22409"},{"taxonomy":"product_tag","embeddable":true,"href":"https:\/\/herbaltattoo.eu\/cs\/wp-json\/wp\/v2\/product_tag?post=22409"}],"curies":[{"name":"wp","href":"https:\/\/api.w.org\/{rel}","templated":true}]}}