{"id":22397,"date":"2026-03-09T16:30:27","date_gmt":"2026-03-09T15:30:27","guid":{"rendered":"https:\/\/herbaltattoo.eu\/produkt\/propast-pohledu\/"},"modified":"2026-03-09T16:30:27","modified_gmt":"2026-03-09T15:30:27","slug":"propast-pohledu","status":"publish","type":"product","link":"https:\/\/herbaltattoo.eu\/cs\/produkt\/propast-pohledu\/","title":{"rendered":"Propast pohled\u016f"},"content":{"rendered":"<p>Tetov\u00e1n\u00ed zobrazuje propojen\u00e9 o\u010di a \u00fasta v surrealistick\u00e9 form\u011b, symbolizuj\u00edc\u00ed <strong data-start=\"241\" data-end=\"307\">vnit\u0159n\u00ed chaos, skryt\u00e9 emoc\u00e9 a boj s vlastn\u00edmi d\u00e9mony<\/strong>. O\u010di znamenaj\u00ed v\u011bdom\u00ed a bd\u011blost, zdeformovan\u00e1 \u00fasta \u2013 strach, hn\u011bv nebo nevysloven\u00e9 my\u0161lenky. Celek je znakem temnoty psychiky, transformace a s\u00edly p\u0159e\u017eit\u00ed navzdory t\u011b\u017ek\u00fdm zku\u0161enostem.  <\/p>\n","protected":false},"excerpt":{"rendered":"<p>Tetov\u00e1n\u00ed zobrazuje propojen\u00e9 o\u010di a \u00fasta v surrealistick\u00e9 form\u011b, symbolizuj\u00edc\u00ed vnit\u0159n\u00ed chaos, skryt\u00e9 emoc\u00e9 a boj s vlastn\u00edmi d\u00e9mony. O\u010di znamenaj\u00ed v\u011bdom\u00ed a bd\u011blost, zdeformovan\u00e1 \u00fasta \u2013 strach, hn\u011bv nebo nevysloven\u00e9 my\u0161lenky. Celek je znakem temnoty psychiky, transformace a s\u00edly p\u0159e\u017eit\u00ed navzdory t\u011b\u017ek\u00fdm zku\u0161enostem.<\/p>\n","protected":false},"featured_media":22369,"template":"","meta":{"_monsterinsights_skip_tracking":false,"_monsterinsights_sitenote_active":false,"_monsterinsights_sitenote_note":"","_monsterinsights_sitenote_category":0,"_kadence_starter_templates_imported_post":false,"_kad_post_transparent":"","_kad_post_title":"","_kad_post_layout":"","_kad_post_sidebar_id":"","_kad_post_content_style":"","_kad_post_vertical_padding":"","_kad_post_feature":"","_kad_post_feature_position":"","_kad_post_header":false,"_kad_post_footer":false,"_kad_post_classname":""},"product_brand":[],"product_cat":[88,77],"product_tag":[],"class_list":{"0":"post-22397","1":"product","2":"type-product","3":"status-publish","4":"has-post-thumbnail","6":"product_cat-rukavy","7":"product_cat-vse","9":"first","10":"instock","11":"taxable","12":"shipping-taxable","13":"purchasable","14":"product-type-simple","15":"entry","16":"content-bg","17":"loop-entry"},"jetpack_sharing_enabled":true,"_links":{"self":[{"href":"https:\/\/herbaltattoo.eu\/cs\/wp-json\/wp\/v2\/product\/22397","targetHints":{"allow":["GET"]}}],"collection":[{"href":"https:\/\/herbaltattoo.eu\/cs\/wp-json\/wp\/v2\/product"}],"about":[{"href":"https:\/\/herbaltattoo.eu\/cs\/wp-json\/wp\/v2\/types\/product"}],"wp:featuredmedia":[{"embeddable":true,"href":"https:\/\/herbaltattoo.eu\/cs\/wp-json\/wp\/v2\/media\/22369"}],"wp:attachment":[{"href":"https:\/\/herbaltattoo.eu\/cs\/wp-json\/wp\/v2\/media?parent=22397"}],"wp:term":[{"taxonomy":"product_brand","embeddable":true,"href":"https:\/\/herbaltattoo.eu\/cs\/wp-json\/wp\/v2\/product_brand?post=22397"},{"taxonomy":"product_cat","embeddable":true,"href":"https:\/\/herbaltattoo.eu\/cs\/wp-json\/wp\/v2\/product_cat?post=22397"},{"taxonomy":"product_tag","embeddable":true,"href":"https:\/\/herbaltattoo.eu\/cs\/wp-json\/wp\/v2\/product_tag?post=22397"}],"curies":[{"name":"wp","href":"https:\/\/api.w.org\/{rel}","templated":true}]}}