{"id":22380,"date":"2026-03-09T16:30:32","date_gmt":"2026-03-09T15:30:32","guid":{"rendered":"https:\/\/herbaltattoo.eu\/produkt\/joker\/"},"modified":"2026-03-09T16:47:28","modified_gmt":"2026-03-09T15:47:28","slug":"joker","status":"publish","type":"product","link":"https:\/\/herbaltattoo.eu\/cs\/produkt\/joker\/","title":{"rendered":"Joker"},"content":{"rendered":"<p>Tetov\u00e1n\u00ed je symbol <strong data-start=\"218\" data-end=\"260\">\u0161\u00edlenstv\u00ed, svobody a \u017eivota bez pravidel<\/strong>. N\u00e1pis \u201eHA HA\u201c zd\u016fraz\u0148uje chaos, ironii a temnou str\u00e1nku lidsk\u00e9 povahy. Celek znamen\u00e1 vzpouru, nep\u0159edv\u00eddatelnost a l\u00e1sku s destrukc\u00ed propleten\u00e9 v jedno.  <\/p>\n","protected":false},"excerpt":{"rendered":"<p>Tetov\u00e1n\u00ed je symbol \u0161\u00edlenstv\u00ed, svobody a \u017eivota bez pravidel. N\u00e1pis \u201eHA HA\u201c zd\u016fraz\u0148uje chaos, ironii a temnou str\u00e1nku lidsk\u00e9 povahy. Celek znamen\u00e1 vzpouru, nep\u0159edv\u00eddatelnost a l\u00e1sku s destrukc\u00ed propleten\u00e9 v jedno.<\/p>\n","protected":false},"featured_media":22377,"template":"","meta":{"_monsterinsights_skip_tracking":false,"_monsterinsights_sitenote_active":false,"_monsterinsights_sitenote_note":"","_monsterinsights_sitenote_category":0,"_kadence_starter_templates_imported_post":false,"_kad_post_transparent":"","_kad_post_title":"","_kad_post_layout":"","_kad_post_sidebar_id":"","_kad_post_content_style":"","_kad_post_vertical_padding":"","_kad_post_feature":"","_kad_post_feature_position":"","_kad_post_header":false,"_kad_post_footer":false,"_kad_post_classname":""},"product_brand":[],"product_cat":[88,77],"product_tag":[],"class_list":{"0":"post-22380","1":"product","2":"type-product","3":"status-publish","4":"has-post-thumbnail","6":"product_cat-rukavy","7":"product_cat-vse","9":"first","10":"instock","11":"taxable","12":"shipping-taxable","13":"purchasable","14":"product-type-simple","15":"entry","16":"content-bg","17":"loop-entry"},"jetpack_sharing_enabled":true,"_links":{"self":[{"href":"https:\/\/herbaltattoo.eu\/cs\/wp-json\/wp\/v2\/product\/22380","targetHints":{"allow":["GET"]}}],"collection":[{"href":"https:\/\/herbaltattoo.eu\/cs\/wp-json\/wp\/v2\/product"}],"about":[{"href":"https:\/\/herbaltattoo.eu\/cs\/wp-json\/wp\/v2\/types\/product"}],"wp:featuredmedia":[{"embeddable":true,"href":"https:\/\/herbaltattoo.eu\/cs\/wp-json\/wp\/v2\/media\/22377"}],"wp:attachment":[{"href":"https:\/\/herbaltattoo.eu\/cs\/wp-json\/wp\/v2\/media?parent=22380"}],"wp:term":[{"taxonomy":"product_brand","embeddable":true,"href":"https:\/\/herbaltattoo.eu\/cs\/wp-json\/wp\/v2\/product_brand?post=22380"},{"taxonomy":"product_cat","embeddable":true,"href":"https:\/\/herbaltattoo.eu\/cs\/wp-json\/wp\/v2\/product_cat?post=22380"},{"taxonomy":"product_tag","embeddable":true,"href":"https:\/\/herbaltattoo.eu\/cs\/wp-json\/wp\/v2\/product_tag?post=22380"}],"curies":[{"name":"wp","href":"https:\/\/api.w.org\/{rel}","templated":true}]}}