{"id":21527,"date":"2025-02-16T16:56:13","date_gmt":"2025-02-16T15:56:13","guid":{"rendered":"https:\/\/herbaltattoo.eu\/produkt\/letadlo-2\/"},"modified":"2026-02-15T18:30:30","modified_gmt":"2026-02-15T17:30:30","slug":"letadlo-2","status":"publish","type":"product","link":"https:\/\/herbaltattoo.eu\/cs\/produkt\/letadlo-2\/","title":{"rendered":"Letadlo"},"content":{"rendered":"<p>Tetov\u00e1n\u00ed s letadlem symbolizuje svobodu, cestov\u00e1n\u00ed a touhu objevovat nov\u00e1 m\u00edsta. M\u016f\u017ee znamenat touhu uniknout z rutiny, hled\u00e1n\u00ed nov\u00fdch z\u00e1\u017eitk\u016f nebo duchovn\u00ed cestu. \u010casto si ho vyb\u00edraj\u00ed lid\u00e9, kte\u0159\u00ed miluj\u00ed cestov\u00e1n\u00ed, zm\u011bny a nez\u00e1vislost. Letadlo v tetov\u00e1n\u00ed m\u016f\u017ee tak\u00e9 p\u0159edstavovat sny, aspirace a snahu dos\u00e1hnout c\u00edl\u016f p\u0159ekra\u010dov\u00e1n\u00edm hranic a omezen\u00ed.   <\/p>\n","protected":false},"excerpt":{"rendered":"<p>Tetov\u00e1n\u00ed s letadlem symbolizuje svobodu, cestov\u00e1n\u00ed a touhu objevovat nov\u00e1 m\u00edsta. M\u016f\u017ee znamenat touhu uniknout z rutiny, hled\u00e1n\u00ed nov\u00fdch z\u00e1\u017eitk\u016f nebo duchovn\u00ed cestu. \u010casto si ho vyb\u00edraj\u00ed lid\u00e9, kte\u0159\u00ed miluj\u00ed cestov\u00e1n\u00ed, zm\u011bny a nez\u00e1vislost. Letadlo v tetov\u00e1n\u00ed m\u016f\u017ee tak\u00e9 p\u0159edstavovat sny, aspirace a snahu dos\u00e1hnout c\u00edl\u016f p\u0159ekra\u010dov\u00e1n\u00edm hranic a omezen\u00ed.<\/p>\n","protected":false},"featured_media":21304,"template":"","meta":{"_monsterinsights_skip_tracking":false,"_monsterinsights_sitenote_active":false,"_monsterinsights_sitenote_note":"","_monsterinsights_sitenote_category":0,"_kadence_starter_templates_imported_post":false,"_kad_post_transparent":"","_kad_post_title":"","_kad_post_layout":"","_kad_post_sidebar_id":"","_kad_post_content_style":"","_kad_post_vertical_padding":"","_kad_post_feature":"","_kad_post_feature_position":"","_kad_post_header":false,"_kad_post_footer":false,"_kad_post_classname":""},"product_brand":[],"product_cat":[84,77],"product_tag":[],"class_list":{"0":"post-21527","1":"product","2":"type-product","3":"status-publish","4":"has-post-thumbnail","6":"product_cat-minimalisticke","7":"product_cat-vse","9":"first","10":"instock","11":"taxable","12":"shipping-taxable","13":"purchasable","14":"product-type-simple","15":"entry","16":"content-bg","17":"loop-entry"},"jetpack_sharing_enabled":true,"_links":{"self":[{"href":"https:\/\/herbaltattoo.eu\/cs\/wp-json\/wp\/v2\/product\/21527","targetHints":{"allow":["GET"]}}],"collection":[{"href":"https:\/\/herbaltattoo.eu\/cs\/wp-json\/wp\/v2\/product"}],"about":[{"href":"https:\/\/herbaltattoo.eu\/cs\/wp-json\/wp\/v2\/types\/product"}],"wp:featuredmedia":[{"embeddable":true,"href":"https:\/\/herbaltattoo.eu\/cs\/wp-json\/wp\/v2\/media\/21304"}],"wp:attachment":[{"href":"https:\/\/herbaltattoo.eu\/cs\/wp-json\/wp\/v2\/media?parent=21527"}],"wp:term":[{"taxonomy":"product_brand","embeddable":true,"href":"https:\/\/herbaltattoo.eu\/cs\/wp-json\/wp\/v2\/product_brand?post=21527"},{"taxonomy":"product_cat","embeddable":true,"href":"https:\/\/herbaltattoo.eu\/cs\/wp-json\/wp\/v2\/product_cat?post=21527"},{"taxonomy":"product_tag","embeddable":true,"href":"https:\/\/herbaltattoo.eu\/cs\/wp-json\/wp\/v2\/product_tag?post=21527"}],"curies":[{"name":"wp","href":"https:\/\/api.w.org\/{rel}","templated":true}]}}