{"id":21520,"date":"2025-02-16T16:25:14","date_gmt":"2025-02-16T15:25:14","guid":{"rendered":"https:\/\/herbaltattoo.eu\/produkt\/mesic-3\/"},"modified":"2026-02-15T18:32:18","modified_gmt":"2026-02-15T17:32:18","slug":"mesic-3","status":"publish","type":"product","link":"https:\/\/herbaltattoo.eu\/cs\/produkt\/mesic-3\/","title":{"rendered":"M\u011bs\u00edc"},"content":{"rendered":"<p>Tetov\u00e1n\u00ed s motivem m\u011bs\u00edce a r\u016f\u017ee symbolizuje rovnov\u00e1hu mezi protiklady \u2013 jemnost\u00ed a silou, noc\u00ed a dnem. M\u011bs\u00edc m\u016f\u017ee p\u0159edstavovat tajemstv\u00ed, intuici a cykli\u010dnost, zat\u00edmco r\u016f\u017ee symbolizuje l\u00e1sku, kr\u00e1su a v\u00e1\u0161e\u0148. Spole\u010dn\u011b vytv\u00e1\u0159ej\u00ed obraz harmonie, ve kter\u00e9m spolu existuje smyslnost a duchovno.  <\/p>\n","protected":false},"excerpt":{"rendered":"<p>Tetov\u00e1n\u00ed s motivem m\u011bs\u00edce a r\u016f\u017ee symbolizuje rovnov\u00e1hu mezi protiklady \u2013 jemnost\u00ed a silou, noc\u00ed a dnem. M\u011bs\u00edc m\u016f\u017ee p\u0159edstavovat tajemstv\u00ed, intuici a cykli\u010dnost, zat\u00edmco r\u016f\u017ee symbolizuje l\u00e1sku, kr\u00e1su a v\u00e1\u0161e\u0148. Spole\u010dn\u011b vytv\u00e1\u0159ej\u00ed obraz harmonie, ve kter\u00e9m spolu existuje smyslnost a duchovno.<\/p>\n","protected":false},"featured_media":21519,"template":"","meta":{"_monsterinsights_skip_tracking":false,"_monsterinsights_sitenote_active":false,"_monsterinsights_sitenote_note":"","_monsterinsights_sitenote_category":0,"_kadence_starter_templates_imported_post":false,"_kad_post_transparent":"","_kad_post_title":"","_kad_post_layout":"","_kad_post_sidebar_id":"","_kad_post_content_style":"","_kad_post_vertical_padding":"","_kad_post_feature":"","_kad_post_feature_position":"","_kad_post_header":false,"_kad_post_footer":false,"_kad_post_classname":""},"product_brand":[],"product_cat":[84,77],"product_tag":[],"class_list":{"0":"post-21520","1":"product","2":"type-product","3":"status-publish","4":"has-post-thumbnail","6":"product_cat-minimalisticke","7":"product_cat-vse","9":"first","10":"instock","11":"taxable","12":"shipping-taxable","13":"purchasable","14":"product-type-simple","15":"entry","16":"content-bg","17":"loop-entry"},"jetpack_sharing_enabled":true,"_links":{"self":[{"href":"https:\/\/herbaltattoo.eu\/cs\/wp-json\/wp\/v2\/product\/21520","targetHints":{"allow":["GET"]}}],"collection":[{"href":"https:\/\/herbaltattoo.eu\/cs\/wp-json\/wp\/v2\/product"}],"about":[{"href":"https:\/\/herbaltattoo.eu\/cs\/wp-json\/wp\/v2\/types\/product"}],"wp:featuredmedia":[{"embeddable":true,"href":"https:\/\/herbaltattoo.eu\/cs\/wp-json\/wp\/v2\/media\/21519"}],"wp:attachment":[{"href":"https:\/\/herbaltattoo.eu\/cs\/wp-json\/wp\/v2\/media?parent=21520"}],"wp:term":[{"taxonomy":"product_brand","embeddable":true,"href":"https:\/\/herbaltattoo.eu\/cs\/wp-json\/wp\/v2\/product_brand?post=21520"},{"taxonomy":"product_cat","embeddable":true,"href":"https:\/\/herbaltattoo.eu\/cs\/wp-json\/wp\/v2\/product_cat?post=21520"},{"taxonomy":"product_tag","embeddable":true,"href":"https:\/\/herbaltattoo.eu\/cs\/wp-json\/wp\/v2\/product_tag?post=21520"}],"curies":[{"name":"wp","href":"https:\/\/api.w.org\/{rel}","templated":true}]}}