{"id":21510,"date":"2025-02-16T17:09:52","date_gmt":"2025-02-16T16:09:52","guid":{"rendered":"https:\/\/herbaltattoo.eu\/produkt\/plamen\/"},"modified":"2026-02-15T18:30:10","modified_gmt":"2026-02-15T17:30:10","slug":"plamen","status":"publish","type":"product","link":"https:\/\/herbaltattoo.eu\/cs\/produkt\/plamen\/","title":{"rendered":"Plamen"},"content":{"rendered":"<p>Tetov\u00e1n\u00ed s plamenem symbolizuje v\u00e1\u0161e\u0148, s\u00edlu a energii. M\u016f\u017ee znamenat vnit\u0159n\u00ed odhodl\u00e1n\u00ed, znovuzrozen\u00ed a prom\u011bnu, jako ohe\u0148, kter\u00fd ni\u010d\u00ed, aby vytvo\u0159il n\u011bco nov\u00e9ho. \u010casto se tak\u00e9 spojuje se svobodou, bojovn\u00fdm duchem nebo neuhasitelnou touhou dos\u00e1hnout c\u00edle.  <\/p>\n","protected":false},"excerpt":{"rendered":"<p>Tetov\u00e1n\u00ed s plamenem symbolizuje v\u00e1\u0161e\u0148, s\u00edlu a energii. M\u016f\u017ee znamenat vnit\u0159n\u00ed odhodl\u00e1n\u00ed, znovuzrozen\u00ed a prom\u011bnu, jako ohe\u0148, kter\u00fd ni\u010d\u00ed, aby vytvo\u0159il n\u011bco nov\u00e9ho. \u010casto se tak\u00e9 spojuje se svobodou, bojovn\u00fdm duchem nebo neuhasitelnou touhou dos\u00e1hnout c\u00edle.<\/p>\n","protected":false},"featured_media":21512,"template":"","meta":{"_monsterinsights_skip_tracking":false,"_monsterinsights_sitenote_active":false,"_monsterinsights_sitenote_note":"","_monsterinsights_sitenote_category":0,"_kadence_starter_templates_imported_post":false,"_kad_post_transparent":"","_kad_post_title":"","_kad_post_layout":"","_kad_post_sidebar_id":"","_kad_post_content_style":"","_kad_post_vertical_padding":"","_kad_post_feature":"","_kad_post_feature_position":"","_kad_post_header":false,"_kad_post_footer":false,"_kad_post_classname":""},"product_brand":[],"product_cat":[84,77],"product_tag":[],"class_list":{"0":"post-21510","1":"product","2":"type-product","3":"status-publish","4":"has-post-thumbnail","6":"product_cat-minimalisticke","7":"product_cat-vse","9":"first","10":"instock","11":"taxable","12":"shipping-taxable","13":"purchasable","14":"product-type-simple","15":"entry","16":"content-bg","17":"loop-entry"},"jetpack_sharing_enabled":true,"_links":{"self":[{"href":"https:\/\/herbaltattoo.eu\/cs\/wp-json\/wp\/v2\/product\/21510","targetHints":{"allow":["GET"]}}],"collection":[{"href":"https:\/\/herbaltattoo.eu\/cs\/wp-json\/wp\/v2\/product"}],"about":[{"href":"https:\/\/herbaltattoo.eu\/cs\/wp-json\/wp\/v2\/types\/product"}],"wp:featuredmedia":[{"embeddable":true,"href":"https:\/\/herbaltattoo.eu\/cs\/wp-json\/wp\/v2\/media\/21512"}],"wp:attachment":[{"href":"https:\/\/herbaltattoo.eu\/cs\/wp-json\/wp\/v2\/media?parent=21510"}],"wp:term":[{"taxonomy":"product_brand","embeddable":true,"href":"https:\/\/herbaltattoo.eu\/cs\/wp-json\/wp\/v2\/product_brand?post=21510"},{"taxonomy":"product_cat","embeddable":true,"href":"https:\/\/herbaltattoo.eu\/cs\/wp-json\/wp\/v2\/product_cat?post=21510"},{"taxonomy":"product_tag","embeddable":true,"href":"https:\/\/herbaltattoo.eu\/cs\/wp-json\/wp\/v2\/product_tag?post=21510"}],"curies":[{"name":"wp","href":"https:\/\/api.w.org\/{rel}","templated":true}]}}