{"id":21498,"date":"2025-02-16T17:10:52","date_gmt":"2025-02-16T16:10:52","guid":{"rendered":"https:\/\/herbaltattoo.eu\/produkt\/ruze-3\/"},"modified":"2026-02-15T18:30:09","modified_gmt":"2026-02-15T17:30:09","slug":"ruze-3","status":"publish","type":"product","link":"https:\/\/herbaltattoo.eu\/cs\/produkt\/ruze-3\/","title":{"rendered":"R\u016f\u017ee"},"content":{"rendered":"<p>Tetov\u00e1n\u00ed s r\u016f\u017e\u00ed symbolizuje l\u00e1sku, kr\u00e1su a v\u00e1\u0161e\u0148, ale tak\u00e9 s\u00edlu a znovuzrozen\u00ed. Tento motiv se \u010dasto kombinuje s trny, kter\u00e9 symbolizuj\u00ed ochranu a \u017eivotn\u00ed obt\u00ed\u017ee. Tetov\u00e1n\u00ed r\u016f\u017ee m\u016f\u017ee m\u00edt osobn\u00ed v\u00fdznam, kter\u00fd odkazuje na city, prom\u011bny nebo d\u016fle\u017eit\u00e9 ud\u00e1losti.  <\/p>\n","protected":false},"excerpt":{"rendered":"<p>Tetov\u00e1n\u00ed s r\u016f\u017e\u00ed symbolizuje l\u00e1sku, kr\u00e1su a v\u00e1\u0161e\u0148, ale tak\u00e9 s\u00edlu a znovuzrozen\u00ed. Tento motiv se \u010dasto kombinuje s trny, kter\u00e9 symbolizuj\u00ed ochranu a \u017eivotn\u00ed obt\u00ed\u017ee. Tetov\u00e1n\u00ed r\u016f\u017ee m\u016f\u017ee m\u00edt osobn\u00ed v\u00fdznam, kter\u00fd odkazuje na city, prom\u011bny nebo d\u016fle\u017eit\u00e9 ud\u00e1losti.<\/p>\n","protected":false},"featured_media":21500,"template":"","meta":{"_monsterinsights_skip_tracking":false,"_monsterinsights_sitenote_active":false,"_monsterinsights_sitenote_note":"","_monsterinsights_sitenote_category":0,"_kadence_starter_templates_imported_post":false,"_kad_post_transparent":"","_kad_post_title":"","_kad_post_layout":"","_kad_post_sidebar_id":"","_kad_post_content_style":"","_kad_post_vertical_padding":"","_kad_post_feature":"","_kad_post_feature_position":"","_kad_post_header":false,"_kad_post_footer":false,"_kad_post_classname":""},"product_brand":[],"product_cat":[84,77],"product_tag":[],"class_list":{"0":"post-21498","1":"product","2":"type-product","3":"status-publish","4":"has-post-thumbnail","6":"product_cat-minimalisticke","7":"product_cat-vse","9":"first","10":"instock","11":"taxable","12":"shipping-taxable","13":"purchasable","14":"product-type-simple","15":"entry","16":"content-bg","17":"loop-entry"},"jetpack_sharing_enabled":true,"_links":{"self":[{"href":"https:\/\/herbaltattoo.eu\/cs\/wp-json\/wp\/v2\/product\/21498","targetHints":{"allow":["GET"]}}],"collection":[{"href":"https:\/\/herbaltattoo.eu\/cs\/wp-json\/wp\/v2\/product"}],"about":[{"href":"https:\/\/herbaltattoo.eu\/cs\/wp-json\/wp\/v2\/types\/product"}],"wp:featuredmedia":[{"embeddable":true,"href":"https:\/\/herbaltattoo.eu\/cs\/wp-json\/wp\/v2\/media\/21500"}],"wp:attachment":[{"href":"https:\/\/herbaltattoo.eu\/cs\/wp-json\/wp\/v2\/media?parent=21498"}],"wp:term":[{"taxonomy":"product_brand","embeddable":true,"href":"https:\/\/herbaltattoo.eu\/cs\/wp-json\/wp\/v2\/product_brand?post=21498"},{"taxonomy":"product_cat","embeddable":true,"href":"https:\/\/herbaltattoo.eu\/cs\/wp-json\/wp\/v2\/product_cat?post=21498"},{"taxonomy":"product_tag","embeddable":true,"href":"https:\/\/herbaltattoo.eu\/cs\/wp-json\/wp\/v2\/product_tag?post=21498"}],"curies":[{"name":"wp","href":"https:\/\/api.w.org\/{rel}","templated":true}]}}