{"id":21384,"date":"2025-02-16T17:07:26","date_gmt":"2025-02-16T16:07:26","guid":{"rendered":"https:\/\/herbaltattoo.eu\/produkt\/inscription\/"},"modified":"2026-02-15T18:30:29","modified_gmt":"2026-02-15T17:30:29","slug":"inscription","status":"publish","type":"product","link":"https:\/\/herbaltattoo.eu\/cs\/produkt\/inscription\/","title":{"rendered":"N\u00e1pis"},"content":{"rendered":"","protected":false},"excerpt":{"rendered":"<p>Tetov\u00e1n\u00ed s n\u00e1pisem \u201e<strong data-start=\"17\" data-end=\"39\">Choose Happiness<\/strong>\u201c symbolizuje v\u011bdomou volbu radosti a pozitivn\u00edho p\u0159\u00edstupu k \u017eivotu. P\u0159ipom\u00edn\u00e1, \u017ee \u0161t\u011bst\u00ed je rozhodnut\u00ed, nikoli pouze v\u00fdsledek okolnost\u00ed. M\u016f\u017ee motivovat k ocen\u011bn\u00ed okam\u017eiku, p\u0159ekon\u00e1v\u00e1n\u00ed obt\u00ed\u017e\u00ed a optimistick\u00e9mu p\u0159\u00edstupu. Tento vzor se \u010dasto kombinuje s jemn\u00fdm p\u00edsmem, srdcem, sluncem nebo jin\u00fdmi symboly \u0161t\u011bst\u00ed.<\/p>\n","protected":false},"featured_media":21382,"template":"","meta":{"_monsterinsights_skip_tracking":false,"_monsterinsights_sitenote_active":false,"_monsterinsights_sitenote_note":"","_monsterinsights_sitenote_category":0,"_kadence_starter_templates_imported_post":false,"_kad_post_transparent":"default","_kad_post_title":"","_kad_post_layout":"default","_kad_post_sidebar_id":"","_kad_post_content_style":"default","_kad_post_vertical_padding":"default","_kad_post_feature":"","_kad_post_feature_position":"","_kad_post_header":false,"_kad_post_footer":false,"_kad_post_classname":""},"product_brand":[],"product_cat":[84,77],"product_tag":[],"class_list":{"0":"post-21384","1":"product","2":"type-product","3":"status-publish","4":"has-post-thumbnail","6":"product_cat-minimalisticke","7":"product_cat-vse","9":"first","10":"instock","11":"taxable","12":"shipping-taxable","13":"purchasable","14":"product-type-simple","15":"entry","16":"content-bg","17":"loop-entry"},"jetpack_sharing_enabled":true,"_links":{"self":[{"href":"https:\/\/herbaltattoo.eu\/cs\/wp-json\/wp\/v2\/product\/21384","targetHints":{"allow":["GET"]}}],"collection":[{"href":"https:\/\/herbaltattoo.eu\/cs\/wp-json\/wp\/v2\/product"}],"about":[{"href":"https:\/\/herbaltattoo.eu\/cs\/wp-json\/wp\/v2\/types\/product"}],"wp:featuredmedia":[{"embeddable":true,"href":"https:\/\/herbaltattoo.eu\/cs\/wp-json\/wp\/v2\/media\/21382"}],"wp:attachment":[{"href":"https:\/\/herbaltattoo.eu\/cs\/wp-json\/wp\/v2\/media?parent=21384"}],"wp:term":[{"taxonomy":"product_brand","embeddable":true,"href":"https:\/\/herbaltattoo.eu\/cs\/wp-json\/wp\/v2\/product_brand?post=21384"},{"taxonomy":"product_cat","embeddable":true,"href":"https:\/\/herbaltattoo.eu\/cs\/wp-json\/wp\/v2\/product_cat?post=21384"},{"taxonomy":"product_tag","embeddable":true,"href":"https:\/\/herbaltattoo.eu\/cs\/wp-json\/wp\/v2\/product_tag?post=21384"}],"curies":[{"name":"wp","href":"https:\/\/api.w.org\/{rel}","templated":true}]}}