{"id":21372,"date":"2025-02-16T17:05:57","date_gmt":"2025-02-16T16:05:57","guid":{"rendered":"https:\/\/herbaltattoo.eu\/produkt\/papirove-letadlo\/"},"modified":"2026-02-15T18:30:29","modified_gmt":"2026-02-15T17:30:29","slug":"papirove-letadlo","status":"publish","type":"product","link":"https:\/\/herbaltattoo.eu\/cs\/produkt\/papirove-letadlo\/","title":{"rendered":"Pap\u00edrov\u00e9 letadlo"},"content":{"rendered":"<p>Tetov\u00e1n\u00ed s pap\u00edrov\u00fdm letadlem symbolizuje svobodu, sny a bezstarostnost. M\u016f\u017ee znamenat touhu objevovat nov\u00e9 mo\u017enosti, spont\u00e1nnost a lehkost v p\u0159\u00edstupu k \u017eivotu. \u010casto se tak\u00e9 spojuje s cestov\u00e1n\u00edm, d\u011btstv\u00edm nebo nekonven\u010dn\u00edm zp\u016fsobem dosahov\u00e1n\u00ed c\u00edl\u016f.  <\/p>\n","protected":false},"excerpt":{"rendered":"<p>Tetov\u00e1n\u00ed s pap\u00edrov\u00fdm letadlem symbolizuje svobodu, sny a bezstarostnost. M\u016f\u017ee znamenat touhu objevovat nov\u00e9 mo\u017enosti, spont\u00e1nnost a lehkost v p\u0159\u00edstupu k \u017eivotu. \u010casto se tak\u00e9 spojuje s cestov\u00e1n\u00edm, d\u011btstv\u00edm nebo nekonven\u010dn\u00edm zp\u016fsobem dosahov\u00e1n\u00ed c\u00edl\u016f.<\/p>\n","protected":false},"featured_media":21370,"template":"","meta":{"_monsterinsights_skip_tracking":false,"_monsterinsights_sitenote_active":false,"_monsterinsights_sitenote_note":"","_monsterinsights_sitenote_category":0,"_kadence_starter_templates_imported_post":false,"_kad_post_transparent":"","_kad_post_title":"","_kad_post_layout":"","_kad_post_sidebar_id":"","_kad_post_content_style":"","_kad_post_vertical_padding":"","_kad_post_feature":"","_kad_post_feature_position":"","_kad_post_header":false,"_kad_post_footer":false,"_kad_post_classname":""},"product_brand":[],"product_cat":[84,77],"product_tag":[],"class_list":{"0":"post-21372","1":"product","2":"type-product","3":"status-publish","4":"has-post-thumbnail","6":"product_cat-minimalisticke","7":"product_cat-vse","9":"first","10":"instock","11":"taxable","12":"shipping-taxable","13":"purchasable","14":"product-type-simple","15":"entry","16":"content-bg","17":"loop-entry"},"jetpack_sharing_enabled":true,"_links":{"self":[{"href":"https:\/\/herbaltattoo.eu\/cs\/wp-json\/wp\/v2\/product\/21372","targetHints":{"allow":["GET"]}}],"collection":[{"href":"https:\/\/herbaltattoo.eu\/cs\/wp-json\/wp\/v2\/product"}],"about":[{"href":"https:\/\/herbaltattoo.eu\/cs\/wp-json\/wp\/v2\/types\/product"}],"wp:featuredmedia":[{"embeddable":true,"href":"https:\/\/herbaltattoo.eu\/cs\/wp-json\/wp\/v2\/media\/21370"}],"wp:attachment":[{"href":"https:\/\/herbaltattoo.eu\/cs\/wp-json\/wp\/v2\/media?parent=21372"}],"wp:term":[{"taxonomy":"product_brand","embeddable":true,"href":"https:\/\/herbaltattoo.eu\/cs\/wp-json\/wp\/v2\/product_brand?post=21372"},{"taxonomy":"product_cat","embeddable":true,"href":"https:\/\/herbaltattoo.eu\/cs\/wp-json\/wp\/v2\/product_cat?post=21372"},{"taxonomy":"product_tag","embeddable":true,"href":"https:\/\/herbaltattoo.eu\/cs\/wp-json\/wp\/v2\/product_tag?post=21372"}],"curies":[{"name":"wp","href":"https:\/\/api.w.org\/{rel}","templated":true}]}}