{"id":21354,"date":"2025-02-16T17:02:11","date_gmt":"2025-02-16T16:02:11","guid":{"rendered":"https:\/\/herbaltattoo.eu\/produkt\/kruk\/"},"modified":"2026-02-15T18:30:29","modified_gmt":"2026-02-15T17:30:29","slug":"kruk","status":"publish","type":"product","link":"https:\/\/herbaltattoo.eu\/cs\/produkt\/kruk\/","title":{"rendered":"Kruk"},"content":{"rendered":"<p>Tetov\u00e1n\u00ed s havranem symbolizuje moudrost, tajemstv\u00ed a prom\u011bnu. Havran je \u010dasto spojov\u00e1n s magi\u00ed, p\u0159edv\u00edd\u00e1n\u00edm budoucnosti a spojen\u00edm s duchovn\u00edm sv\u011btem. V mnoha kultur\u00e1ch je pova\u017eov\u00e1n za posla, kter\u00fd ohla\u0161uje zm\u011bny, a tak\u00e9 za symbol bystrosti a nez\u00e1vislosti. Takov\u00fd tetov\u00e1n\u00ed m\u016f\u017ee tak\u00e9 znamenat s\u00edlu, svobodu a odvahu \u010delit \u017eivotn\u00edm v\u00fdzv\u00e1m.   <\/p>\n","protected":false},"excerpt":{"rendered":"<p>Tetov\u00e1n\u00ed s havranem symbolizuje moudrost, tajemstv\u00ed a prom\u011bnu. Havran je \u010dasto spojov\u00e1n s magi\u00ed, p\u0159edv\u00edd\u00e1n\u00edm budoucnosti a spojen\u00edm s duchovn\u00edm sv\u011btem. V mnoha kultur\u00e1ch je pova\u017eov\u00e1n za posla, kter\u00fd ohla\u0161uje zm\u011bny, a tak\u00e9 za symbol bystrosti a nez\u00e1vislosti. Takov\u00fd tetov\u00e1n\u00ed m\u016f\u017ee tak\u00e9 znamenat s\u00edlu, svobodu a odvahu \u010delit \u017eivotn\u00edm v\u00fdzv\u00e1m.<\/p>\n","protected":false},"featured_media":21352,"template":"","meta":{"_monsterinsights_skip_tracking":false,"_monsterinsights_sitenote_active":false,"_monsterinsights_sitenote_note":"","_monsterinsights_sitenote_category":0,"_kadence_starter_templates_imported_post":false,"_kad_post_transparent":"","_kad_post_title":"","_kad_post_layout":"","_kad_post_sidebar_id":"","_kad_post_content_style":"","_kad_post_vertical_padding":"","_kad_post_feature":"","_kad_post_feature_position":"","_kad_post_header":false,"_kad_post_footer":false,"_kad_post_classname":""},"product_brand":[],"product_cat":[84,77],"product_tag":[],"class_list":{"0":"post-21354","1":"product","2":"type-product","3":"status-publish","4":"has-post-thumbnail","6":"product_cat-minimalisticke","7":"product_cat-vse","9":"first","10":"instock","11":"taxable","12":"shipping-taxable","13":"purchasable","14":"product-type-simple","15":"entry","16":"content-bg","17":"loop-entry"},"jetpack_sharing_enabled":true,"_links":{"self":[{"href":"https:\/\/herbaltattoo.eu\/cs\/wp-json\/wp\/v2\/product\/21354","targetHints":{"allow":["GET"]}}],"collection":[{"href":"https:\/\/herbaltattoo.eu\/cs\/wp-json\/wp\/v2\/product"}],"about":[{"href":"https:\/\/herbaltattoo.eu\/cs\/wp-json\/wp\/v2\/types\/product"}],"wp:featuredmedia":[{"embeddable":true,"href":"https:\/\/herbaltattoo.eu\/cs\/wp-json\/wp\/v2\/media\/21352"}],"wp:attachment":[{"href":"https:\/\/herbaltattoo.eu\/cs\/wp-json\/wp\/v2\/media?parent=21354"}],"wp:term":[{"taxonomy":"product_brand","embeddable":true,"href":"https:\/\/herbaltattoo.eu\/cs\/wp-json\/wp\/v2\/product_brand?post=21354"},{"taxonomy":"product_cat","embeddable":true,"href":"https:\/\/herbaltattoo.eu\/cs\/wp-json\/wp\/v2\/product_cat?post=21354"},{"taxonomy":"product_tag","embeddable":true,"href":"https:\/\/herbaltattoo.eu\/cs\/wp-json\/wp\/v2\/product_tag?post=21354"}],"curies":[{"name":"wp","href":"https:\/\/api.w.org\/{rel}","templated":true}]}}