{"id":21336,"date":"2025-02-16T17:00:21","date_gmt":"2025-02-16T16:00:21","guid":{"rendered":"https:\/\/herbaltattoo.eu\/produkt\/slunce\/"},"modified":"2026-02-15T18:30:29","modified_gmt":"2026-02-15T17:30:29","slug":"slunce","status":"publish","type":"product","link":"https:\/\/herbaltattoo.eu\/cs\/produkt\/slunce\/","title":{"rendered":"Slunce"},"content":{"rendered":"<p>Tetov\u00e1n\u00ed se sluncem symbolizuje \u017eivot, energii, radost a nad\u011bji. Slunce je \u010dasto pova\u017eov\u00e1no za zdroj energie, tepla a pozitivn\u00ed s\u00edly a jeho p\u0159\u00edtomnost v tetov\u00e1n\u00ed m\u016f\u017ee znamenat optimismus a nov\u00fd za\u010d\u00e1tek. M\u016f\u017ee tak\u00e9 p\u0159edstavovat duchovn\u00ed osv\u00edcen\u00ed, s\u00edlu p\u0159ekon\u00e1vat obt\u00ed\u017ee a vnit\u0159n\u00ed rovnov\u00e1hu. Tento motiv je obl\u00edben\u00fd u lid\u00ed, kte\u0159\u00ed si cht\u011bj\u00ed p\u0159ipomenout s\u00edlu a sv\u011btlo, kter\u00e9 v sob\u011b nos\u00ed.   <\/p>\n","protected":false},"excerpt":{"rendered":"<p>Tetov\u00e1n\u00ed se sluncem symbolizuje \u017eivot, energii, radost a nad\u011bji. Slunce je \u010dasto pova\u017eov\u00e1no za zdroj energie, tepla a pozitivn\u00ed s\u00edly a jeho p\u0159\u00edtomnost v tetov\u00e1n\u00ed m\u016f\u017ee znamenat optimismus a nov\u00fd za\u010d\u00e1tek. M\u016f\u017ee tak\u00e9 p\u0159edstavovat duchovn\u00ed osv\u00edcen\u00ed, s\u00edlu p\u0159ekon\u00e1vat obt\u00ed\u017ee a vnit\u0159n\u00ed rovnov\u00e1hu. Tento motiv je obl\u00edben\u00fd u lid\u00ed, kte\u0159\u00ed si cht\u011bj\u00ed p\u0159ipomenout s\u00edlu a sv\u011btlo,&#8230;<\/p>\n","protected":false},"featured_media":21334,"template":"","meta":{"_monsterinsights_skip_tracking":false,"_monsterinsights_sitenote_active":false,"_monsterinsights_sitenote_note":"","_monsterinsights_sitenote_category":0,"_kadence_starter_templates_imported_post":false,"_kad_post_transparent":"","_kad_post_title":"","_kad_post_layout":"","_kad_post_sidebar_id":"","_kad_post_content_style":"","_kad_post_vertical_padding":"","_kad_post_feature":"","_kad_post_feature_position":"","_kad_post_header":false,"_kad_post_footer":false,"_kad_post_classname":""},"product_brand":[],"product_cat":[84,77],"product_tag":[],"class_list":{"0":"post-21336","1":"product","2":"type-product","3":"status-publish","4":"has-post-thumbnail","6":"product_cat-minimalisticke","7":"product_cat-vse","9":"first","10":"instock","11":"taxable","12":"shipping-taxable","13":"purchasable","14":"product-type-simple","15":"entry","16":"content-bg","17":"loop-entry"},"jetpack_sharing_enabled":true,"_links":{"self":[{"href":"https:\/\/herbaltattoo.eu\/cs\/wp-json\/wp\/v2\/product\/21336","targetHints":{"allow":["GET"]}}],"collection":[{"href":"https:\/\/herbaltattoo.eu\/cs\/wp-json\/wp\/v2\/product"}],"about":[{"href":"https:\/\/herbaltattoo.eu\/cs\/wp-json\/wp\/v2\/types\/product"}],"wp:featuredmedia":[{"embeddable":true,"href":"https:\/\/herbaltattoo.eu\/cs\/wp-json\/wp\/v2\/media\/21334"}],"wp:attachment":[{"href":"https:\/\/herbaltattoo.eu\/cs\/wp-json\/wp\/v2\/media?parent=21336"}],"wp:term":[{"taxonomy":"product_brand","embeddable":true,"href":"https:\/\/herbaltattoo.eu\/cs\/wp-json\/wp\/v2\/product_brand?post=21336"},{"taxonomy":"product_cat","embeddable":true,"href":"https:\/\/herbaltattoo.eu\/cs\/wp-json\/wp\/v2\/product_cat?post=21336"},{"taxonomy":"product_tag","embeddable":true,"href":"https:\/\/herbaltattoo.eu\/cs\/wp-json\/wp\/v2\/product_tag?post=21336"}],"curies":[{"name":"wp","href":"https:\/\/api.w.org\/{rel}","templated":true}]}}