{"id":21307,"date":"2025-02-16T16:57:30","date_gmt":"2025-02-16T15:57:30","guid":{"rendered":"https:\/\/herbaltattoo.eu\/produkt\/oko-horusa\/"},"modified":"2026-02-15T18:41:27","modified_gmt":"2026-02-15T17:41:27","slug":"oko-horusa","status":"publish","type":"product","link":"https:\/\/herbaltattoo.eu\/cs\/produkt\/oko-horusa\/","title":{"rendered":"Oko Horusa"},"content":{"rendered":"<p>Tetov\u00e1n\u00ed s Horov\u00fdm okem symbolizuje ochranu, moudrost a duchovn\u00ed s\u00edlu. Ve starov\u011bk\u00e9m Egypt\u011b bylo Horovo oko amuletem, kter\u00fd m\u011bl chr\u00e1nit p\u0159ed zlem a p\u0159in\u00e1\u0161et zdrav\u00ed a \u0161t\u011bst\u00ed. Symbolizuje tak\u00e9 rovnov\u00e1hu, harmonii a vnit\u0159n\u00ed vn\u00edm\u00e1n\u00ed. Takov\u00fd tetov\u00e1n\u00ed m\u016f\u017ee znamenat ochranu p\u0159ed negativn\u00edmi vlivy a tak\u00e9 p\u0159ipom\u00ednku duchovn\u00edho v\u011bdom\u00ed a porozum\u011bn\u00ed.   <\/p>\n","protected":false},"excerpt":{"rendered":"<p>Tetov\u00e1n\u00ed s Horov\u00fdm okem symbolizuje ochranu, moudrost a duchovn\u00ed s\u00edlu. Ve starov\u011bk\u00e9m Egypt\u011b bylo Horovo oko amuletem, kter\u00fd m\u011bl chr\u00e1nit p\u0159ed zlem a p\u0159in\u00e1\u0161et zdrav\u00ed a \u0161t\u011bst\u00ed. Symbolizuje tak\u00e9 rovnov\u00e1hu, harmonii a vnit\u0159n\u00ed vn\u00edm\u00e1n\u00ed. Takov\u00fd tetov\u00e1n\u00ed m\u016f\u017ee znamenat ochranu p\u0159ed negativn\u00edmi vlivy a tak\u00e9 p\u0159ipom\u00ednku duchovn\u00edho v\u011bdom\u00ed a porozum\u011bn\u00ed.<\/p>\n","protected":false},"featured_media":21305,"template":"","meta":{"_monsterinsights_skip_tracking":false,"_monsterinsights_sitenote_active":false,"_monsterinsights_sitenote_note":"","_monsterinsights_sitenote_category":0,"_kadence_starter_templates_imported_post":false,"_kad_post_transparent":"","_kad_post_title":"","_kad_post_layout":"","_kad_post_sidebar_id":"","_kad_post_content_style":"","_kad_post_vertical_padding":"","_kad_post_feature":"","_kad_post_feature_position":"","_kad_post_header":false,"_kad_post_footer":false,"_kad_post_classname":""},"product_brand":[],"product_cat":[84,77],"product_tag":[],"class_list":{"0":"post-21307","1":"product","2":"type-product","3":"status-publish","4":"has-post-thumbnail","6":"product_cat-minimalisticke","7":"product_cat-vse","9":"first","10":"instock","11":"taxable","12":"shipping-taxable","13":"purchasable","14":"product-type-simple","15":"entry","16":"content-bg","17":"loop-entry"},"jetpack_sharing_enabled":true,"_links":{"self":[{"href":"https:\/\/herbaltattoo.eu\/cs\/wp-json\/wp\/v2\/product\/21307","targetHints":{"allow":["GET"]}}],"collection":[{"href":"https:\/\/herbaltattoo.eu\/cs\/wp-json\/wp\/v2\/product"}],"about":[{"href":"https:\/\/herbaltattoo.eu\/cs\/wp-json\/wp\/v2\/types\/product"}],"wp:featuredmedia":[{"embeddable":true,"href":"https:\/\/herbaltattoo.eu\/cs\/wp-json\/wp\/v2\/media\/21305"}],"wp:attachment":[{"href":"https:\/\/herbaltattoo.eu\/cs\/wp-json\/wp\/v2\/media?parent=21307"}],"wp:term":[{"taxonomy":"product_brand","embeddable":true,"href":"https:\/\/herbaltattoo.eu\/cs\/wp-json\/wp\/v2\/product_brand?post=21307"},{"taxonomy":"product_cat","embeddable":true,"href":"https:\/\/herbaltattoo.eu\/cs\/wp-json\/wp\/v2\/product_cat?post=21307"},{"taxonomy":"product_tag","embeddable":true,"href":"https:\/\/herbaltattoo.eu\/cs\/wp-json\/wp\/v2\/product_tag?post=21307"}],"curies":[{"name":"wp","href":"https:\/\/api.w.org\/{rel}","templated":true}]}}