{"id":21297,"date":"2025-02-16T16:55:09","date_gmt":"2025-02-16T15:55:09","guid":{"rendered":"https:\/\/herbaltattoo.eu\/produkt\/amorova-sip\/"},"modified":"2026-02-15T18:30:30","modified_gmt":"2026-02-15T17:30:30","slug":"amorova-sip","status":"publish","type":"product","link":"https:\/\/herbaltattoo.eu\/cs\/produkt\/amorova-sip\/","title":{"rendered":"Amorova \u0161\u00edp"},"content":{"rendered":"<p>Tetov\u00e1n\u00ed se srdcem a letadlem symbolizuje l\u00e1sku k cestov\u00e1n\u00ed, touhu nebo l\u00e1sku na d\u00e1lku. M\u016f\u017ee znamenat spojen\u00ed emoc\u00ed a svobody, zd\u016fraz\u0148uj\u00edc\u00ed, jak se v\u00e1\u0161e\u0148 pro objevov\u00e1n\u00ed sv\u011bta spojuje s city. \u010casto si ho vyb\u00edraj\u00ed lid\u00e9, kte\u0159\u00ed jsou ve vztahu na d\u00e1lku nebo kte\u0159\u00ed spojuj\u00ed l\u00e1sku k bl\u00edzk\u00fdm s v\u00e1\u0161n\u00ed pro cestov\u00e1n\u00ed.<\/p>\n","protected":false},"excerpt":{"rendered":"<p>Tetov\u00e1n\u00ed se srdcem a letadlem symbolizuje l\u00e1sku k cestov\u00e1n\u00ed, touhu nebo l\u00e1sku na d\u00e1lku. M\u016f\u017ee znamenat spojen\u00ed emoc\u00ed a svobody, zd\u016fraz\u0148uj\u00edc\u00ed, jak se v\u00e1\u0161e\u0148 pro objevov\u00e1n\u00ed sv\u011bta spojuje s city. \u010casto si ho vyb\u00edraj\u00ed lid\u00e9, kte\u0159\u00ed jsou ve vztahu na d\u00e1lku nebo kte\u0159\u00ed spojuj\u00ed l\u00e1sku k bl\u00edzk\u00fdm s v\u00e1\u0161n\u00ed pro cestov\u00e1n\u00ed.<\/p>\n","protected":false},"featured_media":21295,"template":"","meta":{"_monsterinsights_skip_tracking":false,"_monsterinsights_sitenote_active":false,"_monsterinsights_sitenote_note":"","_monsterinsights_sitenote_category":0,"_kadence_starter_templates_imported_post":false,"_kad_post_transparent":"","_kad_post_title":"","_kad_post_layout":"","_kad_post_sidebar_id":"","_kad_post_content_style":"","_kad_post_vertical_padding":"","_kad_post_feature":"","_kad_post_feature_position":"","_kad_post_header":false,"_kad_post_footer":false,"_kad_post_classname":""},"product_brand":[],"product_cat":[84,77],"product_tag":[],"class_list":{"0":"post-21297","1":"product","2":"type-product","3":"status-publish","4":"has-post-thumbnail","6":"product_cat-minimalisticke","7":"product_cat-vse","9":"first","10":"instock","11":"taxable","12":"shipping-taxable","13":"purchasable","14":"product-type-simple","15":"entry","16":"content-bg","17":"loop-entry"},"jetpack_sharing_enabled":true,"_links":{"self":[{"href":"https:\/\/herbaltattoo.eu\/cs\/wp-json\/wp\/v2\/product\/21297","targetHints":{"allow":["GET"]}}],"collection":[{"href":"https:\/\/herbaltattoo.eu\/cs\/wp-json\/wp\/v2\/product"}],"about":[{"href":"https:\/\/herbaltattoo.eu\/cs\/wp-json\/wp\/v2\/types\/product"}],"wp:featuredmedia":[{"embeddable":true,"href":"https:\/\/herbaltattoo.eu\/cs\/wp-json\/wp\/v2\/media\/21295"}],"wp:attachment":[{"href":"https:\/\/herbaltattoo.eu\/cs\/wp-json\/wp\/v2\/media?parent=21297"}],"wp:term":[{"taxonomy":"product_brand","embeddable":true,"href":"https:\/\/herbaltattoo.eu\/cs\/wp-json\/wp\/v2\/product_brand?post=21297"},{"taxonomy":"product_cat","embeddable":true,"href":"https:\/\/herbaltattoo.eu\/cs\/wp-json\/wp\/v2\/product_cat?post=21297"},{"taxonomy":"product_tag","embeddable":true,"href":"https:\/\/herbaltattoo.eu\/cs\/wp-json\/wp\/v2\/product_tag?post=21297"}],"curies":[{"name":"wp","href":"https:\/\/api.w.org\/{rel}","templated":true}]}}