{"id":21285,"date":"2025-02-16T16:52:21","date_gmt":"2025-02-16T15:52:21","guid":{"rendered":"https:\/\/herbaltattoo.eu\/produkt\/had-2\/"},"modified":"2026-02-15T18:30:30","modified_gmt":"2026-02-15T17:30:30","slug":"had-2","status":"publish","type":"product","link":"https:\/\/herbaltattoo.eu\/cs\/produkt\/had-2\/","title":{"rendered":"Had"},"content":{"rendered":"<p>Tetov\u00e1n\u00ed s hadem symbolizuje transformaci, regeneraci a skrytou s\u00edlu. Had je \u010dasto spojov\u00e1n s cyklem \u017eivota, znovuzrozen\u00edm a zm\u011bnami, proto\u017ee svl\u00e9k\u00e1 k\u016f\u017ei, co\u017e symbolizuje o\u010di\u0161t\u011bn\u00ed a nov\u00fd za\u010d\u00e1tek. M\u016f\u017ee tak\u00e9 p\u0159edstavovat moudrost, tajemstv\u00ed a s\u00edlu a v mnoha kultur\u00e1ch je had symbolem ochrany nebo uzdraven\u00ed. Motiv hada je tak\u00e9 \u010dasto spojov\u00e1n s rovnov\u00e1hou, dualismem (nap\u0159. symbolizuje jak dobro, tak zlo) a nebezpe\u010d\u00edm, kter\u00e9 lze tak\u00e9 pova\u017eovat za sou\u010d\u00e1st procesu v\u00fdvoje.   <\/p>\n","protected":false},"excerpt":{"rendered":"<p>Tetov\u00e1n\u00ed s hadem symbolizuje transformaci, regeneraci a skrytou s\u00edlu. Had je \u010dasto spojov\u00e1n s cyklem \u017eivota, znovuzrozen\u00edm a zm\u011bnami, proto\u017ee svl\u00e9k\u00e1 k\u016f\u017ei, co\u017e symbolizuje o\u010di\u0161t\u011bn\u00ed a nov\u00fd za\u010d\u00e1tek. M\u016f\u017ee tak\u00e9 p\u0159edstavovat moudrost, tajemstv\u00ed a s\u00edlu a v mnoha kultur\u00e1ch je had symbolem ochrany nebo uzdraven\u00ed. Motiv hada je tak\u00e9 \u010dasto spojov\u00e1n s rovnov\u00e1hou, dualismem (nap\u0159&#8230;.<\/p>\n","protected":false},"featured_media":21283,"template":"","meta":{"_monsterinsights_skip_tracking":false,"_monsterinsights_sitenote_active":false,"_monsterinsights_sitenote_note":"","_monsterinsights_sitenote_category":0,"_kadence_starter_templates_imported_post":false,"_kad_post_transparent":"","_kad_post_title":"","_kad_post_layout":"","_kad_post_sidebar_id":"","_kad_post_content_style":"","_kad_post_vertical_padding":"","_kad_post_feature":"","_kad_post_feature_position":"","_kad_post_header":false,"_kad_post_footer":false,"_kad_post_classname":""},"product_brand":[],"product_cat":[84,77],"product_tag":[],"class_list":{"0":"post-21285","1":"product","2":"type-product","3":"status-publish","4":"has-post-thumbnail","6":"product_cat-minimalisticke","7":"product_cat-vse","9":"first","10":"instock","11":"taxable","12":"shipping-taxable","13":"purchasable","14":"product-type-simple","15":"entry","16":"content-bg","17":"loop-entry"},"jetpack_sharing_enabled":true,"_links":{"self":[{"href":"https:\/\/herbaltattoo.eu\/cs\/wp-json\/wp\/v2\/product\/21285","targetHints":{"allow":["GET"]}}],"collection":[{"href":"https:\/\/herbaltattoo.eu\/cs\/wp-json\/wp\/v2\/product"}],"about":[{"href":"https:\/\/herbaltattoo.eu\/cs\/wp-json\/wp\/v2\/types\/product"}],"wp:featuredmedia":[{"embeddable":true,"href":"https:\/\/herbaltattoo.eu\/cs\/wp-json\/wp\/v2\/media\/21283"}],"wp:attachment":[{"href":"https:\/\/herbaltattoo.eu\/cs\/wp-json\/wp\/v2\/media?parent=21285"}],"wp:term":[{"taxonomy":"product_brand","embeddable":true,"href":"https:\/\/herbaltattoo.eu\/cs\/wp-json\/wp\/v2\/product_brand?post=21285"},{"taxonomy":"product_cat","embeddable":true,"href":"https:\/\/herbaltattoo.eu\/cs\/wp-json\/wp\/v2\/product_cat?post=21285"},{"taxonomy":"product_tag","embeddable":true,"href":"https:\/\/herbaltattoo.eu\/cs\/wp-json\/wp\/v2\/product_tag?post=21285"}],"curies":[{"name":"wp","href":"https:\/\/api.w.org\/{rel}","templated":true}]}}