{"id":21259,"date":"2025-02-16T16:49:59","date_gmt":"2025-02-16T15:49:59","guid":{"rendered":"https:\/\/herbaltattoo.eu\/produkt\/nekonecno-2\/"},"modified":"2026-02-15T18:31:57","modified_gmt":"2026-02-15T17:31:57","slug":"nekonecno-2","status":"publish","type":"product","link":"https:\/\/herbaltattoo.eu\/cs\/produkt\/nekonecno-2\/","title":{"rendered":"Nekone\u010dno"},"content":{"rendered":"<p>Tetov\u00e1n\u00ed s nekone\u010dnem a n\u00e1pisem \u201elove\u201c symbolizuje v\u011b\u010dnou l\u00e1sku, trval\u00e9 city a nerozlu\u010dn\u00e9 pouto. M\u016f\u017ee se vztahovat k romantick\u00e9 l\u00e1sce, rodinn\u00e9 l\u00e1sce nebo l\u00e1sce k sob\u011b sam\u00e9mu. Jedn\u00e1 se o obl\u00edben\u00fd motiv vyjad\u0159uj\u00edc\u00ed nad\u010dasov\u00e9 emoce a oddanost.  <\/p>\n","protected":false},"excerpt":{"rendered":"<p>Tetov\u00e1n\u00ed s nekone\u010dnem a n\u00e1pisem \u201elove\u201c symbolizuje v\u011b\u010dnou l\u00e1sku, trval\u00e9 city a nerozlu\u010dn\u00e9 pouto. M\u016f\u017ee se vztahovat k romantick\u00e9 l\u00e1sce, rodinn\u00e9 l\u00e1sce nebo l\u00e1sce k sob\u011b sam\u00e9mu. Jedn\u00e1 se o obl\u00edben\u00fd motiv vyjad\u0159uj\u00edc\u00ed nad\u010dasov\u00e9 emoce a oddanost.<\/p>\n","protected":false},"featured_media":21257,"template":"","meta":{"_monsterinsights_skip_tracking":false,"_monsterinsights_sitenote_active":false,"_monsterinsights_sitenote_note":"","_monsterinsights_sitenote_category":0,"_kadence_starter_templates_imported_post":false,"_kad_post_transparent":"","_kad_post_title":"","_kad_post_layout":"","_kad_post_sidebar_id":"","_kad_post_content_style":"","_kad_post_vertical_padding":"","_kad_post_feature":"","_kad_post_feature_position":"","_kad_post_header":false,"_kad_post_footer":false,"_kad_post_classname":""},"product_brand":[],"product_cat":[84,77],"product_tag":[],"class_list":{"0":"post-21259","1":"product","2":"type-product","3":"status-publish","4":"has-post-thumbnail","6":"product_cat-minimalisticke","7":"product_cat-vse","9":"first","10":"instock","11":"taxable","12":"shipping-taxable","13":"purchasable","14":"product-type-simple","15":"entry","16":"content-bg","17":"loop-entry"},"jetpack_sharing_enabled":true,"_links":{"self":[{"href":"https:\/\/herbaltattoo.eu\/cs\/wp-json\/wp\/v2\/product\/21259","targetHints":{"allow":["GET"]}}],"collection":[{"href":"https:\/\/herbaltattoo.eu\/cs\/wp-json\/wp\/v2\/product"}],"about":[{"href":"https:\/\/herbaltattoo.eu\/cs\/wp-json\/wp\/v2\/types\/product"}],"wp:featuredmedia":[{"embeddable":true,"href":"https:\/\/herbaltattoo.eu\/cs\/wp-json\/wp\/v2\/media\/21257"}],"wp:attachment":[{"href":"https:\/\/herbaltattoo.eu\/cs\/wp-json\/wp\/v2\/media?parent=21259"}],"wp:term":[{"taxonomy":"product_brand","embeddable":true,"href":"https:\/\/herbaltattoo.eu\/cs\/wp-json\/wp\/v2\/product_brand?post=21259"},{"taxonomy":"product_cat","embeddable":true,"href":"https:\/\/herbaltattoo.eu\/cs\/wp-json\/wp\/v2\/product_cat?post=21259"},{"taxonomy":"product_tag","embeddable":true,"href":"https:\/\/herbaltattoo.eu\/cs\/wp-json\/wp\/v2\/product_tag?post=21259"}],"curies":[{"name":"wp","href":"https:\/\/api.w.org\/{rel}","templated":true}]}}