{"id":21241,"date":"2025-02-16T16:45:10","date_gmt":"2025-02-16T15:45:10","guid":{"rendered":"https:\/\/herbaltattoo.eu\/produkt\/door-handle\/"},"modified":"2026-02-15T18:31:57","modified_gmt":"2026-02-15T17:31:57","slug":"door-handle","status":"publish","type":"product","link":"https:\/\/herbaltattoo.eu\/cs\/produkt\/door-handle\/","title":{"rendered":"Door handle"},"content":{"rendered":"<p>Tetov\u00e1n\u00ed s motivem rukou slo\u017een\u00fdch do tvaru pistole m\u016f\u017ee symbolizovat z\u00e1bavu, uvoln\u011bnost a humor a odkazovat na gesto zn\u00e1m\u00e9 z d\u011btstv\u00ed. M\u016f\u017ee tak\u00e9 vyjad\u0159ovat sebev\u011bdom\u00ed, p\u0159ipravenost k akci nebo odstup od v\u00e1\u017enosti \u017eivota. <\/p>\n","protected":false},"excerpt":{"rendered":"<p>Tetov\u00e1n\u00ed s motivem rukou slo\u017een\u00fdch do tvaru pistole m\u016f\u017ee symbolizovat z\u00e1bavu, uvoln\u011bnost a humor a odkazovat na gesto zn\u00e1m\u00e9 z d\u011btstv\u00ed. M\u016f\u017ee tak\u00e9 vyjad\u0159ovat sebev\u011bdom\u00ed, p\u0159ipravenost k akci nebo odstup od v\u00e1\u017enosti \u017eivota.<\/p>\n","protected":false},"featured_media":21239,"template":"","meta":{"_monsterinsights_skip_tracking":false,"_monsterinsights_sitenote_active":false,"_monsterinsights_sitenote_note":"","_monsterinsights_sitenote_category":0,"_kadence_starter_templates_imported_post":false,"_kad_post_transparent":"","_kad_post_title":"","_kad_post_layout":"","_kad_post_sidebar_id":"","_kad_post_content_style":"","_kad_post_vertical_padding":"","_kad_post_feature":"","_kad_post_feature_position":"","_kad_post_header":false,"_kad_post_footer":false,"_kad_post_classname":""},"product_brand":[],"product_cat":[84,77],"product_tag":[],"class_list":{"0":"post-21241","1":"product","2":"type-product","3":"status-publish","4":"has-post-thumbnail","6":"product_cat-minimalisticke","7":"product_cat-vse","9":"first","10":"instock","11":"taxable","12":"shipping-taxable","13":"purchasable","14":"product-type-simple","15":"entry","16":"content-bg","17":"loop-entry"},"jetpack_sharing_enabled":true,"_links":{"self":[{"href":"https:\/\/herbaltattoo.eu\/cs\/wp-json\/wp\/v2\/product\/21241","targetHints":{"allow":["GET"]}}],"collection":[{"href":"https:\/\/herbaltattoo.eu\/cs\/wp-json\/wp\/v2\/product"}],"about":[{"href":"https:\/\/herbaltattoo.eu\/cs\/wp-json\/wp\/v2\/types\/product"}],"wp:featuredmedia":[{"embeddable":true,"href":"https:\/\/herbaltattoo.eu\/cs\/wp-json\/wp\/v2\/media\/21239"}],"wp:attachment":[{"href":"https:\/\/herbaltattoo.eu\/cs\/wp-json\/wp\/v2\/media?parent=21241"}],"wp:term":[{"taxonomy":"product_brand","embeddable":true,"href":"https:\/\/herbaltattoo.eu\/cs\/wp-json\/wp\/v2\/product_brand?post=21241"},{"taxonomy":"product_cat","embeddable":true,"href":"https:\/\/herbaltattoo.eu\/cs\/wp-json\/wp\/v2\/product_cat?post=21241"},{"taxonomy":"product_tag","embeddable":true,"href":"https:\/\/herbaltattoo.eu\/cs\/wp-json\/wp\/v2\/product_tag?post=21241"}],"curies":[{"name":"wp","href":"https:\/\/api.w.org\/{rel}","templated":true}]}}