{"id":21235,"date":"2025-02-16T16:43:58","date_gmt":"2025-02-16T15:43:58","guid":{"rendered":"https:\/\/herbaltattoo.eu\/produkt\/strom\/"},"modified":"2026-02-15T18:31:57","modified_gmt":"2026-02-15T17:31:57","slug":"strom","status":"publish","type":"product","link":"https:\/\/herbaltattoo.eu\/cs\/produkt\/strom\/","title":{"rendered":"Strom"},"content":{"rendered":"<p>Tetov\u00e1n\u00ed s motivem stromu symbolizuje \u017eivot, s\u00edlu, stabilitu a r\u016fst. \u010casto se spojuje s rodinn\u00fdmi vazbami (rodokmen) a tak\u00e9 s cyklem \u017eivota a znovuzrozen\u00edm (m\u011bn\u00edc\u00ed se ro\u010dn\u00ed obdob\u00ed). Strom s hlubok\u00fdmi ko\u0159eny m\u016f\u017ee vyjad\u0159ovat zako\u0159en\u011bn\u00ed a pouto s minulost\u00ed, zat\u00edmco rozlo\u017eit\u00e9 v\u011btve mohou symbolizovat rozvoj a sm\u011b\u0159ov\u00e1n\u00ed k budoucnosti.  <\/p>\n","protected":false},"excerpt":{"rendered":"<p>Tetov\u00e1n\u00ed s motivem stromu symbolizuje \u017eivot, s\u00edlu, stabilitu a r\u016fst. \u010casto se spojuje s rodinn\u00fdmi vazbami (rodokmen) a tak\u00e9 s cyklem \u017eivota a znovuzrozen\u00edm (m\u011bn\u00edc\u00ed se ro\u010dn\u00ed obdob\u00ed). Strom s hlubok\u00fdmi ko\u0159eny m\u016f\u017ee vyjad\u0159ovat zako\u0159en\u011bn\u00ed a pouto s minulost\u00ed, zat\u00edmco rozlo\u017eit\u00e9 v\u011btve mohou symbolizovat rozvoj a sm\u011b\u0159ov\u00e1n\u00ed k budoucnosti.<\/p>\n","protected":false},"featured_media":21233,"template":"","meta":{"_monsterinsights_skip_tracking":false,"_monsterinsights_sitenote_active":false,"_monsterinsights_sitenote_note":"","_monsterinsights_sitenote_category":0,"_kadence_starter_templates_imported_post":false,"_kad_post_transparent":"","_kad_post_title":"","_kad_post_layout":"","_kad_post_sidebar_id":"","_kad_post_content_style":"","_kad_post_vertical_padding":"","_kad_post_feature":"","_kad_post_feature_position":"","_kad_post_header":false,"_kad_post_footer":false,"_kad_post_classname":""},"product_brand":[],"product_cat":[84,77],"product_tag":[],"class_list":{"0":"post-21235","1":"product","2":"type-product","3":"status-publish","4":"has-post-thumbnail","6":"product_cat-minimalisticke","7":"product_cat-vse","9":"first","10":"instock","11":"taxable","12":"shipping-taxable","13":"purchasable","14":"product-type-simple","15":"entry","16":"content-bg","17":"loop-entry"},"jetpack_sharing_enabled":true,"_links":{"self":[{"href":"https:\/\/herbaltattoo.eu\/cs\/wp-json\/wp\/v2\/product\/21235","targetHints":{"allow":["GET"]}}],"collection":[{"href":"https:\/\/herbaltattoo.eu\/cs\/wp-json\/wp\/v2\/product"}],"about":[{"href":"https:\/\/herbaltattoo.eu\/cs\/wp-json\/wp\/v2\/types\/product"}],"wp:featuredmedia":[{"embeddable":true,"href":"https:\/\/herbaltattoo.eu\/cs\/wp-json\/wp\/v2\/media\/21233"}],"wp:attachment":[{"href":"https:\/\/herbaltattoo.eu\/cs\/wp-json\/wp\/v2\/media?parent=21235"}],"wp:term":[{"taxonomy":"product_brand","embeddable":true,"href":"https:\/\/herbaltattoo.eu\/cs\/wp-json\/wp\/v2\/product_brand?post=21235"},{"taxonomy":"product_cat","embeddable":true,"href":"https:\/\/herbaltattoo.eu\/cs\/wp-json\/wp\/v2\/product_cat?post=21235"},{"taxonomy":"product_tag","embeddable":true,"href":"https:\/\/herbaltattoo.eu\/cs\/wp-json\/wp\/v2\/product_tag?post=21235"}],"curies":[{"name":"wp","href":"https:\/\/api.w.org\/{rel}","templated":true}]}}