{"id":21229,"date":"2025-02-16T16:39:26","date_gmt":"2025-02-16T15:39:26","guid":{"rendered":"https:\/\/herbaltattoo.eu\/produkt\/xoxo\/"},"modified":"2026-02-15T18:31:57","modified_gmt":"2026-02-15T17:31:57","slug":"xoxo","status":"publish","type":"product","link":"https:\/\/herbaltattoo.eu\/cs\/produkt\/xoxo\/","title":{"rendered":"XOXO"},"content":{"rendered":"<p>Tetov\u00e1n\u00ed s motivem \u201exoxo\u201d (co\u017e znamen\u00e1 \u201epolibky a objet\u00ed\u201d) symbolizuje l\u00e1sku, n\u011bhu a bl\u00edzkost. Je to lehk\u00fd, pozitivn\u00ed symbol, kter\u00fd m\u016f\u017ee vyjad\u0159ovat n\u00e1klonnost k bl\u00edzk\u00e9 osob\u011b, radost ze \u017eivota nebo prost\u011b p\u0159idat \u0161arm a energii. Ide\u00e1ln\u00ed v minimalistick\u00e9m stylu, \u010dasto volen\u00fd jako jemn\u00fd tetov\u00e1n\u00ed na z\u00e1p\u011bst\u00ed, prstu nebo za uchem.  <\/p>\n","protected":false},"excerpt":{"rendered":"<p>Tetov\u00e1n\u00ed s motivem \u201exoxo\u201d (co\u017e znamen\u00e1 \u201epolibky a objet\u00ed\u201d) symbolizuje l\u00e1sku, n\u011bhu a bl\u00edzkost. Je to lehk\u00fd, pozitivn\u00ed symbol, kter\u00fd m\u016f\u017ee vyjad\u0159ovat n\u00e1klonnost k bl\u00edzk\u00e9 osob\u011b, radost ze \u017eivota nebo prost\u011b p\u0159idat \u0161arm a energii. Ide\u00e1ln\u00ed v minimalistick\u00e9m stylu, \u010dasto volen\u00fd jako jemn\u00fd tetov\u00e1n\u00ed na z\u00e1p\u011bst\u00ed, prstu nebo za uchem.<\/p>\n","protected":false},"featured_media":21227,"template":"","meta":{"_monsterinsights_skip_tracking":false,"_monsterinsights_sitenote_active":false,"_monsterinsights_sitenote_note":"","_monsterinsights_sitenote_category":0,"_kadence_starter_templates_imported_post":false,"_kad_post_transparent":"","_kad_post_title":"","_kad_post_layout":"","_kad_post_sidebar_id":"","_kad_post_content_style":"","_kad_post_vertical_padding":"","_kad_post_feature":"","_kad_post_feature_position":"","_kad_post_header":false,"_kad_post_footer":false,"_kad_post_classname":""},"product_brand":[],"product_cat":[84,77],"product_tag":[],"class_list":{"0":"post-21229","1":"product","2":"type-product","3":"status-publish","4":"has-post-thumbnail","6":"product_cat-minimalisticke","7":"product_cat-vse","9":"first","10":"instock","11":"taxable","12":"shipping-taxable","13":"purchasable","14":"product-type-simple","15":"entry","16":"content-bg","17":"loop-entry"},"jetpack_sharing_enabled":true,"_links":{"self":[{"href":"https:\/\/herbaltattoo.eu\/cs\/wp-json\/wp\/v2\/product\/21229","targetHints":{"allow":["GET"]}}],"collection":[{"href":"https:\/\/herbaltattoo.eu\/cs\/wp-json\/wp\/v2\/product"}],"about":[{"href":"https:\/\/herbaltattoo.eu\/cs\/wp-json\/wp\/v2\/types\/product"}],"wp:featuredmedia":[{"embeddable":true,"href":"https:\/\/herbaltattoo.eu\/cs\/wp-json\/wp\/v2\/media\/21227"}],"wp:attachment":[{"href":"https:\/\/herbaltattoo.eu\/cs\/wp-json\/wp\/v2\/media?parent=21229"}],"wp:term":[{"taxonomy":"product_brand","embeddable":true,"href":"https:\/\/herbaltattoo.eu\/cs\/wp-json\/wp\/v2\/product_brand?post=21229"},{"taxonomy":"product_cat","embeddable":true,"href":"https:\/\/herbaltattoo.eu\/cs\/wp-json\/wp\/v2\/product_cat?post=21229"},{"taxonomy":"product_tag","embeddable":true,"href":"https:\/\/herbaltattoo.eu\/cs\/wp-json\/wp\/v2\/product_tag?post=21229"}],"curies":[{"name":"wp","href":"https:\/\/api.w.org\/{rel}","templated":true}]}}