{"id":21223,"date":"2025-02-16T16:38:51","date_gmt":"2025-02-16T15:38:51","guid":{"rendered":"https:\/\/herbaltattoo.eu\/produkt\/pero\/"},"modified":"2026-02-15T18:31:57","modified_gmt":"2026-02-15T17:31:57","slug":"pero","status":"publish","type":"product","link":"https:\/\/herbaltattoo.eu\/cs\/produkt\/pero\/","title":{"rendered":"Pero"},"content":{"rendered":"<p>Tetov\u00e1n\u00ed s motivem pe\u0159\u00ed symbolizuje lehkost, svobodu a duchovn\u00ed cestu. M\u016f\u017ee odkazovat na kreativitu a psan\u00ed (pero jako n\u00e1stroj spisovatele) nebo na p\u0159\u00edrodu a spojen\u00ed s pt\u00e1ky, kte\u0159\u00ed symbolizuj\u00ed svobodu a sny.<\/p>\n","protected":false},"excerpt":{"rendered":"<p>Tetov\u00e1n\u00ed s motivem pe\u0159\u00ed symbolizuje lehkost, svobodu a duchovn\u00ed cestu. M\u016f\u017ee odkazovat na kreativitu a psan\u00ed (pero jako n\u00e1stroj spisovatele) nebo na p\u0159\u00edrodu a spojen\u00ed s pt\u00e1ky, kte\u0159\u00ed symbolizuj\u00ed svobodu a sny.<\/p>\n","protected":false},"featured_media":21221,"template":"","meta":{"_monsterinsights_skip_tracking":false,"_monsterinsights_sitenote_active":false,"_monsterinsights_sitenote_note":"","_monsterinsights_sitenote_category":0,"_kadence_starter_templates_imported_post":false,"_kad_post_transparent":"","_kad_post_title":"","_kad_post_layout":"","_kad_post_sidebar_id":"","_kad_post_content_style":"","_kad_post_vertical_padding":"","_kad_post_feature":"","_kad_post_feature_position":"","_kad_post_header":false,"_kad_post_footer":false,"_kad_post_classname":""},"product_brand":[],"product_cat":[84,77],"product_tag":[],"class_list":{"0":"post-21223","1":"product","2":"type-product","3":"status-publish","4":"has-post-thumbnail","6":"product_cat-minimalisticke","7":"product_cat-vse","9":"first","10":"instock","11":"taxable","12":"shipping-taxable","13":"purchasable","14":"product-type-simple","15":"entry","16":"content-bg","17":"loop-entry"},"jetpack_sharing_enabled":true,"_links":{"self":[{"href":"https:\/\/herbaltattoo.eu\/cs\/wp-json\/wp\/v2\/product\/21223","targetHints":{"allow":["GET"]}}],"collection":[{"href":"https:\/\/herbaltattoo.eu\/cs\/wp-json\/wp\/v2\/product"}],"about":[{"href":"https:\/\/herbaltattoo.eu\/cs\/wp-json\/wp\/v2\/types\/product"}],"wp:featuredmedia":[{"embeddable":true,"href":"https:\/\/herbaltattoo.eu\/cs\/wp-json\/wp\/v2\/media\/21221"}],"wp:attachment":[{"href":"https:\/\/herbaltattoo.eu\/cs\/wp-json\/wp\/v2\/media?parent=21223"}],"wp:term":[{"taxonomy":"product_brand","embeddable":true,"href":"https:\/\/herbaltattoo.eu\/cs\/wp-json\/wp\/v2\/product_brand?post=21223"},{"taxonomy":"product_cat","embeddable":true,"href":"https:\/\/herbaltattoo.eu\/cs\/wp-json\/wp\/v2\/product_cat?post=21223"},{"taxonomy":"product_tag","embeddable":true,"href":"https:\/\/herbaltattoo.eu\/cs\/wp-json\/wp\/v2\/product_tag?post=21223"}],"curies":[{"name":"wp","href":"https:\/\/api.w.org\/{rel}","templated":true}]}}