{"id":21207,"date":"2025-02-16T16:32:56","date_gmt":"2025-02-16T15:32:56","guid":{"rendered":"https:\/\/herbaltattoo.eu\/produkt\/lovser\/"},"modified":"2026-02-15T18:31:57","modified_gmt":"2026-02-15T17:31:57","slug":"lovser","status":"publish","type":"product","link":"https:\/\/herbaltattoo.eu\/cs\/produkt\/lovser\/","title":{"rendered":"LOV(S)ER"},"content":{"rendered":"<p>Tetov\u00e1n\u00ed s motivem kr\u00e1le a d\u00e1my symbolizuje l\u00e1sku, loajalitu a partnersk\u00fd vztah. \u010casto si jej vyb\u00edraj\u00ed p\u00e1ry jako znak vz\u00e1jemn\u00e9ho respektu a dopl\u0148ov\u00e1n\u00ed se, kde kr\u00e1l a d\u00e1ma p\u0159edstavuj\u00ed rovnov\u00e1hu s\u00edly a jemnosti. M\u016f\u017ee tak\u00e9 znamenat sebev\u011bdom\u00ed, kr\u00e1lovskou jistotu a p\u0159ipravenost spole\u010dn\u011b vl\u00e1dnout \u017eivotu.  <\/p>\n","protected":false},"excerpt":{"rendered":"<p>Tetov\u00e1n\u00ed s motivem kr\u00e1le a d\u00e1my symbolizuje l\u00e1sku, loajalitu a partnersk\u00fd vztah. \u010casto si jej vyb\u00edraj\u00ed p\u00e1ry jako znak vz\u00e1jemn\u00e9ho respektu a dopl\u0148ov\u00e1n\u00ed se, kde kr\u00e1l a d\u00e1ma p\u0159edstavuj\u00ed rovnov\u00e1hu s\u00edly a jemnosti. M\u016f\u017ee tak\u00e9 znamenat sebev\u011bdom\u00ed, kr\u00e1lovskou jistotu a p\u0159ipravenost spole\u010dn\u011b vl\u00e1dnout \u017eivotu.<\/p>\n","protected":false},"featured_media":21205,"template":"","meta":{"_monsterinsights_skip_tracking":false,"_monsterinsights_sitenote_active":false,"_monsterinsights_sitenote_note":"","_monsterinsights_sitenote_category":0,"_kadence_starter_templates_imported_post":false,"_kad_post_transparent":"","_kad_post_title":"","_kad_post_layout":"","_kad_post_sidebar_id":"","_kad_post_content_style":"","_kad_post_vertical_padding":"","_kad_post_feature":"","_kad_post_feature_position":"","_kad_post_header":false,"_kad_post_footer":false,"_kad_post_classname":""},"product_brand":[],"product_cat":[84,77],"product_tag":[],"class_list":{"0":"post-21207","1":"product","2":"type-product","3":"status-publish","4":"has-post-thumbnail","6":"product_cat-minimalisticke","7":"product_cat-vse","9":"first","10":"outofstock","11":"taxable","12":"shipping-taxable","13":"purchasable","14":"product-type-simple","15":"entry","16":"content-bg","17":"loop-entry"},"jetpack_sharing_enabled":true,"_links":{"self":[{"href":"https:\/\/herbaltattoo.eu\/cs\/wp-json\/wp\/v2\/product\/21207","targetHints":{"allow":["GET"]}}],"collection":[{"href":"https:\/\/herbaltattoo.eu\/cs\/wp-json\/wp\/v2\/product"}],"about":[{"href":"https:\/\/herbaltattoo.eu\/cs\/wp-json\/wp\/v2\/types\/product"}],"wp:featuredmedia":[{"embeddable":true,"href":"https:\/\/herbaltattoo.eu\/cs\/wp-json\/wp\/v2\/media\/21205"}],"wp:attachment":[{"href":"https:\/\/herbaltattoo.eu\/cs\/wp-json\/wp\/v2\/media?parent=21207"}],"wp:term":[{"taxonomy":"product_brand","embeddable":true,"href":"https:\/\/herbaltattoo.eu\/cs\/wp-json\/wp\/v2\/product_brand?post=21207"},{"taxonomy":"product_cat","embeddable":true,"href":"https:\/\/herbaltattoo.eu\/cs\/wp-json\/wp\/v2\/product_cat?post=21207"},{"taxonomy":"product_tag","embeddable":true,"href":"https:\/\/herbaltattoo.eu\/cs\/wp-json\/wp\/v2\/product_tag?post=21207"}],"curies":[{"name":"wp","href":"https:\/\/api.w.org\/{rel}","templated":true}]}}