{"id":21201,"date":"2025-02-16T16:32:07","date_gmt":"2025-02-16T15:32:07","guid":{"rendered":"https:\/\/herbaltattoo.eu\/produkt\/slunecni-soustava-2\/"},"modified":"2026-02-15T18:31:57","modified_gmt":"2026-02-15T17:31:57","slug":"slunecni-soustava-2","status":"publish","type":"product","link":"https:\/\/herbaltattoo.eu\/cs\/produkt\/slunecni-soustava-2\/","title":{"rendered":"Slune\u010dn\u00ed soustava"},"content":{"rendered":"<p>Tetov\u00e1n\u00ed s motivem slune\u010dn\u00ed soustavy symbolizuje vesm\u00edr, nekone\u010dno a harmonii. M\u016f\u017ee vyjad\u0159ovat fascinaci vesm\u00edrem, rovnov\u00e1hu sil a hled\u00e1n\u00ed vlastn\u00edho m\u00edsta ve vesm\u00edru.<\/p>\n","protected":false},"excerpt":{"rendered":"<p>Tetov\u00e1n\u00ed s motivem slune\u010dn\u00ed soustavy symbolizuje vesm\u00edr, nekone\u010dno a harmonii. M\u016f\u017ee vyjad\u0159ovat fascinaci vesm\u00edrem, rovnov\u00e1hu sil a hled\u00e1n\u00ed vlastn\u00edho m\u00edsta ve vesm\u00edru.<\/p>\n","protected":false},"featured_media":21199,"template":"","meta":{"_monsterinsights_skip_tracking":false,"_monsterinsights_sitenote_active":false,"_monsterinsights_sitenote_note":"","_monsterinsights_sitenote_category":0,"_kadence_starter_templates_imported_post":false,"_kad_post_transparent":"","_kad_post_title":"","_kad_post_layout":"","_kad_post_sidebar_id":"","_kad_post_content_style":"","_kad_post_vertical_padding":"","_kad_post_feature":"","_kad_post_feature_position":"","_kad_post_header":false,"_kad_post_footer":false,"_kad_post_classname":""},"product_brand":[],"product_cat":[84,77],"product_tag":[],"class_list":{"0":"post-21201","1":"product","2":"type-product","3":"status-publish","4":"has-post-thumbnail","6":"product_cat-minimalisticke","7":"product_cat-vse","9":"first","10":"instock","11":"taxable","12":"shipping-taxable","13":"purchasable","14":"product-type-simple","15":"entry","16":"content-bg","17":"loop-entry"},"jetpack_sharing_enabled":true,"_links":{"self":[{"href":"https:\/\/herbaltattoo.eu\/cs\/wp-json\/wp\/v2\/product\/21201","targetHints":{"allow":["GET"]}}],"collection":[{"href":"https:\/\/herbaltattoo.eu\/cs\/wp-json\/wp\/v2\/product"}],"about":[{"href":"https:\/\/herbaltattoo.eu\/cs\/wp-json\/wp\/v2\/types\/product"}],"wp:featuredmedia":[{"embeddable":true,"href":"https:\/\/herbaltattoo.eu\/cs\/wp-json\/wp\/v2\/media\/21199"}],"wp:attachment":[{"href":"https:\/\/herbaltattoo.eu\/cs\/wp-json\/wp\/v2\/media?parent=21201"}],"wp:term":[{"taxonomy":"product_brand","embeddable":true,"href":"https:\/\/herbaltattoo.eu\/cs\/wp-json\/wp\/v2\/product_brand?post=21201"},{"taxonomy":"product_cat","embeddable":true,"href":"https:\/\/herbaltattoo.eu\/cs\/wp-json\/wp\/v2\/product_cat?post=21201"},{"taxonomy":"product_tag","embeddable":true,"href":"https:\/\/herbaltattoo.eu\/cs\/wp-json\/wp\/v2\/product_tag?post=21201"}],"curies":[{"name":"wp","href":"https:\/\/api.w.org\/{rel}","templated":true}]}}