{"id":21183,"date":"2025-02-16T16:29:57","date_gmt":"2025-02-16T15:29:57","guid":{"rendered":"https:\/\/herbaltattoo.eu\/produkt\/motyl-2\/"},"modified":"2026-02-15T18:31:58","modified_gmt":"2026-02-15T17:31:58","slug":"motyl-2","status":"publish","type":"product","link":"https:\/\/herbaltattoo.eu\/cs\/produkt\/motyl-2\/","title":{"rendered":"Mot\u00fdl"},"content":{"rendered":"<p>Tetov\u00e1n\u00ed s mot\u00fdlem symbolizuje prom\u011bnu, znovuzrozen\u00ed a svobodu. Mot\u00fdl je \u010dasto vn\u00edm\u00e1n jako znamen\u00ed zm\u011bny, p\u0159echodu z jedn\u00e9 \u017eivotn\u00ed etapy do druh\u00e9. M\u016f\u017ee tak\u00e9 vyjad\u0159ovat lehkost, kr\u00e1su a jemnost. V mnoha kultur\u00e1ch je mot\u00fdl symbolem du\u0161e, vzk\u0159\u00ed\u0161en\u00ed a nad\u011bje.   <\/p>\n","protected":false},"excerpt":{"rendered":"<p>Tetov\u00e1n\u00ed s mot\u00fdlem symbolizuje prom\u011bnu, znovuzrozen\u00ed a svobodu. Mot\u00fdl je \u010dasto vn\u00edm\u00e1n jako znamen\u00ed zm\u011bny, p\u0159echodu z jedn\u00e9 \u017eivotn\u00ed etapy do druh\u00e9. M\u016f\u017ee tak\u00e9 vyjad\u0159ovat lehkost, kr\u00e1su a jemnost. V mnoha kultur\u00e1ch je mot\u00fdl symbolem du\u0161e, vzk\u0159\u00ed\u0161en\u00ed a nad\u011bje.<\/p>\n","protected":false},"featured_media":21181,"template":"","meta":{"_monsterinsights_skip_tracking":false,"_monsterinsights_sitenote_active":false,"_monsterinsights_sitenote_note":"","_monsterinsights_sitenote_category":0,"_kadence_starter_templates_imported_post":false,"_kad_post_transparent":"","_kad_post_title":"","_kad_post_layout":"","_kad_post_sidebar_id":"","_kad_post_content_style":"","_kad_post_vertical_padding":"","_kad_post_feature":"","_kad_post_feature_position":"","_kad_post_header":false,"_kad_post_footer":false,"_kad_post_classname":""},"product_brand":[],"product_cat":[84,77],"product_tag":[],"class_list":{"0":"post-21183","1":"product","2":"type-product","3":"status-publish","4":"has-post-thumbnail","6":"product_cat-minimalisticke","7":"product_cat-vse","9":"first","10":"instock","11":"taxable","12":"shipping-taxable","13":"purchasable","14":"product-type-simple","15":"entry","16":"content-bg","17":"loop-entry"},"jetpack_sharing_enabled":true,"_links":{"self":[{"href":"https:\/\/herbaltattoo.eu\/cs\/wp-json\/wp\/v2\/product\/21183","targetHints":{"allow":["GET"]}}],"collection":[{"href":"https:\/\/herbaltattoo.eu\/cs\/wp-json\/wp\/v2\/product"}],"about":[{"href":"https:\/\/herbaltattoo.eu\/cs\/wp-json\/wp\/v2\/types\/product"}],"wp:featuredmedia":[{"embeddable":true,"href":"https:\/\/herbaltattoo.eu\/cs\/wp-json\/wp\/v2\/media\/21181"}],"wp:attachment":[{"href":"https:\/\/herbaltattoo.eu\/cs\/wp-json\/wp\/v2\/media?parent=21183"}],"wp:term":[{"taxonomy":"product_brand","embeddable":true,"href":"https:\/\/herbaltattoo.eu\/cs\/wp-json\/wp\/v2\/product_brand?post=21183"},{"taxonomy":"product_cat","embeddable":true,"href":"https:\/\/herbaltattoo.eu\/cs\/wp-json\/wp\/v2\/product_cat?post=21183"},{"taxonomy":"product_tag","embeddable":true,"href":"https:\/\/herbaltattoo.eu\/cs\/wp-json\/wp\/v2\/product_tag?post=21183"}],"curies":[{"name":"wp","href":"https:\/\/api.w.org\/{rel}","templated":true}]}}