{"id":21177,"date":"2025-02-16T16:29:19","date_gmt":"2025-02-16T15:29:19","guid":{"rendered":"https:\/\/herbaltattoo.eu\/produkt\/astronaut\/"},"modified":"2026-02-15T18:31:58","modified_gmt":"2026-02-15T17:31:58","slug":"astronaut","status":"publish","type":"product","link":"https:\/\/herbaltattoo.eu\/cs\/produkt\/astronaut\/","title":{"rendered":"Astronaut"},"content":{"rendered":"<p>Tetov\u00e1n\u00ed s motivem astronauta symbolizuje pr\u016fzkum, objevov\u00e1n\u00ed nov\u00fdch hranic a sny. M\u016f\u017ee vyjad\u0159ovat fascinaci vesm\u00edrem, svobodou a tak\u00e9 snahu dos\u00e1hnout sv\u00fdch c\u00edl\u016f navzdory obt\u00ed\u017e\u00edm. Astronaut v tetov\u00e1n\u00ed \u010dasto tak\u00e9 znamen\u00e1 hled\u00e1n\u00ed smyslu \u017eivota, duchovn\u00ed cestu nebo touhu \u201eodlet\u011bt\u201c od ka\u017edodenn\u00edch omezen\u00ed.  <\/p>\n","protected":false},"excerpt":{"rendered":"<p>Tetov\u00e1n\u00ed s motivem astronauta symbolizuje pr\u016fzkum, objevov\u00e1n\u00ed nov\u00fdch hranic a sny. M\u016f\u017ee vyjad\u0159ovat fascinaci vesm\u00edrem, svobodou a tak\u00e9 snahu dos\u00e1hnout sv\u00fdch c\u00edl\u016f navzdory obt\u00ed\u017e\u00edm. Astronaut v tetov\u00e1n\u00ed \u010dasto tak\u00e9 znamen\u00e1 hled\u00e1n\u00ed smyslu \u017eivota, duchovn\u00ed cestu nebo touhu \u201eodlet\u011bt\u201c od ka\u017edodenn\u00edch omezen\u00ed.<\/p>\n","protected":false},"featured_media":21175,"template":"","meta":{"_monsterinsights_skip_tracking":false,"_monsterinsights_sitenote_active":false,"_monsterinsights_sitenote_note":"","_monsterinsights_sitenote_category":0,"_kadence_starter_templates_imported_post":false,"_kad_post_transparent":"","_kad_post_title":"","_kad_post_layout":"","_kad_post_sidebar_id":"","_kad_post_content_style":"","_kad_post_vertical_padding":"","_kad_post_feature":"","_kad_post_feature_position":"","_kad_post_header":false,"_kad_post_footer":false,"_kad_post_classname":""},"product_brand":[],"product_cat":[84,77],"product_tag":[],"class_list":{"0":"post-21177","1":"product","2":"type-product","3":"status-publish","4":"has-post-thumbnail","6":"product_cat-minimalisticke","7":"product_cat-vse","9":"first","10":"instock","11":"taxable","12":"shipping-taxable","13":"purchasable","14":"product-type-simple","15":"entry","16":"content-bg","17":"loop-entry"},"jetpack_sharing_enabled":true,"_links":{"self":[{"href":"https:\/\/herbaltattoo.eu\/cs\/wp-json\/wp\/v2\/product\/21177","targetHints":{"allow":["GET"]}}],"collection":[{"href":"https:\/\/herbaltattoo.eu\/cs\/wp-json\/wp\/v2\/product"}],"about":[{"href":"https:\/\/herbaltattoo.eu\/cs\/wp-json\/wp\/v2\/types\/product"}],"wp:featuredmedia":[{"embeddable":true,"href":"https:\/\/herbaltattoo.eu\/cs\/wp-json\/wp\/v2\/media\/21175"}],"wp:attachment":[{"href":"https:\/\/herbaltattoo.eu\/cs\/wp-json\/wp\/v2\/media?parent=21177"}],"wp:term":[{"taxonomy":"product_brand","embeddable":true,"href":"https:\/\/herbaltattoo.eu\/cs\/wp-json\/wp\/v2\/product_brand?post=21177"},{"taxonomy":"product_cat","embeddable":true,"href":"https:\/\/herbaltattoo.eu\/cs\/wp-json\/wp\/v2\/product_cat?post=21177"},{"taxonomy":"product_tag","embeddable":true,"href":"https:\/\/herbaltattoo.eu\/cs\/wp-json\/wp\/v2\/product_tag?post=21177"}],"curies":[{"name":"wp","href":"https:\/\/api.w.org\/{rel}","templated":true}]}}