{"id":21169,"date":"2025-02-16T16:28:18","date_gmt":"2025-02-16T15:28:18","guid":{"rendered":"https:\/\/herbaltattoo.eu\/produkt\/mozek-z-kvetin\/"},"modified":"2026-02-15T18:31:58","modified_gmt":"2026-02-15T17:31:58","slug":"mozek-z-kvetin","status":"publish","type":"product","link":"https:\/\/herbaltattoo.eu\/cs\/produkt\/mozek-z-kvetin\/","title":{"rendered":"Mozek z kv\u011btin"},"content":{"rendered":"<p>Tetov\u00e1n\u00ed s motivem mozku z kv\u011btin symbolizuje spojen\u00ed mysli a emoc\u00ed. M\u016f\u017ee znamenat harmonii mezi rozumem a city, kreativitu a intelektu\u00e1ln\u00ed a duchovn\u00ed rozvoj. Kv\u011btiny dod\u00e1vaj\u00ed jemnost a kr\u00e1su a symbolizuj\u00ed r\u016fst, znovuzrozen\u00ed a pozitivn\u00ed my\u0161len\u00ed, zat\u00edmco mozek p\u0159edstavuje inteligenci a my\u0161lenkov\u00e9 procesy. Takov\u00fd tetov\u00e1n\u00ed m\u016f\u017ee b\u00fdt tak\u00e9 projevem tv\u016fr\u010d\u00ed s\u00edly mysli.   <\/p>\n","protected":false},"excerpt":{"rendered":"<p>Tetov\u00e1n\u00ed s motivem mozku z kv\u011btin symbolizuje spojen\u00ed mysli a emoc\u00ed. M\u016f\u017ee znamenat harmonii mezi rozumem a city, kreativitu a intelektu\u00e1ln\u00ed a duchovn\u00ed rozvoj. Kv\u011btiny dod\u00e1vaj\u00ed jemnost a kr\u00e1su a symbolizuj\u00ed r\u016fst, znovuzrozen\u00ed a pozitivn\u00ed my\u0161len\u00ed, zat\u00edmco mozek p\u0159edstavuje inteligenci a my\u0161lenkov\u00e9 procesy. Takov\u00fd tetov\u00e1n\u00ed m\u016f\u017ee b\u00fdt tak\u00e9 projevem tv\u016fr\u010d\u00ed s\u00edly mysli.<\/p>\n","protected":false},"featured_media":21167,"template":"","meta":{"_monsterinsights_skip_tracking":false,"_monsterinsights_sitenote_active":false,"_monsterinsights_sitenote_note":"","_monsterinsights_sitenote_category":0,"_kadence_starter_templates_imported_post":false,"_kad_post_transparent":"","_kad_post_title":"","_kad_post_layout":"","_kad_post_sidebar_id":"","_kad_post_content_style":"","_kad_post_vertical_padding":"","_kad_post_feature":"","_kad_post_feature_position":"","_kad_post_header":false,"_kad_post_footer":false,"_kad_post_classname":""},"product_brand":[],"product_cat":[84,77],"product_tag":[],"class_list":{"0":"post-21169","1":"product","2":"type-product","3":"status-publish","4":"has-post-thumbnail","6":"product_cat-minimalisticke","7":"product_cat-vse","9":"first","10":"outofstock","11":"taxable","12":"shipping-taxable","13":"purchasable","14":"product-type-simple","15":"entry","16":"content-bg","17":"loop-entry"},"jetpack_sharing_enabled":true,"_links":{"self":[{"href":"https:\/\/herbaltattoo.eu\/cs\/wp-json\/wp\/v2\/product\/21169","targetHints":{"allow":["GET"]}}],"collection":[{"href":"https:\/\/herbaltattoo.eu\/cs\/wp-json\/wp\/v2\/product"}],"about":[{"href":"https:\/\/herbaltattoo.eu\/cs\/wp-json\/wp\/v2\/types\/product"}],"wp:featuredmedia":[{"embeddable":true,"href":"https:\/\/herbaltattoo.eu\/cs\/wp-json\/wp\/v2\/media\/21167"}],"wp:attachment":[{"href":"https:\/\/herbaltattoo.eu\/cs\/wp-json\/wp\/v2\/media?parent=21169"}],"wp:term":[{"taxonomy":"product_brand","embeddable":true,"href":"https:\/\/herbaltattoo.eu\/cs\/wp-json\/wp\/v2\/product_brand?post=21169"},{"taxonomy":"product_cat","embeddable":true,"href":"https:\/\/herbaltattoo.eu\/cs\/wp-json\/wp\/v2\/product_cat?post=21169"},{"taxonomy":"product_tag","embeddable":true,"href":"https:\/\/herbaltattoo.eu\/cs\/wp-json\/wp\/v2\/product_tag?post=21169"}],"curies":[{"name":"wp","href":"https:\/\/api.w.org\/{rel}","templated":true}]}}