{"id":21165,"date":"2025-02-16T16:27:22","date_gmt":"2025-02-16T15:27:22","guid":{"rendered":"https:\/\/herbaltattoo.eu\/produkt\/lucni-kvetiny\/"},"modified":"2026-02-15T18:31:58","modified_gmt":"2026-02-15T17:31:58","slug":"lucni-kvetiny","status":"publish","type":"product","link":"https:\/\/herbaltattoo.eu\/cs\/produkt\/lucni-kvetiny\/","title":{"rendered":"Lu\u010dn\u00ed kv\u011btiny"},"content":{"rendered":"<p>Tetov\u00e1n\u00ed s motivem poln\u00edch kv\u011btin symbolizuje p\u0159irozenost, svobodu a jednoduchost. M\u016f\u017ee vyjad\u0159ovat spojen\u00ed s p\u0159\u00edrodou, radost z mal\u00fdch okam\u017eik\u016f a kr\u00e1su okoln\u00edho sv\u011bta. Poln\u00ed kv\u011btiny jsou \u010dasto spojov\u00e1ny s bezstarostnost\u00ed, sv\u011b\u017eest\u00ed a vitalitou, ale tak\u00e9 s individualitou a autenticitou.  <\/p>\n","protected":false},"excerpt":{"rendered":"<p>Tetov\u00e1n\u00ed s motivem poln\u00edch kv\u011btin symbolizuje p\u0159irozenost, svobodu a jednoduchost. M\u016f\u017ee vyjad\u0159ovat spojen\u00ed s p\u0159\u00edrodou, radost z mal\u00fdch okam\u017eik\u016f a kr\u00e1su okoln\u00edho sv\u011bta. Poln\u00ed kv\u011btiny jsou \u010dasto spojov\u00e1ny s bezstarostnost\u00ed, sv\u011b\u017eest\u00ed a vitalitou, ale tak\u00e9 s individualitou a autenticitou.<\/p>\n","protected":false},"featured_media":21163,"template":"","meta":{"_monsterinsights_skip_tracking":false,"_monsterinsights_sitenote_active":false,"_monsterinsights_sitenote_note":"","_monsterinsights_sitenote_category":0,"_kadence_starter_templates_imported_post":false,"_kad_post_transparent":"","_kad_post_title":"","_kad_post_layout":"","_kad_post_sidebar_id":"","_kad_post_content_style":"","_kad_post_vertical_padding":"","_kad_post_feature":"","_kad_post_feature_position":"","_kad_post_header":false,"_kad_post_footer":false,"_kad_post_classname":""},"product_brand":[],"product_cat":[84,77],"product_tag":[],"class_list":{"0":"post-21165","1":"product","2":"type-product","3":"status-publish","4":"has-post-thumbnail","6":"product_cat-minimalisticke","7":"product_cat-vse","9":"first","10":"instock","11":"taxable","12":"shipping-taxable","13":"purchasable","14":"product-type-simple","15":"entry","16":"content-bg","17":"loop-entry"},"jetpack_sharing_enabled":true,"_links":{"self":[{"href":"https:\/\/herbaltattoo.eu\/cs\/wp-json\/wp\/v2\/product\/21165","targetHints":{"allow":["GET"]}}],"collection":[{"href":"https:\/\/herbaltattoo.eu\/cs\/wp-json\/wp\/v2\/product"}],"about":[{"href":"https:\/\/herbaltattoo.eu\/cs\/wp-json\/wp\/v2\/types\/product"}],"wp:featuredmedia":[{"embeddable":true,"href":"https:\/\/herbaltattoo.eu\/cs\/wp-json\/wp\/v2\/media\/21163"}],"wp:attachment":[{"href":"https:\/\/herbaltattoo.eu\/cs\/wp-json\/wp\/v2\/media?parent=21165"}],"wp:term":[{"taxonomy":"product_brand","embeddable":true,"href":"https:\/\/herbaltattoo.eu\/cs\/wp-json\/wp\/v2\/product_brand?post=21165"},{"taxonomy":"product_cat","embeddable":true,"href":"https:\/\/herbaltattoo.eu\/cs\/wp-json\/wp\/v2\/product_cat?post=21165"},{"taxonomy":"product_tag","embeddable":true,"href":"https:\/\/herbaltattoo.eu\/cs\/wp-json\/wp\/v2\/product_tag?post=21165"}],"curies":[{"name":"wp","href":"https:\/\/api.w.org\/{rel}","templated":true}]}}