{"id":21157,"date":"2025-02-16T16:26:15","date_gmt":"2025-02-16T15:26:15","guid":{"rendered":"https:\/\/herbaltattoo.eu\/produkt\/napis\/"},"modified":"2026-02-15T18:32:18","modified_gmt":"2026-02-15T17:32:18","slug":"napis","status":"publish","type":"product","link":"https:\/\/herbaltattoo.eu\/cs\/produkt\/napis\/","title":{"rendered":"N\u00e1pis&#8230;"},"content":{"rendered":"<p>Tetov\u00e1n\u00ed s n\u00e1pisem \u201eYou have always been enough\u201d p\u0159ipom\u00edn\u00e1 sebeakceptaci a sebev\u011bdom\u00ed. Je to afirmace, kter\u00e1 \u0159\u00edk\u00e1, \u017ee jsme dost dob\u0159\u00ed takov\u00ed, jac\u00ed jsme, a nemus\u00edme nic dokazovat. <\/p>\n","protected":false},"excerpt":{"rendered":"<p>Tetov\u00e1n\u00ed s n\u00e1pisem \u201eYou have always been enough\u201d p\u0159ipom\u00edn\u00e1 sebeakceptaci a sebev\u011bdom\u00ed. Je to afirmace, kter\u00e1 \u0159\u00edk\u00e1, \u017ee jsme dost dob\u0159\u00ed takov\u00ed, jac\u00ed jsme, a nemus\u00edme nic dokazovat.<\/p>\n","protected":false},"featured_media":21155,"template":"","meta":{"_monsterinsights_skip_tracking":false,"_monsterinsights_sitenote_active":false,"_monsterinsights_sitenote_note":"","_monsterinsights_sitenote_category":0,"_kadence_starter_templates_imported_post":false,"_kad_post_transparent":"","_kad_post_title":"","_kad_post_layout":"","_kad_post_sidebar_id":"","_kad_post_content_style":"","_kad_post_vertical_padding":"","_kad_post_feature":"","_kad_post_feature_position":"","_kad_post_header":false,"_kad_post_footer":false,"_kad_post_classname":""},"product_brand":[],"product_cat":[84,77],"product_tag":[],"class_list":{"0":"post-21157","1":"product","2":"type-product","3":"status-publish","4":"has-post-thumbnail","6":"product_cat-minimalisticke","7":"product_cat-vse","9":"first","10":"instock","11":"taxable","12":"shipping-taxable","13":"purchasable","14":"product-type-simple","15":"entry","16":"content-bg","17":"loop-entry"},"jetpack_sharing_enabled":true,"_links":{"self":[{"href":"https:\/\/herbaltattoo.eu\/cs\/wp-json\/wp\/v2\/product\/21157","targetHints":{"allow":["GET"]}}],"collection":[{"href":"https:\/\/herbaltattoo.eu\/cs\/wp-json\/wp\/v2\/product"}],"about":[{"href":"https:\/\/herbaltattoo.eu\/cs\/wp-json\/wp\/v2\/types\/product"}],"wp:featuredmedia":[{"embeddable":true,"href":"https:\/\/herbaltattoo.eu\/cs\/wp-json\/wp\/v2\/media\/21155"}],"wp:attachment":[{"href":"https:\/\/herbaltattoo.eu\/cs\/wp-json\/wp\/v2\/media?parent=21157"}],"wp:term":[{"taxonomy":"product_brand","embeddable":true,"href":"https:\/\/herbaltattoo.eu\/cs\/wp-json\/wp\/v2\/product_brand?post=21157"},{"taxonomy":"product_cat","embeddable":true,"href":"https:\/\/herbaltattoo.eu\/cs\/wp-json\/wp\/v2\/product_cat?post=21157"},{"taxonomy":"product_tag","embeddable":true,"href":"https:\/\/herbaltattoo.eu\/cs\/wp-json\/wp\/v2\/product_tag?post=21157"}],"curies":[{"name":"wp","href":"https:\/\/api.w.org\/{rel}","templated":true}]}}