{"id":21151,"date":"2025-02-16T16:24:35","date_gmt":"2025-02-16T15:24:35","guid":{"rendered":"https:\/\/herbaltattoo.eu\/produkt\/a-bouquet-in-my-head\/"},"modified":"2026-02-15T18:32:18","modified_gmt":"2026-02-15T17:32:18","slug":"a-bouquet-in-my-head","status":"publish","type":"product","link":"https:\/\/herbaltattoo.eu\/cs\/produkt\/a-bouquet-in-my-head\/","title":{"rendered":"A bouquet in my head&#8230;"},"content":{"rendered":"<p>Tetov\u00e1n\u00ed s motivem kytice v hlav\u011b symbolizuje spojen\u00ed my\u0161lenek, emoc\u00ed a kr\u00e1sy. M\u016f\u017ee znamenat kreativitu, v\u00e1\u0161e\u0148 a bohatstv\u00ed vnit\u0159n\u00edho sv\u011bta. Kytice v hlav\u011b m\u016f\u017ee tak\u00e9 vyjad\u0159ovat harmonii mezi city a intelektem a p\u0159ipom\u00ednat, jak d\u016fle\u017eit\u00e9 je p\u011bstovat sv\u00e9 vlastn\u00ed v\u00e1\u0161n\u011b a sny.  <\/p>\n","protected":false},"excerpt":{"rendered":"<p>Tetov\u00e1n\u00ed s motivem kytice v hlav\u011b symbolizuje spojen\u00ed my\u0161lenek, emoc\u00ed a kr\u00e1sy. M\u016f\u017ee znamenat kreativitu, v\u00e1\u0161e\u0148 a bohatstv\u00ed vnit\u0159n\u00edho sv\u011bta. Kytice v hlav\u011b m\u016f\u017ee tak\u00e9 vyjad\u0159ovat harmonii mezi city a intelektem a p\u0159ipom\u00ednat, jak d\u016fle\u017eit\u00e9 je p\u011bstovat sv\u00e9 vlastn\u00ed v\u00e1\u0161n\u011b a sny.<\/p>\n","protected":false},"featured_media":21149,"template":"","meta":{"_monsterinsights_skip_tracking":false,"_monsterinsights_sitenote_active":false,"_monsterinsights_sitenote_note":"","_monsterinsights_sitenote_category":0,"_kadence_starter_templates_imported_post":false,"_kad_post_transparent":"","_kad_post_title":"","_kad_post_layout":"","_kad_post_sidebar_id":"","_kad_post_content_style":"","_kad_post_vertical_padding":"","_kad_post_feature":"","_kad_post_feature_position":"","_kad_post_header":false,"_kad_post_footer":false,"_kad_post_classname":""},"product_brand":[],"product_cat":[84,77],"product_tag":[],"class_list":{"0":"post-21151","1":"product","2":"type-product","3":"status-publish","4":"has-post-thumbnail","6":"product_cat-minimalisticke","7":"product_cat-vse","9":"first","10":"instock","11":"taxable","12":"shipping-taxable","13":"purchasable","14":"product-type-simple","15":"entry","16":"content-bg","17":"loop-entry"},"jetpack_sharing_enabled":true,"_links":{"self":[{"href":"https:\/\/herbaltattoo.eu\/cs\/wp-json\/wp\/v2\/product\/21151","targetHints":{"allow":["GET"]}}],"collection":[{"href":"https:\/\/herbaltattoo.eu\/cs\/wp-json\/wp\/v2\/product"}],"about":[{"href":"https:\/\/herbaltattoo.eu\/cs\/wp-json\/wp\/v2\/types\/product"}],"wp:featuredmedia":[{"embeddable":true,"href":"https:\/\/herbaltattoo.eu\/cs\/wp-json\/wp\/v2\/media\/21149"}],"wp:attachment":[{"href":"https:\/\/herbaltattoo.eu\/cs\/wp-json\/wp\/v2\/media?parent=21151"}],"wp:term":[{"taxonomy":"product_brand","embeddable":true,"href":"https:\/\/herbaltattoo.eu\/cs\/wp-json\/wp\/v2\/product_brand?post=21151"},{"taxonomy":"product_cat","embeddable":true,"href":"https:\/\/herbaltattoo.eu\/cs\/wp-json\/wp\/v2\/product_cat?post=21151"},{"taxonomy":"product_tag","embeddable":true,"href":"https:\/\/herbaltattoo.eu\/cs\/wp-json\/wp\/v2\/product_tag?post=21151"}],"curies":[{"name":"wp","href":"https:\/\/api.w.org\/{rel}","templated":true}]}}