{"id":21106,"date":"2025-02-15T19:34:49","date_gmt":"2025-02-15T18:34:49","guid":{"rendered":"https:\/\/herbaltattoo.eu\/produkt\/angels\/"},"modified":"2026-02-15T18:32:19","modified_gmt":"2026-02-15T17:32:19","slug":"angels","status":"publish","type":"product","link":"https:\/\/herbaltattoo.eu\/cs\/produkt\/angels\/","title":{"rendered":"Angels"},"content":{"rendered":"<p>Tetov\u00e1n\u00ed se t\u0159emi and\u011bly m\u016f\u017ee symbolizovat ochranu, rovnov\u00e1hu a duchovn\u00ed veden\u00ed. T\u0159i and\u011bl\u00e9 mohou p\u0159edstavovat r\u016fzn\u00e9 aspekty \u017eivota, jako je minulost, p\u0159\u00edtomnost a budoucnost, nebo ducha, mysl a t\u011blo. V n\u011bkter\u00fdch interpretac\u00edch jsou t\u0159i and\u011bl\u00e9 tak\u00e9 symbolem ochrany osoby a nazna\u010duj\u00ed podporu v t\u011b\u017ek\u00fdch chv\u00edl\u00edch. Takov\u00fd tetov\u00e1n\u00ed m\u016f\u017ee vyjad\u0159ovat v\u00edru v duchovn\u00ed s\u00edlu, harmonii a ochranu v \u017eivot\u011b.   <\/p>\n","protected":false},"excerpt":{"rendered":"<p>Tetov\u00e1n\u00ed se t\u0159emi and\u011bly m\u016f\u017ee symbolizovat ochranu, rovnov\u00e1hu a duchovn\u00ed veden\u00ed. T\u0159i and\u011bl\u00e9 mohou p\u0159edstavovat r\u016fzn\u00e9 aspekty \u017eivota, jako je minulost, p\u0159\u00edtomnost a budoucnost, nebo ducha, mysl a t\u011blo. V n\u011bkter\u00fdch interpretac\u00edch jsou t\u0159i and\u011bl\u00e9 tak\u00e9 symbolem ochrany osoby a nazna\u010duj\u00ed podporu v t\u011b\u017ek\u00fdch chv\u00edl\u00edch. Takov\u00fd tetov\u00e1n\u00ed m\u016f\u017ee vyjad\u0159ovat v\u00edru v duchovn\u00ed s\u00edlu, harmonii a&#8230;<\/p>\n","protected":false},"featured_media":21104,"template":"","meta":{"_monsterinsights_skip_tracking":false,"_monsterinsights_sitenote_active":false,"_monsterinsights_sitenote_note":"","_monsterinsights_sitenote_category":0,"_kadence_starter_templates_imported_post":false,"_kad_post_transparent":"","_kad_post_title":"","_kad_post_layout":"","_kad_post_sidebar_id":"","_kad_post_content_style":"","_kad_post_vertical_padding":"","_kad_post_feature":"","_kad_post_feature_position":"","_kad_post_header":false,"_kad_post_footer":false,"_kad_post_classname":""},"product_brand":[],"product_cat":[80,77],"product_tag":[],"class_list":{"0":"post-21106","1":"product","2":"type-product","3":"status-publish","4":"has-post-thumbnail","6":"product_cat-plne-tetovani","7":"product_cat-vse","9":"first","10":"instock","11":"taxable","12":"shipping-taxable","13":"purchasable","14":"product-type-simple","15":"entry","16":"content-bg","17":"loop-entry"},"jetpack_sharing_enabled":true,"_links":{"self":[{"href":"https:\/\/herbaltattoo.eu\/cs\/wp-json\/wp\/v2\/product\/21106","targetHints":{"allow":["GET"]}}],"collection":[{"href":"https:\/\/herbaltattoo.eu\/cs\/wp-json\/wp\/v2\/product"}],"about":[{"href":"https:\/\/herbaltattoo.eu\/cs\/wp-json\/wp\/v2\/types\/product"}],"wp:featuredmedia":[{"embeddable":true,"href":"https:\/\/herbaltattoo.eu\/cs\/wp-json\/wp\/v2\/media\/21104"}],"wp:attachment":[{"href":"https:\/\/herbaltattoo.eu\/cs\/wp-json\/wp\/v2\/media?parent=21106"}],"wp:term":[{"taxonomy":"product_brand","embeddable":true,"href":"https:\/\/herbaltattoo.eu\/cs\/wp-json\/wp\/v2\/product_brand?post=21106"},{"taxonomy":"product_cat","embeddable":true,"href":"https:\/\/herbaltattoo.eu\/cs\/wp-json\/wp\/v2\/product_cat?post=21106"},{"taxonomy":"product_tag","embeddable":true,"href":"https:\/\/herbaltattoo.eu\/cs\/wp-json\/wp\/v2\/product_tag?post=21106"}],"curies":[{"name":"wp","href":"https:\/\/api.w.org\/{rel}","templated":true}]}}