{"id":21093,"date":"2025-02-13T20:43:06","date_gmt":"2025-02-13T19:43:06","guid":{"rendered":"https:\/\/herbaltattoo.eu\/produkt\/compass\/"},"modified":"2026-02-15T18:32:19","modified_gmt":"2026-02-15T17:32:19","slug":"compass","status":"publish","type":"product","link":"https:\/\/herbaltattoo.eu\/cs\/produkt\/compass\/","title":{"rendered":"Compass"},"content":{"rendered":"<p>Tetov\u00e1n\u00ed s kompasem symbolizuje sm\u011br, c\u00edl a orientaci v \u017eivot\u011b. M\u016f\u017ee znamenat hled\u00e1n\u00ed vlastn\u00ed cesty, nez\u00e1vislost a p\u0159ipravenost p\u0159ij\u00edmat nov\u00e9 v\u00fdzvy. Kompas v tetov\u00e1n\u00ed \u010dasto vyjad\u0159uje touhu objevovat sv\u011bt a tak\u00e9 p\u0159ipom\u00edn\u00e1, \u017ee stoj\u00ed za to n\u00e1sledovat sv\u00e9 hodnoty a intuici, bez ohledu na obt\u00ed\u017ee.  <\/p>\n","protected":false},"excerpt":{"rendered":"<p>Tetov\u00e1n\u00ed s kompasem symbolizuje sm\u011br, c\u00edl a orientaci v \u017eivot\u011b. M\u016f\u017ee znamenat hled\u00e1n\u00ed vlastn\u00ed cesty, nez\u00e1vislost a p\u0159ipravenost p\u0159ij\u00edmat nov\u00e9 v\u00fdzvy. Kompas v tetov\u00e1n\u00ed \u010dasto vyjad\u0159uje touhu objevovat sv\u011bt a tak\u00e9 p\u0159ipom\u00edn\u00e1, \u017ee stoj\u00ed za to n\u00e1sledovat sv\u00e9 hodnoty a intuici, bez ohledu na obt\u00ed\u017ee.<\/p>\n","protected":false},"featured_media":21086,"template":"","meta":{"_monsterinsights_skip_tracking":false,"_monsterinsights_sitenote_active":false,"_monsterinsights_sitenote_note":"","_monsterinsights_sitenote_category":0,"_kadence_starter_templates_imported_post":false,"_kad_post_transparent":"","_kad_post_title":"","_kad_post_layout":"","_kad_post_sidebar_id":"","_kad_post_content_style":"","_kad_post_vertical_padding":"","_kad_post_feature":"","_kad_post_feature_position":"","_kad_post_header":false,"_kad_post_footer":false,"_kad_post_classname":""},"product_brand":[],"product_cat":[80,77],"product_tag":[],"class_list":{"0":"post-21093","1":"product","2":"type-product","3":"status-publish","4":"has-post-thumbnail","6":"product_cat-plne-tetovani","7":"product_cat-vse","9":"first","10":"instock","11":"taxable","12":"shipping-taxable","13":"purchasable","14":"product-type-simple","15":"entry","16":"content-bg","17":"loop-entry"},"jetpack_sharing_enabled":true,"_links":{"self":[{"href":"https:\/\/herbaltattoo.eu\/cs\/wp-json\/wp\/v2\/product\/21093","targetHints":{"allow":["GET"]}}],"collection":[{"href":"https:\/\/herbaltattoo.eu\/cs\/wp-json\/wp\/v2\/product"}],"about":[{"href":"https:\/\/herbaltattoo.eu\/cs\/wp-json\/wp\/v2\/types\/product"}],"wp:featuredmedia":[{"embeddable":true,"href":"https:\/\/herbaltattoo.eu\/cs\/wp-json\/wp\/v2\/media\/21086"}],"wp:attachment":[{"href":"https:\/\/herbaltattoo.eu\/cs\/wp-json\/wp\/v2\/media?parent=21093"}],"wp:term":[{"taxonomy":"product_brand","embeddable":true,"href":"https:\/\/herbaltattoo.eu\/cs\/wp-json\/wp\/v2\/product_brand?post=21093"},{"taxonomy":"product_cat","embeddable":true,"href":"https:\/\/herbaltattoo.eu\/cs\/wp-json\/wp\/v2\/product_cat?post=21093"},{"taxonomy":"product_tag","embeddable":true,"href":"https:\/\/herbaltattoo.eu\/cs\/wp-json\/wp\/v2\/product_tag?post=21093"}],"curies":[{"name":"wp","href":"https:\/\/api.w.org\/{rel}","templated":true}]}}