{"id":21092,"date":"2025-02-13T20:46:22","date_gmt":"2025-02-13T19:46:22","guid":{"rendered":"https:\/\/herbaltattoo.eu\/produkt\/tiger\/"},"modified":"2026-02-15T18:32:19","modified_gmt":"2026-02-15T17:32:19","slug":"tiger","status":"publish","type":"product","link":"https:\/\/herbaltattoo.eu\/cs\/produkt\/tiger\/","title":{"rendered":"Tiger"},"content":{"rendered":"<p>Tetov\u00e1n\u00ed s motivem tygra symbolizuje s\u00edlu, odvahu, odhodl\u00e1n\u00ed a nez\u00e1vislost. Tygr je tak\u00e9 symbolem moci a smyslnosti a jeho divokost m\u016f\u017ee vyjad\u0159ovat p\u0159ipravenost \u010delit obt\u00ed\u017e\u00edm. Takov\u00e9 tetov\u00e1n\u00ed je tak\u00e9 vyj\u00e1d\u0159en\u00edm \u00facty k p\u0159\u00edrod\u011b a jej\u00ed divok\u00e9, nespoutan\u00e9 energii.  <\/p>\n","protected":false},"excerpt":{"rendered":"<p>Tetov\u00e1n\u00ed s motivem tygra symbolizuje s\u00edlu, odvahu, odhodl\u00e1n\u00ed a nez\u00e1vislost. Tygr je tak\u00e9 symbolem moci a smyslnosti a jeho divokost m\u016f\u017ee vyjad\u0159ovat p\u0159ipravenost \u010delit obt\u00ed\u017e\u00edm. Takov\u00e9 tetov\u00e1n\u00ed je tak\u00e9 vyj\u00e1d\u0159en\u00edm \u00facty k p\u0159\u00edrod\u011b a jej\u00ed divok\u00e9, nespoutan\u00e9 energii.<\/p>\n","protected":false},"featured_media":21090,"template":"","meta":{"_monsterinsights_skip_tracking":false,"_monsterinsights_sitenote_active":false,"_monsterinsights_sitenote_note":"","_monsterinsights_sitenote_category":0,"_kadence_starter_templates_imported_post":false,"_kad_post_transparent":"","_kad_post_title":"","_kad_post_layout":"","_kad_post_sidebar_id":"","_kad_post_content_style":"","_kad_post_vertical_padding":"","_kad_post_feature":"","_kad_post_feature_position":"","_kad_post_header":false,"_kad_post_footer":false,"_kad_post_classname":""},"product_brand":[],"product_cat":[80,77],"product_tag":[],"class_list":{"0":"post-21092","1":"product","2":"type-product","3":"status-publish","4":"has-post-thumbnail","6":"product_cat-plne-tetovani","7":"product_cat-vse","9":"first","10":"instock","11":"taxable","12":"shipping-taxable","13":"purchasable","14":"product-type-simple","15":"entry","16":"content-bg","17":"loop-entry"},"jetpack_sharing_enabled":true,"_links":{"self":[{"href":"https:\/\/herbaltattoo.eu\/cs\/wp-json\/wp\/v2\/product\/21092","targetHints":{"allow":["GET"]}}],"collection":[{"href":"https:\/\/herbaltattoo.eu\/cs\/wp-json\/wp\/v2\/product"}],"about":[{"href":"https:\/\/herbaltattoo.eu\/cs\/wp-json\/wp\/v2\/types\/product"}],"wp:featuredmedia":[{"embeddable":true,"href":"https:\/\/herbaltattoo.eu\/cs\/wp-json\/wp\/v2\/media\/21090"}],"wp:attachment":[{"href":"https:\/\/herbaltattoo.eu\/cs\/wp-json\/wp\/v2\/media?parent=21092"}],"wp:term":[{"taxonomy":"product_brand","embeddable":true,"href":"https:\/\/herbaltattoo.eu\/cs\/wp-json\/wp\/v2\/product_brand?post=21092"},{"taxonomy":"product_cat","embeddable":true,"href":"https:\/\/herbaltattoo.eu\/cs\/wp-json\/wp\/v2\/product_cat?post=21092"},{"taxonomy":"product_tag","embeddable":true,"href":"https:\/\/herbaltattoo.eu\/cs\/wp-json\/wp\/v2\/product_tag?post=21092"}],"curies":[{"name":"wp","href":"https:\/\/api.w.org\/{rel}","templated":true}]}}