{"id":21075,"date":"2025-02-13T20:30:48","date_gmt":"2025-02-13T19:30:48","guid":{"rendered":"https:\/\/herbaltattoo.eu\/produkt\/koi-fish\/"},"modified":"2026-02-15T18:32:19","modified_gmt":"2026-02-15T17:32:19","slug":"koi-fish","status":"publish","type":"product","link":"https:\/\/herbaltattoo.eu\/cs\/produkt\/koi-fish\/","title":{"rendered":"Koi ryby"},"content":{"rendered":"<p>Tetov\u00e1n\u00ed s motivem ryb koi symbolizuje s\u00edlu, vytrvalost a prom\u011bnu. V japonsk\u00e9 kultu\u0159e jsou ryby koi symbolem snahy dos\u00e1hnout c\u00edle navzdory nep\u0159\u00edzni osudu a jejich schopnost p\u0159ekon\u00e1vat vodop\u00e1dy je pova\u017eov\u00e1na za metaforu p\u0159ekon\u00e1v\u00e1n\u00ed obt\u00ed\u017e\u00ed. Koi jsou tak\u00e9 \u010dasto spojov\u00e1ny s \u00fasp\u011bchem, znovuzrozen\u00edm a rovnov\u00e1hou. Takov\u00fd tetov\u00e1n\u00ed m\u016f\u017ee vyjad\u0159ovat touhu dos\u00e1hnout c\u00edl\u016f, ale tak\u00e9 harmonii a klid v \u017eivot\u011b.<\/p>\n","protected":false},"excerpt":{"rendered":"<p>Tetov\u00e1n\u00ed s motivem ryb koi symbolizuje s\u00edlu, vytrvalost a prom\u011bnu. V japonsk\u00e9 kultu\u0159e jsou ryby koi symbolem snahy dos\u00e1hnout c\u00edle navzdory nep\u0159\u00edzni osudu a jejich schopnost p\u0159ekon\u00e1vat vodop\u00e1dy je pova\u017eov\u00e1na za metaforu p\u0159ekon\u00e1v\u00e1n\u00ed obt\u00ed\u017e\u00ed. Koi jsou tak\u00e9 \u010dasto spojov\u00e1ny s \u00fasp\u011bchem, znovuzrozen\u00edm a rovnov\u00e1hou. Takov\u00fd tetov\u00e1n\u00ed m\u016f\u017ee vyjad\u0159ovat touhu dos\u00e1hnout c\u00edl\u016f, ale tak\u00e9 harmonii a&#8230;<\/p>\n","protected":false},"featured_media":21073,"template":"","meta":{"_monsterinsights_skip_tracking":false,"_monsterinsights_sitenote_active":false,"_monsterinsights_sitenote_note":"","_monsterinsights_sitenote_category":0,"_kadence_starter_templates_imported_post":false,"_kad_post_transparent":"default","_kad_post_title":"","_kad_post_layout":"default","_kad_post_sidebar_id":"","_kad_post_content_style":"default","_kad_post_vertical_padding":"default","_kad_post_feature":"","_kad_post_feature_position":"","_kad_post_header":false,"_kad_post_footer":false,"_kad_post_classname":""},"product_brand":[],"product_cat":[80,77],"product_tag":[],"class_list":{"0":"post-21075","1":"product","2":"type-product","3":"status-publish","4":"has-post-thumbnail","6":"product_cat-plne-tetovani","7":"product_cat-vse","9":"first","10":"instock","11":"taxable","12":"shipping-taxable","13":"purchasable","14":"product-type-simple","15":"entry","16":"content-bg","17":"loop-entry"},"jetpack_sharing_enabled":true,"_links":{"self":[{"href":"https:\/\/herbaltattoo.eu\/cs\/wp-json\/wp\/v2\/product\/21075","targetHints":{"allow":["GET"]}}],"collection":[{"href":"https:\/\/herbaltattoo.eu\/cs\/wp-json\/wp\/v2\/product"}],"about":[{"href":"https:\/\/herbaltattoo.eu\/cs\/wp-json\/wp\/v2\/types\/product"}],"wp:featuredmedia":[{"embeddable":true,"href":"https:\/\/herbaltattoo.eu\/cs\/wp-json\/wp\/v2\/media\/21073"}],"wp:attachment":[{"href":"https:\/\/herbaltattoo.eu\/cs\/wp-json\/wp\/v2\/media?parent=21075"}],"wp:term":[{"taxonomy":"product_brand","embeddable":true,"href":"https:\/\/herbaltattoo.eu\/cs\/wp-json\/wp\/v2\/product_brand?post=21075"},{"taxonomy":"product_cat","embeddable":true,"href":"https:\/\/herbaltattoo.eu\/cs\/wp-json\/wp\/v2\/product_cat?post=21075"},{"taxonomy":"product_tag","embeddable":true,"href":"https:\/\/herbaltattoo.eu\/cs\/wp-json\/wp\/v2\/product_tag?post=21075"}],"curies":[{"name":"wp","href":"https:\/\/api.w.org\/{rel}","templated":true}]}}