{"id":21069,"date":"2025-02-13T20:22:59","date_gmt":"2025-02-13T19:22:59","guid":{"rendered":"https:\/\/herbaltattoo.eu\/produkt\/stitch\/"},"modified":"2026-02-15T18:32:42","modified_gmt":"2026-02-15T17:32:42","slug":"stitch","status":"publish","type":"product","link":"https:\/\/herbaltattoo.eu\/cs\/produkt\/stitch\/","title":{"rendered":"Stitch"},"content":{"rendered":"<p>Tetov\u00e1n\u00ed s motivem Stitche z filmu <em data-start=\"27\" data-end=\"42\">Lilo &amp; Stitch<\/em> symbolizuje p\u0159\u00e1telstv\u00ed, loajalitu a p\u0159ijet\u00ed. Stitch se navzdory sv\u00e9mu nevhodn\u00e9mu chov\u00e1n\u00ed st\u00e1v\u00e1 symbolem l\u00e1sky a rodiny a ukazuje, \u017ee ka\u017ed\u00e1 bytost, i ta, kter\u00e1 se na prvn\u00ed pohled jev\u00ed jako odli\u0161n\u00e1, si zaslou\u017e\u00ed p\u0159ijet\u00ed a \u0161anci na lep\u0161\u00ed \u017eivot. Takov\u00fd tetov\u00e1n\u00ed m\u016f\u017ee vyjad\u0159ovat hodnotu bl\u00edzk\u00fdch vztah\u016f a toho, \u017ee jsme sami sebou, bez ohledu na to, jak n\u00e1s vn\u00edmaj\u00ed ostatn\u00ed.  <\/p>\n","protected":false},"excerpt":{"rendered":"<p>Tetov\u00e1n\u00ed s motivem Stitche z filmu Lilo &amp; Stitch symbolizuje p\u0159\u00e1telstv\u00ed, loajalitu a p\u0159ijet\u00ed. Stitch se navzdory sv\u00e9mu nevhodn\u00e9mu chov\u00e1n\u00ed st\u00e1v\u00e1 symbolem l\u00e1sky a rodiny a ukazuje, \u017ee ka\u017ed\u00e1 bytost, i ta, kter\u00e1 se na prvn\u00ed pohled jev\u00ed jako odli\u0161n\u00e1, si zaslou\u017e\u00ed p\u0159ijet\u00ed a \u0161anci na lep\u0161\u00ed \u017eivot. Takov\u00fd tetov\u00e1n\u00ed m\u016f\u017ee vyjad\u0159ovat hodnotu bl\u00edzk\u00fdch vztah\u016f&#8230;<\/p>\n","protected":false},"featured_media":21056,"template":"","meta":{"_monsterinsights_skip_tracking":false,"_monsterinsights_sitenote_active":false,"_monsterinsights_sitenote_note":"","_monsterinsights_sitenote_category":0,"_kadence_starter_templates_imported_post":false,"_kad_post_transparent":"","_kad_post_title":"","_kad_post_layout":"","_kad_post_sidebar_id":"","_kad_post_content_style":"","_kad_post_vertical_padding":"","_kad_post_feature":"","_kad_post_feature_position":"","_kad_post_header":false,"_kad_post_footer":false,"_kad_post_classname":""},"product_brand":[],"product_cat":[80,77],"product_tag":[],"class_list":{"0":"post-21069","1":"product","2":"type-product","3":"status-publish","4":"has-post-thumbnail","6":"product_cat-plne-tetovani","7":"product_cat-vse","9":"first","10":"outofstock","11":"taxable","12":"shipping-taxable","13":"purchasable","14":"product-type-simple","15":"entry","16":"content-bg","17":"loop-entry"},"jetpack_sharing_enabled":true,"_links":{"self":[{"href":"https:\/\/herbaltattoo.eu\/cs\/wp-json\/wp\/v2\/product\/21069","targetHints":{"allow":["GET"]}}],"collection":[{"href":"https:\/\/herbaltattoo.eu\/cs\/wp-json\/wp\/v2\/product"}],"about":[{"href":"https:\/\/herbaltattoo.eu\/cs\/wp-json\/wp\/v2\/types\/product"}],"wp:featuredmedia":[{"embeddable":true,"href":"https:\/\/herbaltattoo.eu\/cs\/wp-json\/wp\/v2\/media\/21056"}],"wp:attachment":[{"href":"https:\/\/herbaltattoo.eu\/cs\/wp-json\/wp\/v2\/media?parent=21069"}],"wp:term":[{"taxonomy":"product_brand","embeddable":true,"href":"https:\/\/herbaltattoo.eu\/cs\/wp-json\/wp\/v2\/product_brand?post=21069"},{"taxonomy":"product_cat","embeddable":true,"href":"https:\/\/herbaltattoo.eu\/cs\/wp-json\/wp\/v2\/product_cat?post=21069"},{"taxonomy":"product_tag","embeddable":true,"href":"https:\/\/herbaltattoo.eu\/cs\/wp-json\/wp\/v2\/product_tag?post=21069"}],"curies":[{"name":"wp","href":"https:\/\/api.w.org\/{rel}","templated":true}]}}