{"id":21062,"date":"2025-02-13T20:28:33","date_gmt":"2025-02-13T19:28:33","guid":{"rendered":"https:\/\/herbaltattoo.eu\/produkt\/lebka-a-kvetiny\/"},"modified":"2026-02-15T18:32:42","modified_gmt":"2026-02-15T17:32:42","slug":"lebka-a-kvetiny","status":"publish","type":"product","link":"https:\/\/herbaltattoo.eu\/cs\/produkt\/lebka-a-kvetiny\/","title":{"rendered":"Lebka a kv\u011btiny"},"content":{"rendered":"<p>Tetov\u00e1n\u00ed s lebkou a kv\u011btinami symbolizuje rovnov\u00e1hu mezi \u017eivotem a smrt\u00ed, kr\u00e1sou a pom\u00edjivost\u00ed. Lebka \u010dasto odkazuje na smrt, memento mori a p\u0159ipom\u00edn\u00e1 k\u0159ehkost \u017eivota, zat\u00edmco kv\u011btiny symbolizuj\u00ed \u017eivot, r\u016fst a kr\u00e1su. Spojen\u00ed t\u011bchto prvk\u016f vyjad\u0159uje cykli\u010dnost existence, znovuzrozen\u00ed a p\u0159ijet\u00ed pom\u00edjivosti a z\u00e1rove\u0148 ukazuje s\u00edlu a k\u0159ehkost tv\u00e1\u0159\u00ed v tv\u00e1\u0159 nevyhnuteln\u00fdm zm\u011bn\u00e1m.  <\/p>\n","protected":false},"excerpt":{"rendered":"<p>Tetov\u00e1n\u00ed s lebkou a kv\u011btinami symbolizuje rovnov\u00e1hu mezi \u017eivotem a smrt\u00ed, kr\u00e1sou a pom\u00edjivost\u00ed. Lebka \u010dasto odkazuje na smrt, memento mori a p\u0159ipom\u00edn\u00e1 k\u0159ehkost \u017eivota, zat\u00edmco kv\u011btiny symbolizuj\u00ed \u017eivot, r\u016fst a kr\u00e1su. Spojen\u00ed t\u011bchto prvk\u016f vyjad\u0159uje cykli\u010dnost existence, znovuzrozen\u00ed a p\u0159ijet\u00ed pom\u00edjivosti a z\u00e1rove\u0148 ukazuje s\u00edlu a k\u0159ehkost tv\u00e1\u0159\u00ed v tv\u00e1\u0159 nevyhnuteln\u00fdm zm\u011bn\u00e1m.<\/p>\n","protected":false},"featured_media":21060,"template":"","meta":{"_monsterinsights_skip_tracking":false,"_monsterinsights_sitenote_active":false,"_monsterinsights_sitenote_note":"","_monsterinsights_sitenote_category":0,"_kadence_starter_templates_imported_post":false,"_kad_post_transparent":"","_kad_post_title":"","_kad_post_layout":"","_kad_post_sidebar_id":"","_kad_post_content_style":"","_kad_post_vertical_padding":"","_kad_post_feature":"","_kad_post_feature_position":"","_kad_post_header":false,"_kad_post_footer":false,"_kad_post_classname":""},"product_brand":[],"product_cat":[80,77],"product_tag":[],"class_list":{"0":"post-21062","1":"product","2":"type-product","3":"status-publish","4":"has-post-thumbnail","6":"product_cat-plne-tetovani","7":"product_cat-vse","9":"first","10":"instock","11":"taxable","12":"shipping-taxable","13":"purchasable","14":"product-type-simple","15":"entry","16":"content-bg","17":"loop-entry"},"jetpack_sharing_enabled":true,"_links":{"self":[{"href":"https:\/\/herbaltattoo.eu\/cs\/wp-json\/wp\/v2\/product\/21062","targetHints":{"allow":["GET"]}}],"collection":[{"href":"https:\/\/herbaltattoo.eu\/cs\/wp-json\/wp\/v2\/product"}],"about":[{"href":"https:\/\/herbaltattoo.eu\/cs\/wp-json\/wp\/v2\/types\/product"}],"wp:featuredmedia":[{"embeddable":true,"href":"https:\/\/herbaltattoo.eu\/cs\/wp-json\/wp\/v2\/media\/21060"}],"wp:attachment":[{"href":"https:\/\/herbaltattoo.eu\/cs\/wp-json\/wp\/v2\/media?parent=21062"}],"wp:term":[{"taxonomy":"product_brand","embeddable":true,"href":"https:\/\/herbaltattoo.eu\/cs\/wp-json\/wp\/v2\/product_brand?post=21062"},{"taxonomy":"product_cat","embeddable":true,"href":"https:\/\/herbaltattoo.eu\/cs\/wp-json\/wp\/v2\/product_cat?post=21062"},{"taxonomy":"product_tag","embeddable":true,"href":"https:\/\/herbaltattoo.eu\/cs\/wp-json\/wp\/v2\/product_tag?post=21062"}],"curies":[{"name":"wp","href":"https:\/\/api.w.org\/{rel}","templated":true}]}}