{"id":21053,"date":"2025-02-13T20:20:36","date_gmt":"2025-02-13T19:20:36","guid":{"rendered":"https:\/\/herbaltattoo.eu\/produkt\/rebellious-nun\/"},"modified":"2026-02-15T18:32:42","modified_gmt":"2026-02-15T17:32:42","slug":"rebellious-nun","status":"publish","type":"product","link":"https:\/\/herbaltattoo.eu\/cs\/produkt\/rebellious-nun\/","title":{"rendered":"Rebellious nun"},"content":{"rendered":"<p>Tetov\u00e1n\u00ed s motivem vzpurn\u00e9 jepti\u0161ky m\u016f\u017ee symbolizovat odpor v\u016f\u010di norm\u00e1m a tradic\u00edm, individualismus a osvobozen\u00ed. Tento motiv \u010dasto spojuje kontrast mezi duchovnost\u00ed a svobodou a ukazuje, jak postava, kter\u00e1 by m\u011bla \u017e\u00edt podle p\u0159\u00edsn\u00fdch pravidel, vol\u00ed svou vlastn\u00ed cestu. M\u016f\u017ee vyjad\u0159ovat s\u00edlu v \u00fasil\u00ed o nez\u00e1vislost, ale tak\u00e9 vzpouru proti omezen\u00edm a spole\u010densk\u00fdm o\u010dek\u00e1v\u00e1n\u00edm.<\/p>\n","protected":false},"excerpt":{"rendered":"<p>Tetov\u00e1n\u00ed s motivem vzpurn\u00e9 jepti\u0161ky m\u016f\u017ee symbolizovat odpor v\u016f\u010di norm\u00e1m a tradic\u00edm, individualismus a osvobozen\u00ed. Tento motiv \u010dasto spojuje kontrast mezi duchovnost\u00ed a svobodou a ukazuje, jak postava, kter\u00e1 by m\u011bla \u017e\u00edt podle p\u0159\u00edsn\u00fdch pravidel, vol\u00ed svou vlastn\u00ed cestu. M\u016f\u017ee vyjad\u0159ovat s\u00edlu v \u00fasil\u00ed o nez\u00e1vislost, ale tak\u00e9 vzpouru proti omezen\u00edm a spole\u010densk\u00fdm o\u010dek\u00e1v\u00e1n\u00edm.<\/p>\n","protected":false},"featured_media":21051,"template":"","meta":{"_monsterinsights_skip_tracking":false,"_monsterinsights_sitenote_active":false,"_monsterinsights_sitenote_note":"","_monsterinsights_sitenote_category":0,"_kadence_starter_templates_imported_post":false,"_kad_post_transparent":"","_kad_post_title":"","_kad_post_layout":"","_kad_post_sidebar_id":"","_kad_post_content_style":"","_kad_post_vertical_padding":"","_kad_post_feature":"","_kad_post_feature_position":"","_kad_post_header":false,"_kad_post_footer":false,"_kad_post_classname":""},"product_brand":[],"product_cat":[80,77],"product_tag":[],"class_list":{"0":"post-21053","1":"product","2":"type-product","3":"status-publish","4":"has-post-thumbnail","6":"product_cat-plne-tetovani","7":"product_cat-vse","9":"first","10":"instock","11":"taxable","12":"shipping-taxable","13":"purchasable","14":"product-type-simple","15":"entry","16":"content-bg","17":"loop-entry"},"jetpack_sharing_enabled":true,"_links":{"self":[{"href":"https:\/\/herbaltattoo.eu\/cs\/wp-json\/wp\/v2\/product\/21053","targetHints":{"allow":["GET"]}}],"collection":[{"href":"https:\/\/herbaltattoo.eu\/cs\/wp-json\/wp\/v2\/product"}],"about":[{"href":"https:\/\/herbaltattoo.eu\/cs\/wp-json\/wp\/v2\/types\/product"}],"wp:featuredmedia":[{"embeddable":true,"href":"https:\/\/herbaltattoo.eu\/cs\/wp-json\/wp\/v2\/media\/21051"}],"wp:attachment":[{"href":"https:\/\/herbaltattoo.eu\/cs\/wp-json\/wp\/v2\/media?parent=21053"}],"wp:term":[{"taxonomy":"product_brand","embeddable":true,"href":"https:\/\/herbaltattoo.eu\/cs\/wp-json\/wp\/v2\/product_brand?post=21053"},{"taxonomy":"product_cat","embeddable":true,"href":"https:\/\/herbaltattoo.eu\/cs\/wp-json\/wp\/v2\/product_cat?post=21053"},{"taxonomy":"product_tag","embeddable":true,"href":"https:\/\/herbaltattoo.eu\/cs\/wp-json\/wp\/v2\/product_tag?post=21053"}],"curies":[{"name":"wp","href":"https:\/\/api.w.org\/{rel}","templated":true}]}}