{"id":20992,"date":"2025-04-20T11:37:31","date_gmt":"2025-04-20T09:37:31","guid":{"rendered":"https:\/\/herbaltattoo.eu\/produkt\/orel-3\/"},"modified":"2026-02-15T18:30:09","modified_gmt":"2026-02-15T17:30:09","slug":"orel-3","status":"publish","type":"product","link":"https:\/\/herbaltattoo.eu\/cs\/produkt\/orel-3\/","title":{"rendered":"Orel"},"content":{"rendered":"<p>Tetov\u00e1n\u00ed orla symbolizuje s\u00edlu, svobodu, odvahu a nez\u00e1vislost &#8211; je to majest\u00e1tn\u00ed pt\u00e1k, kter\u00fd se vzn\u00e1\u0161\u00ed nad p\u0159ek\u00e1\u017ekami, shl\u00ed\u017e\u00ed na sv\u011bt s jasnost\u00ed a jistotou, a je znamen\u00edm duchovn\u00ed s\u00edly, vnit\u0159n\u00ed svobody a neust\u00e1l\u00e9ho \u00fasil\u00ed o vy\u0161\u0161\u00ed c\u00edle.<\/p>\n","protected":false},"excerpt":{"rendered":"<p>Tetov\u00e1n\u00ed orla symbolizuje s\u00edlu, svobodu, odvahu a nez\u00e1vislost &#8211; je to majest\u00e1tn\u00ed pt\u00e1k, kter\u00fd se vzn\u00e1\u0161\u00ed nad p\u0159ek\u00e1\u017ekami, shl\u00ed\u017e\u00ed na sv\u011bt s jasnost\u00ed a jistotou, a je znamen\u00edm duchovn\u00ed s\u00edly, vnit\u0159n\u00ed svobody a neust\u00e1l\u00e9ho \u00fasil\u00ed o vy\u0161\u0161\u00ed c\u00edle.<\/p>\n","protected":false},"featured_media":20993,"template":"","meta":{"_monsterinsights_skip_tracking":false,"_monsterinsights_sitenote_active":false,"_monsterinsights_sitenote_note":"","_monsterinsights_sitenote_category":0,"_kadence_starter_templates_imported_post":false,"_kad_post_transparent":"","_kad_post_title":"","_kad_post_layout":"","_kad_post_sidebar_id":"","_kad_post_content_style":"","_kad_post_vertical_padding":"","_kad_post_feature":"","_kad_post_feature_position":"","_kad_post_header":false,"_kad_post_footer":false,"_kad_post_classname":""},"product_brand":[],"product_cat":[80,77],"product_tag":[],"class_list":{"0":"post-20992","1":"product","2":"type-product","3":"status-publish","4":"has-post-thumbnail","6":"product_cat-plne-tetovani","7":"product_cat-vse","9":"first","10":"instock","11":"taxable","12":"shipping-taxable","13":"purchasable","14":"product-type-simple","15":"entry","16":"content-bg","17":"loop-entry"},"jetpack_sharing_enabled":true,"_links":{"self":[{"href":"https:\/\/herbaltattoo.eu\/cs\/wp-json\/wp\/v2\/product\/20992","targetHints":{"allow":["GET"]}}],"collection":[{"href":"https:\/\/herbaltattoo.eu\/cs\/wp-json\/wp\/v2\/product"}],"about":[{"href":"https:\/\/herbaltattoo.eu\/cs\/wp-json\/wp\/v2\/types\/product"}],"wp:featuredmedia":[{"embeddable":true,"href":"https:\/\/herbaltattoo.eu\/cs\/wp-json\/wp\/v2\/media\/20993"}],"wp:attachment":[{"href":"https:\/\/herbaltattoo.eu\/cs\/wp-json\/wp\/v2\/media?parent=20992"}],"wp:term":[{"taxonomy":"product_brand","embeddable":true,"href":"https:\/\/herbaltattoo.eu\/cs\/wp-json\/wp\/v2\/product_brand?post=20992"},{"taxonomy":"product_cat","embeddable":true,"href":"https:\/\/herbaltattoo.eu\/cs\/wp-json\/wp\/v2\/product_cat?post=20992"},{"taxonomy":"product_tag","embeddable":true,"href":"https:\/\/herbaltattoo.eu\/cs\/wp-json\/wp\/v2\/product_tag?post=20992"}],"curies":[{"name":"wp","href":"https:\/\/api.w.org\/{rel}","templated":true}]}}