{"id":20978,"date":"2025-04-20T11:32:01","date_gmt":"2025-04-20T09:32:01","guid":{"rendered":"https:\/\/herbaltattoo.eu\/produkt\/kompas\/"},"modified":"2026-02-15T18:30:09","modified_gmt":"2026-02-15T17:30:09","slug":"kompas","status":"publish","type":"product","link":"https:\/\/herbaltattoo.eu\/cs\/produkt\/kompas\/","title":{"rendered":"Kompas"},"content":{"rendered":"<p>Tetov\u00e1n\u00ed kompasu symbolizuje nalezen\u00ed spr\u00e1vn\u00e9 \u017eivotn\u00ed cesty, vnit\u0159n\u00ed mor\u00e1ln\u00ed kompas, v\u011brnost vlastn\u00edm hodnot\u00e1m a ochranu p\u0159ed ztracenost\u00ed \u2013 je to znamen\u00ed sm\u011bru, cesty a hled\u00e1n\u00ed smyslu, kter\u00e9 p\u0159ipom\u00edn\u00e1, abychom v\u017edy \u0161li svou cestou bez ohledu na bou\u0159e a z\u00e1kruty osudu.<\/p>\n","protected":false},"excerpt":{"rendered":"<p>Tetov\u00e1n\u00ed kompasu symbolizuje nalezen\u00ed spr\u00e1vn\u00e9 \u017eivotn\u00ed cesty, vnit\u0159n\u00ed mor\u00e1ln\u00ed kompas, v\u011brnost vlastn\u00edm hodnot\u00e1m a ochranu p\u0159ed ztracenost\u00ed \u2013 je to znamen\u00ed sm\u011bru, cesty a hled\u00e1n\u00ed smyslu, kter\u00e9 p\u0159ipom\u00edn\u00e1, abychom v\u017edy \u0161li svou cestou bez ohledu na bou\u0159e a z\u00e1kruty osudu.<\/p>\n","protected":false},"featured_media":20979,"template":"","meta":{"_monsterinsights_skip_tracking":false,"_monsterinsights_sitenote_active":false,"_monsterinsights_sitenote_note":"","_monsterinsights_sitenote_category":0,"_kadence_starter_templates_imported_post":false,"_kad_post_transparent":"","_kad_post_title":"","_kad_post_layout":"","_kad_post_sidebar_id":"","_kad_post_content_style":"","_kad_post_vertical_padding":"","_kad_post_feature":"","_kad_post_feature_position":"","_kad_post_header":false,"_kad_post_footer":false,"_kad_post_classname":""},"product_brand":[],"product_cat":[80,77],"product_tag":[],"class_list":{"0":"post-20978","1":"product","2":"type-product","3":"status-publish","4":"has-post-thumbnail","6":"product_cat-plne-tetovani","7":"product_cat-vse","9":"first","10":"instock","11":"taxable","12":"shipping-taxable","13":"purchasable","14":"product-type-simple","15":"entry","16":"content-bg","17":"loop-entry"},"jetpack_sharing_enabled":true,"_links":{"self":[{"href":"https:\/\/herbaltattoo.eu\/cs\/wp-json\/wp\/v2\/product\/20978","targetHints":{"allow":["GET"]}}],"collection":[{"href":"https:\/\/herbaltattoo.eu\/cs\/wp-json\/wp\/v2\/product"}],"about":[{"href":"https:\/\/herbaltattoo.eu\/cs\/wp-json\/wp\/v2\/types\/product"}],"wp:featuredmedia":[{"embeddable":true,"href":"https:\/\/herbaltattoo.eu\/cs\/wp-json\/wp\/v2\/media\/20979"}],"wp:attachment":[{"href":"https:\/\/herbaltattoo.eu\/cs\/wp-json\/wp\/v2\/media?parent=20978"}],"wp:term":[{"taxonomy":"product_brand","embeddable":true,"href":"https:\/\/herbaltattoo.eu\/cs\/wp-json\/wp\/v2\/product_brand?post=20978"},{"taxonomy":"product_cat","embeddable":true,"href":"https:\/\/herbaltattoo.eu\/cs\/wp-json\/wp\/v2\/product_cat?post=20978"},{"taxonomy":"product_tag","embeddable":true,"href":"https:\/\/herbaltattoo.eu\/cs\/wp-json\/wp\/v2\/product_tag?post=20978"}],"curies":[{"name":"wp","href":"https:\/\/api.w.org\/{rel}","templated":true}]}}